{"id":3172,"date":"2014-07-20T11:22:54","date_gmt":"2014-07-20T09:22:54","guid":{"rendered":"https:\/\/das-matratzen-haus.de\/lp\/?page_id=3172"},"modified":"2019-08-14T16:42:47","modified_gmt":"2019-08-14T14:42:47","slug":"fachberatung","status":"publish","type":"page","link":"https:\/\/das-matratzen-haus.de\/lp\/fachberatung\/","title":{"rendered":"Fachberatung"},"content":{"rendered":"<div id='av_section_1'  class='avia-section main_color avia-section-default avia-no-shadow  avia-bg-style-scroll  avia-builder-el-0  el_before_av_section  avia-builder-el-first  wolken-unten  av-minimum-height av-minimum-height-50  container_wrap sidebar_right' style=' '   data-av_minimum_height_pc='50'><div class='container' ><main  role=\"main\" itemprop=\"mainContentOfPage\"  class='template-page content  av-content-small alpha units'><div class='post-entry post-entry-type-page post-entry-3172'><div class='entry-content-wrapper clearfix'>\n<\/div><\/div><\/main><!-- close content main element --><\/div><\/div><div id='av_section_2'  class='avia-section main_color avia-section-default avia-no-shadow  avia-bg-style-scroll  avia-builder-el-1  el_after_av_section  avia-builder-el-last  keine-wolken  container_wrap sidebar_right' style=' '  ><div class='container' ><div class='template-page content  av-content-small alpha units'><div class='post-entry post-entry-type-page post-entry-3172'><div class='entry-content-wrapper clearfix'>\n<div  style='padding-bottom:0px; ' class='av-special-heading av-special-heading-h1  blockquote modern-quote modern-centered  avia-builder-el-2  el_before_av_hr  avia-builder-el-first  '><h1 class='av-special-heading-tag '  itemprop=\"headline\"  >Professionelle Fachberatung<\/h1><div class='special-heading-border'><div class='special-heading-inner-border' ><\/div><\/div><\/div>\n<div   class='hr hr-short hr-center   avia-builder-el-3  el_after_av_heading  el_before_av_one_half '><span class='hr-inner ' ><span class='hr-inner-style'><\/span><\/span><\/div>\n<div class=\"flex_column av_one_half  flex_column_div first  avia-builder-el-4  el_after_av_hr  el_before_av_one_half  \" ><section class=\"av_textblock_section \"  itemscope=\"itemscope\" itemtype=\"https:\/\/schema.org\/CreativeWork\" ><div class='avia_textblock  '   itemprop=\"text\" ><h3>VOR JEDEM KAUF STEHT EINE GEZIELTE FACHBERATUNG AN ERSTER STELLE<\/h3>\n<p>Eigentlich ist jeder Mensch morgens  schon einmal verspannt aufgestanden, so dass er gro\u00dfen Zweifel hatte, \u00fcberhaupt eine ruhige und gesunde Nacht gehabt zu haben.<\/p>\n<p><strong>Spezialisten f\u00fcr den gesunden Schlaf wissen<\/strong> \u2013 der Schlaf allein reicht f\u00fcr die regelm\u00e4\u00dfige Entspannung &amp; Erholung des K\u00f6rpers oft nicht aus sowie dass der Schlaf verschiedene Qualit\u00e4t haben kann.<\/p>\n<p><strong>Ihr Fachberater f\u00fcr:<\/strong> Matratzen, Lattenroste, Schlafsysteme, <a title=\"Boxspringbetten f\u00fcr M\u00fcnchen\" href=\"https:\/\/das-matratzen-haus.de\/lp\/boxspringbetten-muenchen\/\">Boxspringbetten<\/a>, Pflegebetten, Bettgestelle und Bettwaren.<\/p>\n<\/div><\/section><\/div><div class=\"flex_column av_one_half  flex_column_div   avia-builder-el-6  el_after_av_one_half  el_before_av_one_half  \" ><div  class='avia-image-container  av-styling-    avia-builder-el-7  avia-builder-el-no-sibling  avia-align-center '  itemprop=\"image\" itemscope=\"itemscope\" itemtype=\"https:\/\/schema.org\/ImageObject\"  ><div class='avia-image-container-inner'><div class='avia-image-overlay-wrap'><img class='wp-image-5229 avia-img-lazy-loading-not-5229 avia_image' src=\"https:\/\/das-matratzen-haus.de\/lp\/wp-content\/uploads\/MatruBettenhaus_Maerz19_0548-1030x736.jpg\" alt='Frau Tanja Dressel-Marquart Inhaberin von \u201eDas Matratzen &amp; Betten Haus\u201c' title='Frau Tanja Dressel-Marquart Inhaberin von \u201eDas Matratzen &amp; Betten Haus\u201c | MatruBettenhaus_Maerz19_0548' height=\"736\" width=\"1030\"  itemprop=\"thumbnailUrl\" srcset=\"https:\/\/das-matratzen-haus.de\/lp\/wp-content\/uploads\/MatruBettenhaus_Maerz19_0548-1030x736.jpg 1030w, https:\/\/das-matratzen-haus.de\/lp\/wp-content\/uploads\/MatruBettenhaus_Maerz19_0548-300x214.jpg 300w, https:\/\/das-matratzen-haus.de\/lp\/wp-content\/uploads\/MatruBettenhaus_Maerz19_0548-600x429.jpg 600w, https:\/\/das-matratzen-haus.de\/lp\/wp-content\/uploads\/MatruBettenhaus_Maerz19_0548-768x549.jpg 768w, https:\/\/das-matratzen-haus.de\/lp\/wp-content\/uploads\/MatruBettenhaus_Maerz19_0548-1500x1072.jpg 1500w, https:\/\/das-matratzen-haus.de\/lp\/wp-content\/uploads\/MatruBettenhaus_Maerz19_0548-495x354.jpg 495w, https:\/\/das-matratzen-haus.de\/lp\/wp-content\/uploads\/MatruBettenhaus_Maerz19_0548-260x185.jpg 260w, https:\/\/das-matratzen-haus.de\/lp\/wp-content\/uploads\/MatruBettenhaus_Maerz19_0548-705x504.jpg 705w, https:\/\/das-matratzen-haus.de\/lp\/wp-content\/uploads\/MatruBettenhaus_Maerz19_0548-180x129.jpg 180w, https:\/\/das-matratzen-haus.de\/lp\/wp-content\/uploads\/MatruBettenhaus_Maerz19_0548.jpg 1600w\" sizes=\"(max-width: 1030px) 100vw, 1030px\" \/><\/div><\/div><\/div><\/div><div class=\"flex_column av_one_half  flex_column_div first  avia-builder-el-8  el_after_av_one_half  el_before_av_one_half  column-top-margin\" ><section class=\"av_textblock_section \"  itemscope=\"itemscope\" itemtype=\"https:\/\/schema.org\/CreativeWork\" ><div class='avia_textblock  '   itemprop=\"text\" ><h3>FACHBERATUNG DURCH ERFAHRENE UND AUSGEBILDETE SCHLAFBERATER<\/h3>\n<p>Die optimale Auswahl von Matratze, Lattenrost oder einem Bettsystem stimmen wir gezielt und pers\u00f6nlich auf Sie ab. Mit unserer hohen Fachkompetenz und Analysetechnik k\u00f6nnen wir Ihr Liegeverhalten auf der Matratze ermitteln.<\/p>\n<p>Die sorgf\u00e4ltige Analyse \/ Auswahl des optimalen H\u00e4rtegrades einer Matratze und den passenden Lattenrost ist hierbei absolut entscheidend f\u00fcr die optimale Wirbels\u00e4ulenentlastung des Schl\u00e4fers.<\/p>\n<\/div><\/section><\/div><div class=\"flex_column av_one_half  flex_column_div   avia-builder-el-10  el_after_av_one_half  avia-builder-el-last  column-top-margin\" ><div  class='avia-image-container  av-styling-    avia-builder-el-11  avia-builder-el-no-sibling  avia-align-center '  itemprop=\"image\" itemscope=\"itemscope\" itemtype=\"https:\/\/schema.org\/ImageObject\"  ><div class='avia-image-container-inner'><div class='avia-image-overlay-wrap'><img class='wp-image-5232 avia-img-lazy-loading-not-5232 avia_image' src=\"https:\/\/das-matratzen-haus.de\/lp\/wp-content\/uploads\/MatruBettenhaus_Maerz19_0697-687x1030.jpg\" alt='' title='MatruBettenhaus_Maerz19_0697' height=\"1030\" width=\"687\"  itemprop=\"thumbnailUrl\" srcset=\"https:\/\/das-matratzen-haus.de\/lp\/wp-content\/uploads\/MatruBettenhaus_Maerz19_0697-687x1030.jpg 687w, https:\/\/das-matratzen-haus.de\/lp\/wp-content\/uploads\/MatruBettenhaus_Maerz19_0697-300x450.jpg 300w, https:\/\/das-matratzen-haus.de\/lp\/wp-content\/uploads\/MatruBettenhaus_Maerz19_0697-600x900.jpg 600w, https:\/\/das-matratzen-haus.de\/lp\/wp-content\/uploads\/MatruBettenhaus_Maerz19_0697-200x300.jpg 200w, https:\/\/das-matratzen-haus.de\/lp\/wp-content\/uploads\/MatruBettenhaus_Maerz19_0697-768x1152.jpg 768w, https:\/\/das-matratzen-haus.de\/lp\/wp-content\/uploads\/MatruBettenhaus_Maerz19_0697-1000x1500.jpg 1000w, https:\/\/das-matratzen-haus.de\/lp\/wp-content\/uploads\/MatruBettenhaus_Maerz19_0697-495x742.jpg 495w, https:\/\/das-matratzen-haus.de\/lp\/wp-content\/uploads\/MatruBettenhaus_Maerz19_0697-470x705.jpg 470w, https:\/\/das-matratzen-haus.de\/lp\/wp-content\/uploads\/MatruBettenhaus_Maerz19_0697-120x180.jpg 120w, https:\/\/das-matratzen-haus.de\/lp\/wp-content\/uploads\/MatruBettenhaus_Maerz19_0697.jpg 1067w\" sizes=\"(max-width: 687px) 100vw, 687px\" \/><\/div><\/div><\/div><\/div><\/div><\/div><\/div><!-- close content main div --><\/div><\/div><div id='after_section_2'  class='main_color av_default_container_wrap container_wrap sidebar_right' style=' '  ><div class='container' ><div class='template-page content  av-content-small alpha units'><div class='post-entry post-entry-type-page post-entry-3172'><div class='entry-content-wrapper clearfix'>\n","protected":false},"excerpt":{"rendered":"","protected":false},"author":15,"featured_media":0,"parent":0,"menu_order":41,"comment_status":"closed","ping_status":"closed","template":"","meta":{"_links_to":"","_links_to_target":""},"yoast_head":"<!-- This site is optimized with the Yoast SEO plugin v16.0.2 - https:\/\/yoast.com\/wordpress\/plugins\/seo\/ -->\n<title>Fachberatung f\u00fcr Matratzen \/ Betten und den gesunden Schlaf<\/title>\n<meta name=\"description\" content=\"Fachberatung f\u00fcr Matratzen und Betten durch erfahrene und ausgebildete Schlafberater und Physiotherapeuten. Unser Ziel ist, dass sie gesund schlafen.\" \/>\n<link rel=\"canonical\" href=\"https:\/\/das-matratzen-haus.de\/lp\/fachberatung\/\" \/>\n<meta property=\"og:locale\" content=\"de_DE\" \/>\n<meta property=\"og:type\" content=\"article\" \/>\n<meta property=\"og:title\" content=\"Fachberatung f\u00fcr Matratzen \/ Betten und den gesunden Schlaf\" \/>\n<meta property=\"og:description\" content=\"Fachberatung f\u00fcr Matratzen und Betten durch erfahrene und ausgebildete Schlafberater und Physiotherapeuten. Unser Ziel ist, dass sie gesund schlafen.\" \/>\n<meta property=\"og:url\" content=\"https:\/\/das-matratzen-haus.de\/lp\/fachberatung\/\" \/>\n<meta property=\"og:site_name\" content=\"Matratzen- und Bettenhaus M\u00fcnchen\" \/>\n<meta property=\"article:publisher\" content=\"https:\/\/www.facebook.com\/dasmatratzenbettenhausmuenchen\/\" \/>\n<meta property=\"article:modified_time\" content=\"2019-08-14T14:42:47+00:00\" \/>\n<meta name=\"twitter:card\" content=\"summary\" \/>\n<meta name=\"twitter:label1\" content=\"Gesch\u00e4tzte Lesezeit\">\n\t<meta name=\"twitter:data1\" content=\"3\u00a0Minuten\">\n<script type=\"application\/ld+json\" class=\"yoast-schema-graph\">{\"@context\":\"https:\/\/schema.org\",\"@graph\":[{\"@type\":\"WebSite\",\"@id\":\"https:\/\/das-matratzen-haus.de\/lp\/#website\",\"url\":\"https:\/\/das-matratzen-haus.de\/lp\/\",\"name\":\"Matratzen- und Bettenhaus M\\u00fcnchen\",\"description\":\"\",\"potentialAction\":[{\"@type\":\"SearchAction\",\"target\":\"https:\/\/das-matratzen-haus.de\/lp\/?s={search_term_string}\",\"query-input\":\"required name=search_term_string\"}],\"inLanguage\":\"de\"},{\"@type\":\"WebPage\",\"@id\":\"https:\/\/das-matratzen-haus.de\/lp\/fachberatung\/#webpage\",\"url\":\"https:\/\/das-matratzen-haus.de\/lp\/fachberatung\/\",\"name\":\"Fachberatung f\\u00fcr Matratzen \/ Betten und den gesunden Schlaf\",\"isPartOf\":{\"@id\":\"https:\/\/das-matratzen-haus.de\/lp\/#website\"},\"datePublished\":\"2014-07-20T09:22:54+00:00\",\"dateModified\":\"2019-08-14T14:42:47+00:00\",\"description\":\"Fachberatung f\\u00fcr Matratzen und Betten durch erfahrene und ausgebildete Schlafberater und Physiotherapeuten. Unser Ziel ist, dass sie gesund schlafen.\",\"breadcrumb\":{\"@id\":\"https:\/\/das-matratzen-haus.de\/lp\/fachberatung\/#breadcrumb\"},\"inLanguage\":\"de\",\"potentialAction\":[{\"@type\":\"ReadAction\",\"target\":[\"https:\/\/das-matratzen-haus.de\/lp\/fachberatung\/\"]}]},{\"@type\":\"BreadcrumbList\",\"@id\":\"https:\/\/das-matratzen-haus.de\/lp\/fachberatung\/#breadcrumb\",\"itemListElement\":[{\"@type\":\"ListItem\",\"position\":1,\"item\":{\"@type\":\"WebPage\",\"@id\":\"https:\/\/das-matratzen-haus.de\/lp\/\",\"url\":\"https:\/\/das-matratzen-haus.de\/lp\/\",\"name\":\"Startseite\"}},{\"@type\":\"ListItem\",\"position\":2,\"item\":{\"@type\":\"WebPage\",\"@id\":\"https:\/\/das-matratzen-haus.de\/lp\/fachberatung\/\",\"url\":\"https:\/\/das-matratzen-haus.de\/lp\/fachberatung\/\",\"name\":\"Fachberatung\"}}]}]}<\/script>\n<!-- \/ Yoast SEO plugin. -->","_links":{"self":[{"href":"https:\/\/das-matratzen-haus.de\/lp\/wp-json\/wp\/v2\/pages\/3172"}],"collection":[{"href":"https:\/\/das-matratzen-haus.de\/lp\/wp-json\/wp\/v2\/pages"}],"about":[{"href":"https:\/\/das-matratzen-haus.de\/lp\/wp-json\/wp\/v2\/types\/page"}],"author":[{"embeddable":true,"href":"https:\/\/das-matratzen-haus.de\/lp\/wp-json\/wp\/v2\/users\/15"}],"replies":[{"embeddable":true,"href":"https:\/\/das-matratzen-haus.de\/lp\/wp-json\/wp\/v2\/comments?post=3172"}],"version-history":[{"count":29,"href":"https:\/\/das-matratzen-haus.de\/lp\/wp-json\/wp\/v2\/pages\/3172\/revisions"}],"predecessor-version":[{"id":5608,"href":"https:\/\/das-matratzen-haus.de\/lp\/wp-json\/wp\/v2\/pages\/3172\/revisions\/5608"}],"wp:attachment":[{"href":"https:\/\/das-matratzen-haus.de\/lp\/wp-json\/wp\/v2\/media?parent=3172"}],"curies":[{"name":"wp","href":"https:\/\/api.w.org\/{rel}","templated":true}]}}