{"id":3876,"date":"2016-01-13T19:39:53","date_gmt":"2016-01-13T17:39:53","guid":{"rendered":"https:\/\/das-matratzen-haus.de\/lp\/?page_id=3876"},"modified":"2018-02-21T14:19:23","modified_gmt":"2018-02-21T12:19:23","slug":"rueckenschmerzen-muenchen","status":"publish","type":"page","link":"https:\/\/das-matratzen-haus.de\/lp\/rueckenschmerzen-muenchen\/","title":{"rendered":"R\u00fcckenschmerzen M\u00fcnchen"},"content":{"rendered":"<h2>Liebe M\u00fcnchener, Sie m\u00f6chten ohne R\u00fcckenschmerzen schlafen?<\/h2>\n<p>R\u00fcckenschmerzen sind eine Volkskrankheit. Sehr oft ist fehlende Bewegung die Ursache. Manche Menschen haben aber einfach nur das falsche Bett. Unser Tipp: gehen Sie zuerst zu Ihrem Hausarzt und lassen sich beraten. Nat\u00fcrlich empfiehlt sich aber auch der Besuch eines Fachberaters f\u00fcr Matratzen. Denn mit dem passenden Produkt f\u00fcr Ihren R\u00fccken schlafen Sie besser. Geben Sie Ihrem R\u00fccken die Chance auf Entspannung w\u00e4hrend des Schlafes. Im Matratzen- und Bettenhaus in M\u00fcnchen erhalten Sie dazu eine kompetente Beratung und die passenden hochwertigen Produkte.<\/p>\n<p>Gehen Sie gegen Ihre R\u00fcckenschmerzen aktiv mit viel Bewegung und etwas gezieltem Sport an. Achten Sie auch auf gesunde Matratzen! Diese Produkte geben Ihrem Nacken und Ihrer Wirbels\u00e4ule Halt und Entspannung. Mit unseren Erfahrungen und unserem physiotherapeutischen medizinischem Wissen sind wir an Ihrer Seite in M\u00fcnchen und Umgebung.<\/p>\n<h3>R\u00fcckenschmerzen sind heute schon eine Zivilisationskrankheit<\/h3>\n<p>Nutzen Sie unsere ideale Auswahl an Produkten f\u00fcr den gesunden Schlaf in M\u00fcnchen:<\/p>\n<ul>\n<li>Schlafsystemen \u2013 zum Beispiel mit dem Iflex System<\/li>\n<li><a title=\"Matratzen\" href=\"https:\/\/das-matratzen-haus.de\/lp\/pf\/matratzen\/\">Matratzen <\/a>verschiedener Arten<\/li>\n<li>Lattenrostsysteme, zum Beispiel von Lattoflex oder Swissflex<\/li>\n<li><a title=\"Wasserbetten M\u00fcnchen\" href=\"https:\/\/das-matratzen-haus.de\/lp\/produkte\/wasserbetten-muenchen\/\">Wasserbetten <\/a>f\u00fcr perfekte Ergonomie<\/li>\n<li>Luxusgef\u00fchl mit Boxspringbetten<\/li>\n<li>Hochfunktionale Bettgestelle<\/li>\n<li>Pflegebetten f\u00fcr den gehobenen Anspruch<\/li>\n<\/ul>\n<p>Wir pr\u00e4sentieren Ihnen hier in unserem Bettenhaus in M\u00fcnchen hochwertige Produkte, die perfekt f\u00fcr ein gesundes Schlafen sind. Empfehlenswert sind zum Beispiel die Tempur-Technologie im Bereich Viscoschaum oder die Rummel-Matratzen im Bereich Federkernmatratzen gegen R\u00fcckenschmerz nach dem Aufstehen. Jeder unserer M\u00fcnchener Kunden kann so genau nach seinen Schlafbed\u00fcrfnissen und auch bei Problemen mit R\u00fcckenschmerzen sehr individuell und punktgenau beraten werden.<\/p>\n<p>Wir finden f\u00fcr Sie heraus, welche Matratze in Kombination mit einem Lattenrostsystem f\u00fcr Sie perfekt passt. F\u00fcr viele Produkte in unserem Angebot wie zum Beispiel Rummel-Matratzen oder Tempur-Produkte sind wir zertifizierter Fachh\u00e4ndler in M\u00fcnchen. Genie\u00dfen Sie druckentlastende Technologien und hochwertige Qualit\u00e4ten. Und gewinnen Sie ein \u00fcberraschend neues Schlafgef\u00fchl in Ihrem neuen Bett.<\/p>\n<h3>R\u00fcckenschmerzen r\u00fchren oft von Verspannungen der Muskulatur her.<\/h3>\n<p>Wir m\u00f6chten Ihnen gern in unserem M\u00fcnchener Matratzenhaus die Marke Tempur vorstellen. Tempurmatratzen sind bei vielen M\u00fcnchenern sehr beliebt, denn Sie bieten sehr gute Produkteigenschaften. Eine optimale Druckentlastung wird durch perfekte Anpassung des Materials an die Form Ihres K\u00f6rpers erreicht. Weithin begeistert die Marke, nicht nur in M\u00fcnchen, mit einer ganz neuentwickelten Technologie, die auch Ged\u00e4chtnisschaum genannt wird. Dieses besondere Polymer, welches sich jede Form genau merkt, wurde in den 70er Jahren des letzten Jahrhunderts f\u00fcr die Anspr\u00fcche von Astronauten von der NASA entwickelt. Ein Pluspunkt f\u00fcr Schmerzgeplagte: Diese Technologie wurde wegen ihrer Kosten lange erst in Krankenh\u00e4usern oder f\u00fcr andere medizinische Zwecke eingesetzt. Erst seit 1991 wird das Material f\u00fcr den Endverbrauchermarkt in Serie gefertigt.<\/p>\n<h3>R\u00fcckenschmerzen? Oft hilft eine Mischung von Sport, Aktivit\u00e4t und einer guten Schlafunterlage!<\/h3>\n<p>Genie\u00dfen Sie optimale Produkteigenschaften: Die viscoelastische Matratze von Tempur ist offenzellig und thermoaktiv, das hei\u00dft Ihr K\u00f6per wird nicht nur optimal entlastet, er bekommt auch ein ideales Feuchtigkeitsreguliertes Schlafklima in stets angenehmer Temperatur. Besonders an den Schwachstellen Ihres K\u00f6rpers wie im H\u00fcftbereich, an den Schultern und den Ans\u00e4tzen der Arme und im Nacken-Hals-Bereich unterst\u00fctzt Sie die Matratze. Ihr K\u00f6rper wird besser durchblutet, sie schlafen viel ruhiger und drehen sich automatisch nicht mehr unruhig im Schlaf hin und her. Tempur kommt deshalb besonders in unserem Produktbereich Pflegebetten in <a href=\"https:\/\/de.wikipedia.org\/wiki\/M\u00fcnchen\" target=\"_blank\" rel=\"noopener\">M\u00fcnchen<\/a> und Umgebung zum Einsatz!<\/p>\n<p><strong>Informieren Sie sich \u00fcber unser weiteres Produktprogramm im Matratzen und Bettenhaus M\u00fcnchen!<\/strong><\/p>\n<p>&nbsp;<\/p>\n","protected":false},"excerpt":{"rendered":"<p>Liebe M\u00fcnchener, Sie m\u00f6chten ohne R\u00fcckenschmerzen schlafen? R\u00fcckenschmerzen sind eine Volkskrankheit. Sehr oft ist fehlende Bewegung die Ursache. Manche Menschen haben aber einfach nur das&hellip;<\/p>\n","protected":false},"author":15,"featured_media":0,"parent":0,"menu_order":72,"comment_status":"closed","ping_status":"closed","template":"","meta":{"_links_to":"","_links_to_target":""},"yoast_head":"<!-- This site is optimized with the Yoast SEO plugin v16.0.2 - https:\/\/yoast.com\/wordpress\/plugins\/seo\/ -->\n<title>R\u00fcckenschmerzen M\u00fcnchen - Hilfe vom Schlafberater<\/title>\n<meta name=\"description\" content=\"R\u00fcckenschmerzen? Zur Unterst\u00fctzung Ihres Aktivprogramms erhalten Sie eine kompetente Schlafberatung und die richtige Matratze in unserem Fachgesch\u00e4ft.\" \/>\n<link rel=\"canonical\" href=\"https:\/\/das-matratzen-haus.de\/lp\/rueckenschmerzen-muenchen\/\" \/>\n<meta property=\"og:locale\" content=\"de_DE\" \/>\n<meta property=\"og:type\" content=\"article\" \/>\n<meta property=\"og:title\" content=\"R\u00fcckenschmerzen M\u00fcnchen - Hilfe vom Schlafberater\" \/>\n<meta property=\"og:description\" content=\"R\u00fcckenschmerzen? Zur Unterst\u00fctzung Ihres Aktivprogramms erhalten Sie eine kompetente Schlafberatung und die richtige Matratze in unserem Fachgesch\u00e4ft.\" \/>\n<meta property=\"og:url\" content=\"https:\/\/das-matratzen-haus.de\/lp\/rueckenschmerzen-muenchen\/\" \/>\n<meta property=\"og:site_name\" content=\"Matratzen- und Bettenhaus M\u00fcnchen\" \/>\n<meta property=\"article:publisher\" content=\"https:\/\/www.facebook.com\/dasmatratzenbettenhausmuenchen\/\" \/>\n<meta property=\"article:modified_time\" content=\"2018-02-21T12:19:23+00:00\" \/>\n<meta name=\"twitter:card\" content=\"summary\" \/>\n<meta name=\"twitter:label1\" content=\"Gesch\u00e4tzte Lesezeit\">\n\t<meta name=\"twitter:data1\" content=\"3\u00a0Minuten\">\n<script type=\"application\/ld+json\" class=\"yoast-schema-graph\">{\"@context\":\"https:\/\/schema.org\",\"@graph\":[{\"@type\":\"WebSite\",\"@id\":\"https:\/\/das-matratzen-haus.de\/lp\/#website\",\"url\":\"https:\/\/das-matratzen-haus.de\/lp\/\",\"name\":\"Matratzen- und Bettenhaus M\\u00fcnchen\",\"description\":\"\",\"potentialAction\":[{\"@type\":\"SearchAction\",\"target\":\"https:\/\/das-matratzen-haus.de\/lp\/?s={search_term_string}\",\"query-input\":\"required name=search_term_string\"}],\"inLanguage\":\"de\"},{\"@type\":\"WebPage\",\"@id\":\"https:\/\/das-matratzen-haus.de\/lp\/rueckenschmerzen-muenchen\/#webpage\",\"url\":\"https:\/\/das-matratzen-haus.de\/lp\/rueckenschmerzen-muenchen\/\",\"name\":\"R\\u00fcckenschmerzen M\\u00fcnchen - Hilfe vom Schlafberater\",\"isPartOf\":{\"@id\":\"https:\/\/das-matratzen-haus.de\/lp\/#website\"},\"datePublished\":\"2016-01-13T17:39:53+00:00\",\"dateModified\":\"2018-02-21T12:19:23+00:00\",\"description\":\"R\\u00fcckenschmerzen? Zur Unterst\\u00fctzung Ihres Aktivprogramms erhalten Sie eine kompetente Schlafberatung und die richtige Matratze in unserem Fachgesch\\u00e4ft.\",\"breadcrumb\":{\"@id\":\"https:\/\/das-matratzen-haus.de\/lp\/rueckenschmerzen-muenchen\/#breadcrumb\"},\"inLanguage\":\"de\",\"potentialAction\":[{\"@type\":\"ReadAction\",\"target\":[\"https:\/\/das-matratzen-haus.de\/lp\/rueckenschmerzen-muenchen\/\"]}]},{\"@type\":\"BreadcrumbList\",\"@id\":\"https:\/\/das-matratzen-haus.de\/lp\/rueckenschmerzen-muenchen\/#breadcrumb\",\"itemListElement\":[{\"@type\":\"ListItem\",\"position\":1,\"item\":{\"@type\":\"WebPage\",\"@id\":\"https:\/\/das-matratzen-haus.de\/lp\/\",\"url\":\"https:\/\/das-matratzen-haus.de\/lp\/\",\"name\":\"Startseite\"}},{\"@type\":\"ListItem\",\"position\":2,\"item\":{\"@type\":\"WebPage\",\"@id\":\"https:\/\/das-matratzen-haus.de\/lp\/rueckenschmerzen-muenchen\/\",\"url\":\"https:\/\/das-matratzen-haus.de\/lp\/rueckenschmerzen-muenchen\/\",\"name\":\"R\\u00fcckenschmerzen M\\u00fcnchen\"}}]}]}<\/script>\n<!-- \/ Yoast SEO plugin. -->","_links":{"self":[{"href":"https:\/\/das-matratzen-haus.de\/lp\/wp-json\/wp\/v2\/pages\/3876"}],"collection":[{"href":"https:\/\/das-matratzen-haus.de\/lp\/wp-json\/wp\/v2\/pages"}],"about":[{"href":"https:\/\/das-matratzen-haus.de\/lp\/wp-json\/wp\/v2\/types\/page"}],"author":[{"embeddable":true,"href":"https:\/\/das-matratzen-haus.de\/lp\/wp-json\/wp\/v2\/users\/15"}],"replies":[{"embeddable":true,"href":"https:\/\/das-matratzen-haus.de\/lp\/wp-json\/wp\/v2\/comments?post=3876"}],"version-history":[{"count":5,"href":"https:\/\/das-matratzen-haus.de\/lp\/wp-json\/wp\/v2\/pages\/3876\/revisions"}],"predecessor-version":[{"id":4736,"href":"https:\/\/das-matratzen-haus.de\/lp\/wp-json\/wp\/v2\/pages\/3876\/revisions\/4736"}],"wp:attachment":[{"href":"https:\/\/das-matratzen-haus.de\/lp\/wp-json\/wp\/v2\/media?parent=3876"}],"curies":[{"name":"wp","href":"https:\/\/api.w.org\/{rel}","templated":true}]}}