{"id":3930,"date":"2016-04-30T07:15:12","date_gmt":"2016-04-30T05:15:12","guid":{"rendered":"https:\/\/das-matratzen-haus.de\/lp\/?page_id=3930"},"modified":"2017-08-14T13:17:12","modified_gmt":"2017-08-14T11:17:12","slug":"schlafberatung-muenchen","status":"publish","type":"page","link":"https:\/\/das-matratzen-haus.de\/lp\/schlafberatung-muenchen\/","title":{"rendered":"Schlafberatung M\u00fcnchen"},"content":{"rendered":"<h1>Schlafberatung f\u00fcr M\u00fcnchen und Umgebung<\/h1>\n<h2>Sie suchen die beste Beratung zum Thema Schlafen in M\u00fcnchen? Wir bieten Ihnen die besten Produkte f\u00fcr Ihren gesunden Schlaf.<\/h2>\n<p><img loading=\"lazy\" class=\"alignnone size-full wp-image-4311\" src=\"https:\/\/das-matratzen-haus.de\/lp\/wp-content\/uploads\/betten-matratzen-beratung.jpg\" alt=\"\" width=\"1020\" height=\"277\" \/><\/p>\n<p>Wir freuen uns, dass Sie sich f\u00fcr die Schlafberatung im <strong>Matratzen- und Bettenhaus M\u00fcnchen<\/strong> interessieren. Genie\u00dfen Sie unsere Beratung, die bei Ihnen pers\u00f6nlich anf\u00e4ngt. Wir m\u00f6chten, dass Ihre neue Matratze genau auf Ihren K\u00f6rper und Ihre Schlafgewohnheiten passt und Sie bei einem gesunden Schlafverhalten unterst\u00fctzt. Dazu bieten wir Ihnen die passenden Produkte an:<\/p>\n<ul>\n<li><a title=\"Schlafsysteme\" href=\"https:\/\/das-matratzen-haus.de\/lp\/pf\/schlafsysteme\/\">Schlafsysteme<\/a><\/li>\n<li><a href=\"https:\/\/das-matratzen-haus.de\/lp\/pf\/matratzen\/\">Matratzen<\/a><\/li>\n<li><a title=\"Lattenroste M\u00fcnchen\" href=\"https:\/\/das-matratzen-haus.de\/lp\/lattenroste-muenchen\/\">Lattenroste<\/a><\/li>\n<li>Wasserbetten<\/li>\n<li><a title=\"Boxspringbetten M\u00fcnchen\" href=\"https:\/\/das-matratzen-haus.de\/lp\/fachberatung\/boxspringbetten-muenchen\/\">Boxspringbetten<\/a><\/li>\n<\/ul>\n<p>Nat\u00fcrlich bieten wir Ihnen auch eine sehr gute Schlafberatung, wenn es um das Thema Pflegebetten geht. Neben unserer zertifizierten Schlafberatung bieten wir Ihnen auch ein reichhaltiges Angebot an Bettwaren und zum Beispiel das passende Schranksystem f\u00fcr Ihr neues Schlafzimmer hier in M\u00fcnchen.<\/p>\n<h3>Was kommt vor dem Kauf? Die Fachberatung zum Thema Gesunder Schlaf f\u00fcr K\u00f6rper und Geist.<\/h3>\n<p>Entspannt und ausgeruht aufstehen und in den Schlaf starten. F\u00fcr viele Menschen in und um M\u00fcnchen ist das leider nur eine Wunschvorstellung. Das Ziel unserer Schlafberatung ist es, mit unseren Produkten auf Dauer f\u00fcr eine m\u00f6glichst gute Entlastung Ihrer Wirbels\u00e4ule zu sorgen. Dazu bieten wir Ihnen eine zertifizierte Schlafberatung, die auch auf berufliche Erfahrung aus der Physiotherapie zur\u00fcckgreift. Diese Fachkompetenz verbinden wir mit einem computergest\u00fctzten Analysesystem. Wir m\u00f6chten Menschen durch Pr\u00e4vention und durch optimal angepasste Produkte helfen, den so wichtigen erholsamen Schlaf zu finden.<\/p>\n<h3><strong>Schlafberatung M\u00fcnchen ist ein Service, der Ihren Matratzen- und Bettenkauf effektiver gestaltet <\/strong><\/h3>\n<p>Nutzen Sie den Service eines zertifizierten M\u00fcnchener Premiumgesch\u00e4fts der Aktion Gesunder R\u00fccken (AGR). Wir suchen mit hoher Fachkenntnis nach m\u00f6glichen L\u00f6sungen f\u00fcr Ihr Schlafproblem. Dabei k\u00f6nnen Sie Ihren Matratzen- und Bettenkauf mit hoher Effektivit\u00e4t gestalten. Und so gehen Sie vor: Vereinbaren Sie mit uns in M\u00fcnchen einen Termin f\u00fcr eine computergest\u00fctzte Liegeanalyse. Aufgrund dieser Daten empfehlen wir Ihnen in unserer Schlafberatung bestimmte Matratzen oder Bettentypen, die Ihren f\u00fcr Sie pers\u00f6nlich einen gesunden Schlaf garantieren k\u00f6nnen. So k\u00f6nnen wir von Anfang an Sie zielf\u00fchrend beraten und die Suche eingrenzen. Sie sparen Zeit und gewinnen Sicherheit beim Kauf.<\/p>\n<h3>Matratzen und Betten f\u00fcr den Raum M\u00fcnchen. Wir achten auf Qualit\u00e4t<\/h3>\n<p>Nach Ihrer erfolgreichen Schlafberatung k\u00f6nnen Sie sich f\u00fcr Ihr neues Bett entscheiden. Wir m\u00f6chten Ihnen eine hohe Qualit\u00e4t bieten. Das Bett soll allen Anspr\u00fcchen an Funktionalit\u00e4t und Bequemlichkeit gen\u00fcgen. Gern empfehlen wir Ihnen ergonomische Bettsysteme, Wasserbetten, luxuri\u00f6se Boxspringbetten oder hochfunktionale Pflegebetten. Dazu bieten wir Ihnen moderne Bettwaren mit hochwertigen Materialien und sch\u00f6nen Designs. Genie\u00dfen Sie den vollen Service eines Matratzen- und Bettenhauses mit einer hervorragenden Schlafberatung. Gern nehmen wir uns gen\u00fcgend Zeit f\u00fcr Sie, um das Risikos eines Fehlkaufs zu mindern. Verlassen Sie unser Matratzen- und Bettenhaus in <a href=\"https:\/\/de.wikipedia.org\/wiki\/M\u00fcnchen\" target=\"_blank\" rel=\"noopener\">M\u00fcnchen<\/a> mit dem guten Gef\u00fchl, sich f\u00fcr das richtige Produkt entschieden zu haben.<\/p>\n","protected":false},"excerpt":{"rendered":"<p>Schlafberatung f\u00fcr M\u00fcnchen und Umgebung Sie suchen die beste Beratung zum Thema Schlafen in M\u00fcnchen? Wir bieten Ihnen die besten Produkte f\u00fcr Ihren gesunden Schlaf.&hellip;<\/p>\n","protected":false},"author":15,"featured_media":0,"parent":0,"menu_order":74,"comment_status":"closed","ping_status":"closed","template":"","meta":{"_links_to":"","_links_to_target":""},"yoast_head":"<!-- This site is optimized with the Yoast SEO plugin v16.0.2 - https:\/\/yoast.com\/wordpress\/plugins\/seo\/ -->\n<title>Schlafberatung M\u00fcnchen - Ihre Experten vom Matratzen- und Bettenhaus<\/title>\n<meta name=\"description\" content=\"Schlafberatung M\u00fcnchen? Entspannt und ausgeruht aufstehen und in den Schlaf starten. Lassen Sie sich vom Fachmann f\u00fcr Matratzen und Liegesysteme beraten.\" \/>\n<link rel=\"canonical\" href=\"https:\/\/das-matratzen-haus.de\/lp\/schlafberatung-muenchen\/\" \/>\n<meta property=\"og:locale\" content=\"de_DE\" \/>\n<meta property=\"og:type\" content=\"article\" \/>\n<meta property=\"og:title\" content=\"Schlafberatung M\u00fcnchen - Ihre Experten vom Matratzen- und Bettenhaus\" \/>\n<meta property=\"og:description\" content=\"Schlafberatung M\u00fcnchen? Entspannt und ausgeruht aufstehen und in den Schlaf starten. Lassen Sie sich vom Fachmann f\u00fcr Matratzen und Liegesysteme beraten.\" \/>\n<meta property=\"og:url\" content=\"https:\/\/das-matratzen-haus.de\/lp\/schlafberatung-muenchen\/\" \/>\n<meta property=\"og:site_name\" content=\"Matratzen- und Bettenhaus M\u00fcnchen\" \/>\n<meta property=\"article:publisher\" content=\"https:\/\/www.facebook.com\/dasmatratzenbettenhausmuenchen\/\" \/>\n<meta property=\"article:modified_time\" content=\"2017-08-14T11:17:12+00:00\" \/>\n<meta property=\"og:image\" content=\"https:\/\/das-matratzen-haus.de\/lp\/wp-content\/uploads\/betten-matratzen-beratung.jpg\" \/>\n<meta name=\"twitter:card\" content=\"summary\" \/>\n<meta name=\"twitter:label1\" content=\"Gesch\u00e4tzte Lesezeit\">\n\t<meta name=\"twitter:data1\" content=\"3\u00a0Minuten\">\n<script type=\"application\/ld+json\" class=\"yoast-schema-graph\">{\"@context\":\"https:\/\/schema.org\",\"@graph\":[{\"@type\":\"WebSite\",\"@id\":\"https:\/\/das-matratzen-haus.de\/lp\/#website\",\"url\":\"https:\/\/das-matratzen-haus.de\/lp\/\",\"name\":\"Matratzen- und Bettenhaus M\\u00fcnchen\",\"description\":\"\",\"potentialAction\":[{\"@type\":\"SearchAction\",\"target\":\"https:\/\/das-matratzen-haus.de\/lp\/?s={search_term_string}\",\"query-input\":\"required name=search_term_string\"}],\"inLanguage\":\"de\"},{\"@type\":\"ImageObject\",\"@id\":\"https:\/\/das-matratzen-haus.de\/lp\/schlafberatung-muenchen\/#primaryimage\",\"inLanguage\":\"de\",\"url\":\"https:\/\/das-matratzen-haus.de\/lp\/wp-content\/uploads\/betten-matratzen-beratung.jpg\"},{\"@type\":\"WebPage\",\"@id\":\"https:\/\/das-matratzen-haus.de\/lp\/schlafberatung-muenchen\/#webpage\",\"url\":\"https:\/\/das-matratzen-haus.de\/lp\/schlafberatung-muenchen\/\",\"name\":\"Schlafberatung M\\u00fcnchen - Ihre Experten vom Matratzen- und Bettenhaus\",\"isPartOf\":{\"@id\":\"https:\/\/das-matratzen-haus.de\/lp\/#website\"},\"primaryImageOfPage\":{\"@id\":\"https:\/\/das-matratzen-haus.de\/lp\/schlafberatung-muenchen\/#primaryimage\"},\"datePublished\":\"2016-04-30T05:15:12+00:00\",\"dateModified\":\"2017-08-14T11:17:12+00:00\",\"description\":\"Schlafberatung M\\u00fcnchen? Entspannt und ausgeruht aufstehen und in den Schlaf starten. Lassen Sie sich vom Fachmann f\\u00fcr Matratzen und Liegesysteme beraten.\",\"breadcrumb\":{\"@id\":\"https:\/\/das-matratzen-haus.de\/lp\/schlafberatung-muenchen\/#breadcrumb\"},\"inLanguage\":\"de\",\"potentialAction\":[{\"@type\":\"ReadAction\",\"target\":[\"https:\/\/das-matratzen-haus.de\/lp\/schlafberatung-muenchen\/\"]}]},{\"@type\":\"BreadcrumbList\",\"@id\":\"https:\/\/das-matratzen-haus.de\/lp\/schlafberatung-muenchen\/#breadcrumb\",\"itemListElement\":[{\"@type\":\"ListItem\",\"position\":1,\"item\":{\"@type\":\"WebPage\",\"@id\":\"https:\/\/das-matratzen-haus.de\/lp\/\",\"url\":\"https:\/\/das-matratzen-haus.de\/lp\/\",\"name\":\"Startseite\"}},{\"@type\":\"ListItem\",\"position\":2,\"item\":{\"@type\":\"WebPage\",\"@id\":\"https:\/\/das-matratzen-haus.de\/lp\/schlafberatung-muenchen\/\",\"url\":\"https:\/\/das-matratzen-haus.de\/lp\/schlafberatung-muenchen\/\",\"name\":\"Schlafberatung M\\u00fcnchen\"}}]}]}<\/script>\n<!-- \/ Yoast SEO plugin. -->","_links":{"self":[{"href":"https:\/\/das-matratzen-haus.de\/lp\/wp-json\/wp\/v2\/pages\/3930"}],"collection":[{"href":"https:\/\/das-matratzen-haus.de\/lp\/wp-json\/wp\/v2\/pages"}],"about":[{"href":"https:\/\/das-matratzen-haus.de\/lp\/wp-json\/wp\/v2\/types\/page"}],"author":[{"embeddable":true,"href":"https:\/\/das-matratzen-haus.de\/lp\/wp-json\/wp\/v2\/users\/15"}],"replies":[{"embeddable":true,"href":"https:\/\/das-matratzen-haus.de\/lp\/wp-json\/wp\/v2\/comments?post=3930"}],"version-history":[{"count":5,"href":"https:\/\/das-matratzen-haus.de\/lp\/wp-json\/wp\/v2\/pages\/3930\/revisions"}],"predecessor-version":[{"id":4743,"href":"https:\/\/das-matratzen-haus.de\/lp\/wp-json\/wp\/v2\/pages\/3930\/revisions\/4743"}],"wp:attachment":[{"href":"https:\/\/das-matratzen-haus.de\/lp\/wp-json\/wp\/v2\/media?parent=3930"}],"curies":[{"name":"wp","href":"https:\/\/api.w.org\/{rel}","templated":true}]}}