{"id":4109,"date":"2017-01-24T08:24:56","date_gmt":"2017-01-24T06:24:56","guid":{"rendered":"https:\/\/das-matratzen-haus.de\/lp\/?page_id=4109"},"modified":"2017-08-14T11:45:50","modified_gmt":"2017-08-14T09:45:50","slug":"spannbettlaken-muenchen","status":"publish","type":"page","link":"https:\/\/das-matratzen-haus.de\/lp\/spannbettlaken-muenchen\/","title":{"rendered":"Spannbettlaken M\u00fcnchen"},"content":{"rendered":"<h1>Das Bettenfachgesch\u00e4ft f\u00fcr M\u00fcnchen \u2013<\/h1>\n<h2>mit dem optimalen Spannbettlaken f\u00fcr Ihr Bett<\/h2>\n<p>Wenn Ihnen eine wohlige und gesunde Schlafumgebung wichtig ist, dann sollten Sie  sicher stellen, dass auch die Bettwaren und vor allen Dingen das <strong>Spannbettlaken<\/strong> aus hochwertigem und kuscheligen Baumwollmaterial besteht. In hochwertiger Bettw\u00e4sche l\u00e4sst es sich richtig gut einschlafen \u2013 auch das Spannbettlaken sollte Ihre Anforderungen erf\u00fcllen k\u00f6nnen. Was sollten Sie bei einem Spannbettlaken beachten? Zuerst einmal sollte sich das Spannbettlaken perfekt Ihrer Matratze anpassen. Unsere Fachberater empfehlen Ihnen <strong>die richtige Gr\u00f6\u00dfe des Spannbettlakens<\/strong> f\u00fcr Ihr Bett in M\u00fcnchen. Auch wenn Sie ein Wasserbett ein Boxspringbett haben \u2013 bei uns finden Sie f\u00fcr Ihr Schlafzimmer in M\u00fcnchen das passende hochwertige Spannbettlaken.<\/p>\n<p><img loading=\"lazy\" class=\"alignnone size-full wp-image-4311\" src=\"https:\/\/das-matratzen-haus.de\/lp\/wp-content\/uploads\/betten-matratzen-beratung.jpg\" alt=\"\" width=\"1020\" height=\"277\" \/><\/p>\n<h3>Spannbettlaken M\u00fcnchen &#8211; Faltenfrei und in sch\u00f6nen Farben \u2013 entscheiden Sie sich f\u00fcr ein Spannbettlaken  ihrer Wahl<\/h3>\n<p>Sie m\u00f6gen es sch\u00f6n bunt oder lieber in gedeckten Farben? Suchen Sie sich in unserem Bettenfachgesch\u00e4ft f\u00fcr M\u00fcnchen die passende Farbgebung f\u00fcr Ihr M\u00fcnchener Schlafzimmer aus. Auch das Material des Spannbettlakens spielt eine wichtige Rolle. Sie suchen in M\u00fcnchen ein Fachgesch\u00e4ft, wo Sie sich f\u00fcr kuschelige Bettdecken aus naturbelassenen Materialien entscheiden k\u00f6nnen? Auch die Gr\u00f6\u00dfe sollte ganz genau stimmen!<\/p>\n<p>Bettlaken bieten verschiedene Vorteile, wenn sie wirklich genau zu Ihrem <a href=\"https:\/\/das-matratzen-haus.de\/lp\/bett-muenchen\/\">Bett in M\u00fcnchen<\/a> passen. Spannbettlaken aus unserem Sortiment im Bettenhaus M\u00fcnchen sind sehr strapazierf\u00e4hig und bleiben immer ohne Falten in Form. Sie k\u00f6nnen \u00fcber einen rundum verlaufenden Gummizug verf\u00fcgen oder mit separaten Gummib\u00e4ndern an den vier Ecken zum Spannen ausgestattet sein. Spielend leicht k\u00f6nnen Sie Ihr Bett \u2013 auch wenn es sich um ein Doppelbett oder Wasserbett handelt, das neue Spannbettlaken aufziehen. Fragen Sie uns nach Sondergr\u00f6\u00dfen, wir finden f\u00fcr Sie die passgenaue L\u00f6sung. Die Spannbettlaken sind in vielen Farben bestellbar \u2013 w\u00e4hlen Sie die Spannbettlaken immer passend zu der Einrichtung und farblichen Gestaltung Ihres Schlafzimmers in <a href=\"https:\/\/de.wikipedia.org\/wiki\/M\u00fcnchen\" target=\"_blank\" rel=\"noopener\">M\u00fcnchen<\/a> aus.<\/p>\n<h3>Unsere Schlafberater informieren und beraten Sie zu Spannbettlaken aus den unterschiedlichsten Baumwollvarianten.<\/h3>\n<p>Schwitzen Sie h\u00e4ufig im Bett oder neigen Sie nachts eher zu einem leichten Fr\u00f6steln? F\u00fcr jeden Schlaftyp und f\u00fcr jede Jahreszeit empfehlen wir Ihnen das richtige Spannbettlaken von hervorragenden Markenherstellern. Entscheiden Sie zum Beispiel f\u00fcr Spannbettlaken aus Baumwoll-Jersey. Diese hochwertige Baumwollqualit\u00e4t ist besonders fest und f\u00fchlt sich sehr angenehm auf der Haut an. Dieses Spannbettlaken aus 100%er Baumwolle ist pflegeleicht und b\u00fcgelfrei. Manche Modelle mit dem Zusatz von Elastan sind besonders flexibel und auch f\u00fcr Boxspringbetten ideal geeignet. Betllaken in Renforc\u00e9-Qualit\u00e4t sind optimal f\u00fcr ein Sommer-Spannbettlaken, welches sich angenehm k\u00fchl an die Haut anschmiegt. M\u00f6gen Sie es lieber kuschlig warm, dann empfehlen Ihnen unsere <a href=\"https:\/\/das-matratzen-haus.de\/lp\/schlafberatung-muenchen\/\">Schlafberater <\/a>vom Matratzen- und Bettenhaus M\u00fcnchen ein Spannbettlaken aus Frottee oder auch Biber-Bettw\u00e4sche. Die Oberfl\u00e4che dieses Spannbetttuches ist leicht angeraut, ebenfalls b\u00fcgelfrei und bestens f\u00fcr die Verwendung im Trockner geeignet. Und wenn Sie das besondere m\u00f6gen, empfehlen wir Ihnen ein Spannbettlaken aus Perkal-Baumwolle. Mit seiner Leichtigkeit und seinen luftigen Eigenschaften und feinen Struktur l\u00e4sst das Laken Platz f\u00fcr herrliche Farben und feine Motive.<\/p>\n<p>Wenn Sie Luxus m\u00f6gen empfehlen wir Ihnen ein Spannbettlaken aus dem edlen Mako-Satin in allerfeinster Baumwollqualit\u00e4t \u2013 sch\u00f6n k\u00fchl und glatt auf der Haut.<\/p>\n<p>Entdecken Sie unsere Bettwaren und Spannbettlaken von Marken wie Formesse, Lorena, Traumina, Falkenreck und Sichou.<\/p>\n","protected":false},"excerpt":{"rendered":"<p>Das Bettenfachgesch\u00e4ft f\u00fcr M\u00fcnchen \u2013 mit dem optimalen Spannbettlaken f\u00fcr Ihr Bett Wenn Ihnen eine wohlige und gesunde Schlafumgebung wichtig ist, dann sollten Sie sicher&hellip;<\/p>\n","protected":false},"author":15,"featured_media":0,"parent":0,"menu_order":78,"comment_status":"closed","ping_status":"closed","template":"","meta":{"_links_to":"","_links_to_target":""},"yoast_head":"<!-- This site is optimized with the Yoast SEO plugin v16.0.2 - https:\/\/yoast.com\/wordpress\/plugins\/seo\/ -->\n<title>Spannbettlaken M\u00fcnchen - exklusive Auswahl und pers\u00f6nliche Beratung<\/title>\n<meta name=\"description\" content=\"Spannbettlaken M\u00fcnchen? Spanbettlaken bieten verschiedene Vorteile, wenn sie wirklich genau zu Ihrem Bett in M\u00fcnchen passen. \u2713 Premium Zertifizierung AGR\" \/>\n<link rel=\"canonical\" href=\"https:\/\/das-matratzen-haus.de\/lp\/spannbettlaken-muenchen\/\" \/>\n<meta property=\"og:locale\" content=\"de_DE\" \/>\n<meta property=\"og:type\" content=\"article\" \/>\n<meta property=\"og:title\" content=\"Spannbettlaken M\u00fcnchen - exklusive Auswahl und pers\u00f6nliche Beratung\" \/>\n<meta property=\"og:description\" content=\"Spannbettlaken M\u00fcnchen? Spanbettlaken bieten verschiedene Vorteile, wenn sie wirklich genau zu Ihrem Bett in M\u00fcnchen passen. \u2713 Premium Zertifizierung AGR\" \/>\n<meta property=\"og:url\" content=\"https:\/\/das-matratzen-haus.de\/lp\/spannbettlaken-muenchen\/\" \/>\n<meta property=\"og:site_name\" content=\"Matratzen- und Bettenhaus M\u00fcnchen\" \/>\n<meta property=\"article:publisher\" content=\"https:\/\/www.facebook.com\/dasmatratzenbettenhausmuenchen\/\" \/>\n<meta property=\"article:modified_time\" content=\"2017-08-14T09:45:50+00:00\" \/>\n<meta property=\"og:image\" content=\"https:\/\/das-matratzen-haus.de\/lp\/wp-content\/uploads\/betten-matratzen-beratung.jpg\" \/>\n<meta name=\"twitter:card\" content=\"summary\" \/>\n<meta name=\"twitter:label1\" content=\"Gesch\u00e4tzte Lesezeit\">\n\t<meta name=\"twitter:data1\" content=\"3\u00a0Minuten\">\n<script type=\"application\/ld+json\" class=\"yoast-schema-graph\">{\"@context\":\"https:\/\/schema.org\",\"@graph\":[{\"@type\":\"WebSite\",\"@id\":\"https:\/\/das-matratzen-haus.de\/lp\/#website\",\"url\":\"https:\/\/das-matratzen-haus.de\/lp\/\",\"name\":\"Matratzen- und Bettenhaus M\\u00fcnchen\",\"description\":\"\",\"potentialAction\":[{\"@type\":\"SearchAction\",\"target\":\"https:\/\/das-matratzen-haus.de\/lp\/?s={search_term_string}\",\"query-input\":\"required name=search_term_string\"}],\"inLanguage\":\"de\"},{\"@type\":\"ImageObject\",\"@id\":\"https:\/\/das-matratzen-haus.de\/lp\/spannbettlaken-muenchen\/#primaryimage\",\"inLanguage\":\"de\",\"url\":\"https:\/\/das-matratzen-haus.de\/lp\/wp-content\/uploads\/betten-matratzen-beratung.jpg\"},{\"@type\":\"WebPage\",\"@id\":\"https:\/\/das-matratzen-haus.de\/lp\/spannbettlaken-muenchen\/#webpage\",\"url\":\"https:\/\/das-matratzen-haus.de\/lp\/spannbettlaken-muenchen\/\",\"name\":\"Spannbettlaken M\\u00fcnchen - exklusive Auswahl und pers\\u00f6nliche Beratung\",\"isPartOf\":{\"@id\":\"https:\/\/das-matratzen-haus.de\/lp\/#website\"},\"primaryImageOfPage\":{\"@id\":\"https:\/\/das-matratzen-haus.de\/lp\/spannbettlaken-muenchen\/#primaryimage\"},\"datePublished\":\"2017-01-24T06:24:56+00:00\",\"dateModified\":\"2017-08-14T09:45:50+00:00\",\"description\":\"Spannbettlaken M\\u00fcnchen? Spanbettlaken bieten verschiedene Vorteile, wenn sie wirklich genau zu Ihrem Bett in M\\u00fcnchen passen. \\u2713 Premium Zertifizierung AGR\",\"breadcrumb\":{\"@id\":\"https:\/\/das-matratzen-haus.de\/lp\/spannbettlaken-muenchen\/#breadcrumb\"},\"inLanguage\":\"de\",\"potentialAction\":[{\"@type\":\"ReadAction\",\"target\":[\"https:\/\/das-matratzen-haus.de\/lp\/spannbettlaken-muenchen\/\"]}]},{\"@type\":\"BreadcrumbList\",\"@id\":\"https:\/\/das-matratzen-haus.de\/lp\/spannbettlaken-muenchen\/#breadcrumb\",\"itemListElement\":[{\"@type\":\"ListItem\",\"position\":1,\"item\":{\"@type\":\"WebPage\",\"@id\":\"https:\/\/das-matratzen-haus.de\/lp\/\",\"url\":\"https:\/\/das-matratzen-haus.de\/lp\/\",\"name\":\"Startseite\"}},{\"@type\":\"ListItem\",\"position\":2,\"item\":{\"@type\":\"WebPage\",\"@id\":\"https:\/\/das-matratzen-haus.de\/lp\/spannbettlaken-muenchen\/\",\"url\":\"https:\/\/das-matratzen-haus.de\/lp\/spannbettlaken-muenchen\/\",\"name\":\"Spannbettlaken M\\u00fcnchen\"}}]}]}<\/script>\n<!-- \/ Yoast SEO plugin. -->","_links":{"self":[{"href":"https:\/\/das-matratzen-haus.de\/lp\/wp-json\/wp\/v2\/pages\/4109"}],"collection":[{"href":"https:\/\/das-matratzen-haus.de\/lp\/wp-json\/wp\/v2\/pages"}],"about":[{"href":"https:\/\/das-matratzen-haus.de\/lp\/wp-json\/wp\/v2\/types\/page"}],"author":[{"embeddable":true,"href":"https:\/\/das-matratzen-haus.de\/lp\/wp-json\/wp\/v2\/users\/15"}],"replies":[{"embeddable":true,"href":"https:\/\/das-matratzen-haus.de\/lp\/wp-json\/wp\/v2\/comments?post=4109"}],"version-history":[{"count":5,"href":"https:\/\/das-matratzen-haus.de\/lp\/wp-json\/wp\/v2\/pages\/4109\/revisions"}],"predecessor-version":[{"id":4435,"href":"https:\/\/das-matratzen-haus.de\/lp\/wp-json\/wp\/v2\/pages\/4109\/revisions\/4435"}],"wp:attachment":[{"href":"https:\/\/das-matratzen-haus.de\/lp\/wp-json\/wp\/v2\/media?parent=4109"}],"curies":[{"name":"wp","href":"https:\/\/api.w.org\/{rel}","templated":true}]}}