{"id":4231,"date":"2017-03-30T06:34:27","date_gmt":"2017-03-30T04:34:27","guid":{"rendered":"https:\/\/das-matratzen-haus.de\/lp\/?page_id=4231"},"modified":"2017-08-14T11:30:01","modified_gmt":"2017-08-14T09:30:01","slug":"matratzen-fuerstenfeldbruck","status":"publish","type":"page","link":"https:\/\/das-matratzen-haus.de\/lp\/matratzen-fuerstenfeldbruck\/","title":{"rendered":"Matratzen F\u00fcrstenfeldbruck"},"content":{"rendered":"<h1>Von Lattoflex \u00fcber Metzeler bis zu Tempur-Matratzen<\/h1>\n<h2>wir bieten f\u00fcr F\u00fcrstenfeldbruck eine breites Sortiment an echten Marken-Matratzen<\/h2>\n<p>Sie m\u00f6chten Ihren Nachtschlaf so gesund wie m\u00f6glich gestalten? Sie suchen schon l\u00e4nger nach hochwertigen Matratzen? Kommen Sie doch von F\u00fcrstenfeldbruck hin\u00fcber in unser Fachgesch\u00e4ft f\u00fcr hochwertige Matratzen! Wir m\u00f6chten Ihnen sehr guten Komfort w\u00e4hrend des Schlafes bieten. Unsere <a href=\"https:\/\/das-matratzen-haus.de\/lp\/pf\/matratzen\/\">Matratzen <\/a>sichern Ihnen einen wohltuenden gesunden Schlaf. Machen Sie Ihr Schlafzimmer in F\u00fcrstenfeldbruck zur Wellness-Oase.<\/p>\n<p><img loading=\"lazy\" class=\"alignnone size-full wp-image-4311\" src=\"https:\/\/das-matratzen-haus.de\/lp\/wp-content\/uploads\/betten-matratzen-beratung.jpg\" alt=\"\" width=\"1020\" height=\"277\" \/><\/p>\n<h3>Viele Varianten \u2013 Lattoflex-Matratzen bieten Ihnen clevere Schlafl\u00f6sungen<\/h3>\n<p>Die Matratzen des Herstellers <a href=\"https:\/\/das-matratzen-haus.de\/lp\/pf\/lattoflex-matratzen\/\">Lattoflex <\/a>bieten Ihnen mehr Variationen als jemals zuvor. Wie? Das Unternehmen bietet f\u00fcnf verschiedene Matratzenkerne und verkettet diese Kaltschaumkerne mit Modulen unterschiedlicher Festigkeit. Damit bietet eine Lattoflex-Matratze sehr individuelle M\u00f6glichkeiten. F\u00fcr solche sehr variantenreichen Matratzensysteme ben\u00f6tigen Sie eine Fachberatung mit hoher Qualit\u00e4t und modernster Analysetechnik. Denn mit einer <a href=\"https:\/\/das-matratzen-haus.de\/lp\/schlafberatung-muenchen\/\">Schlafberatung<\/a> k\u00f6nnen wir genau analysieren, welche K\u00f6rperregion welche Druckpunkteigenschaften ben\u00f6tigt. Dazu wird Ihr K\u00f6rper vermessen. Mit computergest\u00fctzten Daten empfehlen wir Ihnen das optimale Matratzen-Segment f\u00fcr Ihren K\u00f6rper.<\/p>\n<h3>Analysetechnik f\u00fcr unsere Kunden aus F\u00fcrstenfeldbruck<\/h3>\n<p>Zus\u00e4tzlich zu den Vorteilen der Analysetechnik k\u00f6nnen Sie bei uns auf die Fachkompetenz mit physiotherapeutischem Hintergrund vertrauen. Wir wissen, welche Druckpunkte und Komfortzonen ein gesunder R\u00fccken ben\u00f6tigt. So k\u00f6nnen wir beispielsweise pr\u00e4zise bestimmen, wie tief Ihr K\u00f6rper in die Matratze einsinkt. Mit diesem Wissen k\u00f6nnen wir die individuell passende Druckunterst\u00fctzung f\u00fcr Ihren R\u00fccken bereitstellen. Somit liegen Sie nicht nur bequem und entspannt, sondern auch so gesund, dass R\u00fcckenschmerzen bald der Vergangenheit angeh\u00f6ren werden. Entlasten Sie Ihre Wirbels\u00e4ule mit dem exakt richtigen H\u00e4rtegrad. Holen Sie sich ein v\u00f6llig neues Schlaferlebnis nach F\u00fcrstenfeldbruck.<\/p>\n<h3>Service f\u00fcr Matratzen F\u00fcrstenfeldbruck \u2013 wir kommen auch gern zu einer Schlafberatung zu Ihnen nach Hause<\/h3>\n<p>Sie m\u00f6chten Zuhause in <a href=\"https:\/\/de.wikipedia.org\/wiki\/F\u00fcrstenfeldbruck\" target=\"_blank\" rel=\"noopener\">F\u00fcrstenfeldbruck<\/a> den Luxus einer Schlafberatung genie\u00dfen? Kein Problem: Unsere Berater machen eine Schlafberatung bei Ihnen vor Ort m\u00f6glich. Welchen Service bieten wir Ihnen noch f\u00fcr F\u00fcrstenfeldbruck? F\u00fcr Ihr neues Schlafsystem, Ihr Wasserbett oder Ihr <a href=\"https:\/\/das-matratzen-haus.de\/lp\/pf\/boxspringbetten\/\">Boxspringbett<\/a> messen wir den Raumbedarf bei Ihnen in F\u00fcrstenfeldbruck aus. Unser Fachpersonal baut auch Ihr bestelltes Bett bei Ihnen vor Ort auf, so dass Sie gleich den Luxus Ihrer neuen Matratze genie\u00dfen k\u00f6nnen. Besonders lohnt sich auch unser Fachservice, wenn Sie einen Umzug von oder nach F\u00fcrstenfeldbruck planen. Unsere Mitarbeiter bauen Ihr Wasserbett fachgerecht ab und danach wieder auf. Auch die Pflege Ihres Wasserbettes \u00fcbernehmen unsere Mitarbeiter.<\/p>\n<h3>Bestellen Sie sich jetzt Ihre ma\u00dfgeschneiderte Matratze f\u00fcr F\u00fcrstenfeldbruck<\/h3>\n<p>Kaltschaummatratzen, die aus verschiedenen Segmenten zusammengesetzt werden, bieten Ihnen optimale Liegeeigenschaften und ein tolles Schlafklima durch clevere L\u00fcftungssysteme in der Matratze. So schwitzen Sie nie mehr nachts im Schlaf. Sie m\u00f6chten eine Matratze mit hochwertigen Taschenfederkernen einmal probeliegen? Dann kommen Sie von F\u00fcrstenfeldbruck zu uns und probieren eine echte <a href=\"https:\/\/das-matratzen-haus.de\/lp\/pf\/rummel-matratzen\/\">Rummel-Matratze<\/a>. Der Spezialist f\u00fcr Federkernmatratzen aus S\u00fcddeutschland wird Sie mit seinen Komfortmatratzen begeistern! Vielleicht probieren Sie auch eine v\u00f6llig neuartige Gelmatratze aus. Oder Sie testen, wie eine Matratze aus Ged\u00e4chtnisschaum zu Ihrem K\u00f6rper passt. Wir w\u00fcnschen Ihnen bei uns viel Vergn\u00fcgen und freuen uns auf Ihren Besuch aus F\u00fcrstenfeldbruck.<\/p>\n<p>Vereinbaren Sie einen unverbindlichen Beratungstermin in unseren M\u00fcnchener Pr\u00e4sentationsr\u00e4umen unter <strong>089 \/ 673 25 73<\/strong>.<\/p>\n<p>&nbsp;<\/p>\n<p>Ihre Schlafberaterin Tanja Dressel-Marquart und das gesamte Team vom Matratzenhaus M\u00fcnchen freut sich auf Ihren Besuch.<\/p>\n","protected":false},"excerpt":{"rendered":"<p>Von Lattoflex \u00fcber Metzeler bis zu Tempur-Matratzen wir bieten f\u00fcr F\u00fcrstenfeldbruck eine breites Sortiment an echten Marken-Matratzen Sie m\u00f6chten Ihren Nachtschlaf so gesund wie m\u00f6glich&hellip;<\/p>\n","protected":false},"author":15,"featured_media":0,"parent":0,"menu_order":53,"comment_status":"closed","ping_status":"closed","template":"","meta":{"_links_to":"","_links_to_target":""},"yoast_head":"<!-- This site is optimized with the Yoast SEO plugin v16.0.2 - https:\/\/yoast.com\/wordpress\/plugins\/seo\/ -->\n<title>Matratzen F\u00fcrstenfeldbruck - individuelle Beratung und Matratzen<\/title>\n<meta name=\"description\" content=\"Matratzen F\u00fcrstenfeldbruck? Unsere Matratzen sichern Ihnen einen wohltuenden gesunden Schlaf. Machen Sie Ihr Schlafzimmer zur Wellness-Oase.\" \/>\n<link rel=\"canonical\" href=\"https:\/\/das-matratzen-haus.de\/lp\/matratzen-fuerstenfeldbruck\/\" \/>\n<meta property=\"og:locale\" content=\"de_DE\" \/>\n<meta property=\"og:type\" content=\"article\" \/>\n<meta property=\"og:title\" content=\"Matratzen F\u00fcrstenfeldbruck - individuelle Beratung und Matratzen\" \/>\n<meta property=\"og:description\" content=\"Matratzen F\u00fcrstenfeldbruck? Unsere Matratzen sichern Ihnen einen wohltuenden gesunden Schlaf. Machen Sie Ihr Schlafzimmer zur Wellness-Oase.\" \/>\n<meta property=\"og:url\" content=\"https:\/\/das-matratzen-haus.de\/lp\/matratzen-fuerstenfeldbruck\/\" \/>\n<meta property=\"og:site_name\" content=\"Matratzen- und Bettenhaus M\u00fcnchen\" \/>\n<meta property=\"article:publisher\" content=\"https:\/\/www.facebook.com\/dasmatratzenbettenhausmuenchen\/\" \/>\n<meta property=\"article:modified_time\" content=\"2017-08-14T09:30:01+00:00\" \/>\n<meta property=\"og:image\" content=\"https:\/\/das-matratzen-haus.de\/lp\/wp-content\/uploads\/betten-matratzen-beratung.jpg\" \/>\n<meta name=\"twitter:card\" content=\"summary\" \/>\n<meta name=\"twitter:label1\" content=\"Gesch\u00e4tzte Lesezeit\">\n\t<meta name=\"twitter:data1\" content=\"3\u00a0Minuten\">\n<script type=\"application\/ld+json\" class=\"yoast-schema-graph\">{\"@context\":\"https:\/\/schema.org\",\"@graph\":[{\"@type\":\"WebSite\",\"@id\":\"https:\/\/das-matratzen-haus.de\/lp\/#website\",\"url\":\"https:\/\/das-matratzen-haus.de\/lp\/\",\"name\":\"Matratzen- und Bettenhaus M\\u00fcnchen\",\"description\":\"\",\"potentialAction\":[{\"@type\":\"SearchAction\",\"target\":\"https:\/\/das-matratzen-haus.de\/lp\/?s={search_term_string}\",\"query-input\":\"required name=search_term_string\"}],\"inLanguage\":\"de\"},{\"@type\":\"ImageObject\",\"@id\":\"https:\/\/das-matratzen-haus.de\/lp\/matratzen-fuerstenfeldbruck\/#primaryimage\",\"inLanguage\":\"de\",\"url\":\"https:\/\/das-matratzen-haus.de\/lp\/wp-content\/uploads\/betten-matratzen-beratung.jpg\"},{\"@type\":\"WebPage\",\"@id\":\"https:\/\/das-matratzen-haus.de\/lp\/matratzen-fuerstenfeldbruck\/#webpage\",\"url\":\"https:\/\/das-matratzen-haus.de\/lp\/matratzen-fuerstenfeldbruck\/\",\"name\":\"Matratzen F\\u00fcrstenfeldbruck - individuelle Beratung und Matratzen\",\"isPartOf\":{\"@id\":\"https:\/\/das-matratzen-haus.de\/lp\/#website\"},\"primaryImageOfPage\":{\"@id\":\"https:\/\/das-matratzen-haus.de\/lp\/matratzen-fuerstenfeldbruck\/#primaryimage\"},\"datePublished\":\"2017-03-30T04:34:27+00:00\",\"dateModified\":\"2017-08-14T09:30:01+00:00\",\"description\":\"Matratzen F\\u00fcrstenfeldbruck? Unsere Matratzen sichern Ihnen einen wohltuenden gesunden Schlaf. Machen Sie Ihr Schlafzimmer zur Wellness-Oase.\",\"breadcrumb\":{\"@id\":\"https:\/\/das-matratzen-haus.de\/lp\/matratzen-fuerstenfeldbruck\/#breadcrumb\"},\"inLanguage\":\"de\",\"potentialAction\":[{\"@type\":\"ReadAction\",\"target\":[\"https:\/\/das-matratzen-haus.de\/lp\/matratzen-fuerstenfeldbruck\/\"]}]},{\"@type\":\"BreadcrumbList\",\"@id\":\"https:\/\/das-matratzen-haus.de\/lp\/matratzen-fuerstenfeldbruck\/#breadcrumb\",\"itemListElement\":[{\"@type\":\"ListItem\",\"position\":1,\"item\":{\"@type\":\"WebPage\",\"@id\":\"https:\/\/das-matratzen-haus.de\/lp\/\",\"url\":\"https:\/\/das-matratzen-haus.de\/lp\/\",\"name\":\"Startseite\"}},{\"@type\":\"ListItem\",\"position\":2,\"item\":{\"@type\":\"WebPage\",\"@id\":\"https:\/\/das-matratzen-haus.de\/lp\/matratzen-fuerstenfeldbruck\/\",\"url\":\"https:\/\/das-matratzen-haus.de\/lp\/matratzen-fuerstenfeldbruck\/\",\"name\":\"Matratzen F\\u00fcrstenfeldbruck\"}}]}]}<\/script>\n<!-- \/ Yoast SEO plugin. -->","_links":{"self":[{"href":"https:\/\/das-matratzen-haus.de\/lp\/wp-json\/wp\/v2\/pages\/4231"}],"collection":[{"href":"https:\/\/das-matratzen-haus.de\/lp\/wp-json\/wp\/v2\/pages"}],"about":[{"href":"https:\/\/das-matratzen-haus.de\/lp\/wp-json\/wp\/v2\/types\/page"}],"author":[{"embeddable":true,"href":"https:\/\/das-matratzen-haus.de\/lp\/wp-json\/wp\/v2\/users\/15"}],"replies":[{"embeddable":true,"href":"https:\/\/das-matratzen-haus.de\/lp\/wp-json\/wp\/v2\/comments?post=4231"}],"version-history":[{"count":7,"href":"https:\/\/das-matratzen-haus.de\/lp\/wp-json\/wp\/v2\/pages\/4231\/revisions"}],"predecessor-version":[{"id":4426,"href":"https:\/\/das-matratzen-haus.de\/lp\/wp-json\/wp\/v2\/pages\/4231\/revisions\/4426"}],"wp:attachment":[{"href":"https:\/\/das-matratzen-haus.de\/lp\/wp-json\/wp\/v2\/media?parent=4231"}],"curies":[{"name":"wp","href":"https:\/\/api.w.org\/{rel}","templated":true}]}}