{"id":4249,"date":"2017-04-19T19:17:55","date_gmt":"2017-04-19T17:17:55","guid":{"rendered":"https:\/\/das-matratzen-haus.de\/lp\/?page_id=4249"},"modified":"2017-08-14T11:22:07","modified_gmt":"2017-08-14T09:22:07","slug":"moderne-betten","status":"publish","type":"page","link":"https:\/\/das-matratzen-haus.de\/lp\/moderne-betten\/","title":{"rendered":"Moderne Betten"},"content":{"rendered":"<h1>Ihr Fachgesch\u00e4ft f\u00fcr moderne Betten in und um M\u00fcnchen<\/h1>\n<p>Was geh\u00f6rt heutzutage alles zu einem modernen Bett dazu? Lassen Sie sich in unserem Fachgesch\u00e4ft die ganze Vielfalt moderner Betten mit allem Zubeh\u00f6r pr\u00e4sentieren. Moderne Betten bieten heute viele M\u00f6glichkeiten und Funktionalit\u00e4ten. Es ist sogar m\u00f6glich, f\u00fcr jeden Menschgen ein ganz individuelles Bett zu planen. Ein modernes Bett richtet sich sozusagen nach Ihnen. Sie mit Ihren Schlafgewohnheiten sind entscheidend. Denn jeder Mensch verf\u00fcgt \u00fcber einen ganz individuellen K\u00f6rperbau. Daraus resultieren Anforderung an den Aufbau der Matratze, die H\u00e4rte der Federung und die Aufteilung der K\u00f6rperzonen. Mit vielen verschiedenen Schlafsystemen, Betten- und Matratzentypen k\u00f6nnen wir auf Ihren K\u00f6rper pers\u00f6nlich eingehen und den Aufbau des modernen Bettes f\u00fcr Sie planen. Aus der Vielfalt des Sortiments an modernen Betten treffen unsere Fachberater die passende Auswahl f\u00fcr Sie. Denn bei einem kurzen Probeliegen, k\u00f6nnen Sie nicht erfassen, mit welchem Bett Sie sich am wohlsten f\u00fchlen. Deshalb nehmen wir Messungen mit einem computergest\u00fctzten K\u00f6rpermesssystem vor. Dann definieren wir die Matratzenart, den Aufbau des Lattenrostes oder die Festigkeit des Wasserbettes oder Boxspringbettes. Nun m\u00fcssen Sie beim Probeliegen nur noch aus zwei bis drei Alternativen w\u00e4hlen, die f\u00fcr Ihren K\u00f6rper \u00e4hnlich gute Ergebnisse im Schlafkomfort bieten.<\/p>\n<h3>Moderne Betten zeichnen sich durch bequeme Funktionen, luxuri\u00f6sen Komfort, sch\u00f6nes Design und Vielseitigkeit aus<\/h3>\n<p>Wer sein altes Bett entsorgen will, ist bei uns an der richtigen Adresse. Nutzen Sie unseren Service: Wir entsorgen Ihre alten Betten fachgerecht und planen auch bei Ihnen Zuhause Ihr  neues modernes Bett ma\u00dfgeschneidert. Als erstes sollten Sie wissen, dass es mittlerweile jenseits von den Schn\u00e4ppchenangeboten der gro\u00dfen M\u00f6beldiskounter ein breiter Markt f\u00fcr gesunde und moderne Bettenprodukte entwickelt hat. Hier treten viele Hersteller und Markenproduzenten vor allem aus Deutschland aber auch aus  \u00d6sterreich, der Schweiz und beispielsweise den Niederlanden in Erscheinung. Diese modernen Betten schlagen die Diskount-Angebote um L\u00e4ngen in den Punkten Qualit\u00e4t, Langlebigkeit und Individualit\u00e4t. Auch beim Preis m\u00fcssen die deutschen Qualit\u00e4tsmarken sich nicht verstecken. H\u00e4lt ein Bett aus dem Sonderangebot maximal 5 bis 7 Jahre, kann ein sch\u00f6ner edel designtes Bettgestell aus Massivholz f\u00fcr Ihr Bett eine Investition f\u00fcr ein ganzes Leben sein. Die Qualit\u00e4tsunterschiede sind immens. So richtig gut und erholsam schlafen Sie nur, wenn das Bett optimal auf Ihre Bed\u00fcrfnisse zugeschnitten ist.<\/p>\n<h3>Unser Tipp f\u00fcr Liebhaber von modernen Betten: Komplette aufeinander abgestimmte Schlafsysteme<\/h3>\n<p>Unsere Schlafberater empfehlen Ihnen gern moderne Bettsysteme, wie die <a href=\"https:\/\/das-matratzen-haus.de\/lp\/pf\/schlafsysteme\/\">Schlafsysteme <\/a>von Grosana. Denn diese bieten f\u00fcr jeden Kunden eine optimale Flexibilit\u00e4t und damit eine \u00fcberzeugende individuelle Schlafgesundheit. Informieren Sie sich in unserem modernen Bettenfachgesch\u00e4ft in <a href=\"https:\/\/de.wikipedia.org\/wiki\/M\u00fcnchen\" target=\"_blank\" rel=\"noopener\">M\u00fcnchen<\/a> auch \u00fcber die verschiedensten Funktionalit\u00e4ten von modernen Matratzen, Lattenrosten, Wasserbetten, Boxspringbetten und Bettgestellen.  Ein modernes Pflegebett nach Ma\u00df ist f\u00fcr Ihre Angeh\u00f6rigen oder zu pflegenden Personen ein absolutes Muss und erleichtert den Alltag. Wir informieren Sie gern \u00fcber moderne Betten, die allen Ihren Anforderungen gerecht werden. Wir freuen uns auf Ihren Besuch!<\/p>\n","protected":false},"excerpt":{"rendered":"<p>Ihr Fachgesch\u00e4ft f\u00fcr moderne Betten in und um M\u00fcnchen Was geh\u00f6rt heutzutage alles zu einem modernen Bett dazu? Lassen Sie sich in unserem Fachgesch\u00e4ft die&hellip;<\/p>\n","protected":false},"author":15,"featured_media":0,"parent":0,"menu_order":63,"comment_status":"closed","ping_status":"closed","template":"","meta":{"_links_to":"","_links_to_target":""},"yoast_head":"<!-- This site is optimized with the Yoast SEO plugin v16.0.2 - https:\/\/yoast.com\/wordpress\/plugins\/seo\/ -->\n<title>Moderne Betten - gro\u00dfe Auswahl in Ihrem Fachgesch\u00e4ft in M\u00fcnchen<\/title>\n<meta name=\"description\" content=\"Moderne Betten? Lassen Sie sich in unserem Fachgesch\u00e4ft die ganze Vielfalt moderner Betten mit allem Zubeh\u00f6r pr\u00e4sentieren. \u2713 Physiotherapeuten\" \/>\n<link rel=\"canonical\" href=\"https:\/\/das-matratzen-haus.de\/lp\/moderne-betten\/\" \/>\n<meta property=\"og:locale\" content=\"de_DE\" \/>\n<meta property=\"og:type\" content=\"article\" \/>\n<meta property=\"og:title\" content=\"Moderne Betten - gro\u00dfe Auswahl in Ihrem Fachgesch\u00e4ft in M\u00fcnchen\" \/>\n<meta property=\"og:description\" content=\"Moderne Betten? Lassen Sie sich in unserem Fachgesch\u00e4ft die ganze Vielfalt moderner Betten mit allem Zubeh\u00f6r pr\u00e4sentieren. \u2713 Physiotherapeuten\" \/>\n<meta property=\"og:url\" content=\"https:\/\/das-matratzen-haus.de\/lp\/moderne-betten\/\" \/>\n<meta property=\"og:site_name\" content=\"Matratzen- und Bettenhaus M\u00fcnchen\" \/>\n<meta property=\"article:publisher\" content=\"https:\/\/www.facebook.com\/dasmatratzenbettenhausmuenchen\/\" \/>\n<meta property=\"article:modified_time\" content=\"2017-08-14T09:22:07+00:00\" \/>\n<meta name=\"twitter:card\" content=\"summary\" \/>\n<meta name=\"twitter:label1\" content=\"Gesch\u00e4tzte Lesezeit\">\n\t<meta name=\"twitter:data1\" content=\"3\u00a0Minuten\">\n<script type=\"application\/ld+json\" class=\"yoast-schema-graph\">{\"@context\":\"https:\/\/schema.org\",\"@graph\":[{\"@type\":\"WebSite\",\"@id\":\"https:\/\/das-matratzen-haus.de\/lp\/#website\",\"url\":\"https:\/\/das-matratzen-haus.de\/lp\/\",\"name\":\"Matratzen- und Bettenhaus M\\u00fcnchen\",\"description\":\"\",\"potentialAction\":[{\"@type\":\"SearchAction\",\"target\":\"https:\/\/das-matratzen-haus.de\/lp\/?s={search_term_string}\",\"query-input\":\"required name=search_term_string\"}],\"inLanguage\":\"de\"},{\"@type\":\"WebPage\",\"@id\":\"https:\/\/das-matratzen-haus.de\/lp\/moderne-betten\/#webpage\",\"url\":\"https:\/\/das-matratzen-haus.de\/lp\/moderne-betten\/\",\"name\":\"Moderne Betten - gro\\u00dfe Auswahl in Ihrem Fachgesch\\u00e4ft in M\\u00fcnchen\",\"isPartOf\":{\"@id\":\"https:\/\/das-matratzen-haus.de\/lp\/#website\"},\"datePublished\":\"2017-04-19T17:17:55+00:00\",\"dateModified\":\"2017-08-14T09:22:07+00:00\",\"description\":\"Moderne Betten? Lassen Sie sich in unserem Fachgesch\\u00e4ft die ganze Vielfalt moderner Betten mit allem Zubeh\\u00f6r pr\\u00e4sentieren. \\u2713 Physiotherapeuten\",\"breadcrumb\":{\"@id\":\"https:\/\/das-matratzen-haus.de\/lp\/moderne-betten\/#breadcrumb\"},\"inLanguage\":\"de\",\"potentialAction\":[{\"@type\":\"ReadAction\",\"target\":[\"https:\/\/das-matratzen-haus.de\/lp\/moderne-betten\/\"]}]},{\"@type\":\"BreadcrumbList\",\"@id\":\"https:\/\/das-matratzen-haus.de\/lp\/moderne-betten\/#breadcrumb\",\"itemListElement\":[{\"@type\":\"ListItem\",\"position\":1,\"item\":{\"@type\":\"WebPage\",\"@id\":\"https:\/\/das-matratzen-haus.de\/lp\/\",\"url\":\"https:\/\/das-matratzen-haus.de\/lp\/\",\"name\":\"Startseite\"}},{\"@type\":\"ListItem\",\"position\":2,\"item\":{\"@type\":\"WebPage\",\"@id\":\"https:\/\/das-matratzen-haus.de\/lp\/moderne-betten\/\",\"url\":\"https:\/\/das-matratzen-haus.de\/lp\/moderne-betten\/\",\"name\":\"Moderne Betten\"}}]}]}<\/script>\n<!-- \/ Yoast SEO plugin. -->","_links":{"self":[{"href":"https:\/\/das-matratzen-haus.de\/lp\/wp-json\/wp\/v2\/pages\/4249"}],"collection":[{"href":"https:\/\/das-matratzen-haus.de\/lp\/wp-json\/wp\/v2\/pages"}],"about":[{"href":"https:\/\/das-matratzen-haus.de\/lp\/wp-json\/wp\/v2\/types\/page"}],"author":[{"embeddable":true,"href":"https:\/\/das-matratzen-haus.de\/lp\/wp-json\/wp\/v2\/users\/15"}],"replies":[{"embeddable":true,"href":"https:\/\/das-matratzen-haus.de\/lp\/wp-json\/wp\/v2\/comments?post=4249"}],"version-history":[{"count":3,"href":"https:\/\/das-matratzen-haus.de\/lp\/wp-json\/wp\/v2\/pages\/4249\/revisions"}],"predecessor-version":[{"id":4423,"href":"https:\/\/das-matratzen-haus.de\/lp\/wp-json\/wp\/v2\/pages\/4249\/revisions\/4423"}],"wp:attachment":[{"href":"https:\/\/das-matratzen-haus.de\/lp\/wp-json\/wp\/v2\/media?parent=4249"}],"curies":[{"name":"wp","href":"https:\/\/api.w.org\/{rel}","templated":true}]}}