{"id":4389,"date":"2017-07-21T06:50:53","date_gmt":"2017-07-21T04:50:53","guid":{"rendered":"https:\/\/das-matratzen-haus.de\/lp\/?page_id=4389"},"modified":"2017-08-14T11:05:16","modified_gmt":"2017-08-14T09:05:16","slug":"wasserbetten-fuerstenfeldbruck","status":"publish","type":"page","link":"https:\/\/das-matratzen-haus.de\/lp\/wasserbetten-fuerstenfeldbruck\/","title":{"rendered":"Wasserbetten F\u00fcrstenfeldbruck"},"content":{"rendered":"<h1>Wasserbetten F\u00fcrstenfeldbruck<\/h1>\n<h2>Suchen Sie in F\u00fcrstenfeldbruck besseren und ges\u00fcnderen Schlaf \u2013 probieren Sie unsere Wasserbetten!<\/h2>\n<p>Wer m\u00f6chte nicht einmal die herrlichen Eigenschaften des Wassers beim Schlafen unter dem R\u00fccken sp\u00fcren? Wasserbetten sind deshalb so gesund, weil das Medium Wasser immer dorthin flie\u00dft, wo Ihr K\u00f6rper Unterst\u00fctzung braucht. Sie schweben gleichsam auf Wasserbetten \u2013 Ihr K\u00f6rper kann sich ganz entspannen. Wir m\u00f6chten in unser Bettenfachgesch\u00e4ft Kunden aus F\u00fcrstenfeldbruck einladen. Probieren Sie bei uns die neueste Generation Wasserbetten aus! Die neuen Technologien sind absolut sicher, energiesparend und lassen Sie wie im siebten Himmel schlafen.<\/p>\n<h3>Ein neues gesundes Schlafgef\u00fchl f\u00fcr F\u00fcrstenfeldbruck<\/h3>\n<p>Sie kommen aus <a href=\"https:\/\/das-matratzen-haus.de\/lp\/betten-fuerstenfeldbruck\/\">F\u00fcrstenfeldbruck <\/a>und m\u00f6chten Ihre Schlafgesundheit verbessern. Wir empfehlen Ihnen, bei uns im Fachgesch\u00e4ft Wasserbetten zu testen. Wir passen Wasserbetten f\u00fcr Kunden aus F\u00fcrstenfeldbruck optimal und individuell an. Zum Beispiel mit Uno- oder Dual Wasserkernen. Dual-Wasserkerne haben den Vorteil, dass Sie f\u00fcr Ihr Ehebett oder Doppelbett in F\u00fcrstenfeldbruck jeweils ganz spezifische Schlafeigenschaften konfigurieren k\u00f6nnen. Denn jeder K\u00f6rper braucht seine ganz speziellen Festigkeiten und Wohlf\u00fchlzonen. Es h\u00e4ngt vom K\u00f6rperbau, Gewicht und Alter der jeweiligen Person ab, wie das Wasserbett mit seinen Wasserkernen und Beruhigungszonen aufgebaut sein muss.<\/p>\n<h3>Liegeanalyse vom Fachmann \u2013 wir freuen uns auf Ihren Besuch aus F\u00fcrstenfeldbruck<\/h3>\n<p>Ein <a href=\"https:\/\/das-matratzen-haus.de\/lp\/produkte\/wasserbetten-muenchen\/\">Wasserbett <\/a>sollte niemals von der Stange gekauft werden. Denn mit Sonderangeboten k\u00f6nnen Sie nur ungl\u00fccklich werden. Ein Wasserbett kann durchaus Ihre R\u00fcckenschmerzen verschlimmern, wenn es nicht \u00fcber die richtigen individuellen Trageeigenschaften verf\u00fcgt. Viele m\u00f6gen auch die unruhige Lage des K\u00f6rpers nicht. Wir konfigurieren die Beruhigungsstufen, die Ihr K\u00f6rper als angenehm empfindet, ohne gleich wieder ins andere Extrem zu fallen und zu hart zu liegen. Als anspruchsvoller Schlaftyp sollten Sie sich von Ihrem Schlafberater in der N\u00e4he von F\u00fcrstenfeldbruck beraten lassen. Wir f\u00fchren eine zertifizierte Liegeanalyse durch, um die Trageeigenschaften des Bettes optimal auf Ihren K\u00f6rper einzustellen. Uns geht es um Ihr Wohlgef\u00fchl. Unsere Kunden aus F\u00fcrstenfeldbruck lernen so eine v\u00f6llig neue Art von K\u00f6rperunterst\u00fctzung kennen. So mindern Sie in F\u00fcrstenfeldbruck R\u00fcckenschmerzen und starten ausgeschlafen in den neuen Tag.<\/p>\n<h3>Nutzen Sie guten Service f\u00fcr F\u00fcrstenfeldbruck<\/h3>\n<p>Nutzen Sie unseren kompetenten Wasserbetten-Service. Wir liefern Ihr Wasserbett nach <a href=\"https:\/\/de.wikipedia.org\/wiki\/F\u00fcrstenfeldbruck\" target=\"_blank\" rel=\"noopener\">F\u00fcrstenfeldbruck<\/a> und installieren das Bett vor Ort. Wasserbetten ben\u00f6tigen eine professionelle Pflege und einen kompetenten Support. Beides k\u00f6nnen wir Ihnen in F\u00fcrstenfeldbruck bieten. Die Lieferung erfolgt f\u00fcr F\u00fcrstenfeldbruck frei Haus.<\/p>\n<p>Unser Aufbau- und Serviceteam baut die Wasserbetten professionell auf. Auch bei einem geplanten Umzug k\u00f6nnen Sie unser Bettenfachgesch\u00e4ft informieren. Wir bauen Wasserbetten professionell ab und bauen sie in der neuen Wohnung wieder professionell auf. Nutzen Sie unsere individuellen Serviceangebote.<\/p>\n<p>&nbsp;<\/p>\n","protected":false},"excerpt":{"rendered":"<p>Wasserbetten F\u00fcrstenfeldbruck Suchen Sie in F\u00fcrstenfeldbruck besseren und ges\u00fcnderen Schlaf \u2013 probieren Sie unsere Wasserbetten! Wer m\u00f6chte nicht einmal die herrlichen Eigenschaften des Wassers beim&hellip;<\/p>\n","protected":false},"author":15,"featured_media":0,"parent":0,"menu_order":82,"comment_status":"closed","ping_status":"closed","template":"","meta":{"_links_to":"","_links_to_target":""},"yoast_head":"<!-- This site is optimized with the Yoast SEO plugin v16.0.2 - https:\/\/yoast.com\/wordpress\/plugins\/seo\/ -->\n<title>Wasserbetten F\u00fcrstenfeldbruck - f\u00fcr besseren und ges\u00fcnderen Schlaf<\/title>\n<meta name=\"description\" content=\"Wasserbetten F\u00fcrstenfeldbruck? Wasserbetten sind deshalb so gesund, weil das Medium Wasser immer dorthin flie\u00dft, wo Ihr K\u00f6rper Unterst\u00fctzung braucht.\" \/>\n<link rel=\"canonical\" href=\"https:\/\/das-matratzen-haus.de\/lp\/wasserbetten-fuerstenfeldbruck\/\" \/>\n<meta property=\"og:locale\" content=\"de_DE\" \/>\n<meta property=\"og:type\" content=\"article\" \/>\n<meta property=\"og:title\" content=\"Wasserbetten F\u00fcrstenfeldbruck - f\u00fcr besseren und ges\u00fcnderen Schlaf\" \/>\n<meta property=\"og:description\" content=\"Wasserbetten F\u00fcrstenfeldbruck? Wasserbetten sind deshalb so gesund, weil das Medium Wasser immer dorthin flie\u00dft, wo Ihr K\u00f6rper Unterst\u00fctzung braucht.\" \/>\n<meta property=\"og:url\" content=\"https:\/\/das-matratzen-haus.de\/lp\/wasserbetten-fuerstenfeldbruck\/\" \/>\n<meta property=\"og:site_name\" content=\"Matratzen- und Bettenhaus M\u00fcnchen\" \/>\n<meta property=\"article:publisher\" content=\"https:\/\/www.facebook.com\/dasmatratzenbettenhausmuenchen\/\" \/>\n<meta property=\"article:modified_time\" content=\"2017-08-14T09:05:16+00:00\" \/>\n<meta name=\"twitter:card\" content=\"summary\" \/>\n<meta name=\"twitter:label1\" content=\"Gesch\u00e4tzte Lesezeit\">\n\t<meta name=\"twitter:data1\" content=\"2\u00a0Minuten\">\n<script type=\"application\/ld+json\" class=\"yoast-schema-graph\">{\"@context\":\"https:\/\/schema.org\",\"@graph\":[{\"@type\":\"WebSite\",\"@id\":\"https:\/\/das-matratzen-haus.de\/lp\/#website\",\"url\":\"https:\/\/das-matratzen-haus.de\/lp\/\",\"name\":\"Matratzen- und Bettenhaus M\\u00fcnchen\",\"description\":\"\",\"potentialAction\":[{\"@type\":\"SearchAction\",\"target\":\"https:\/\/das-matratzen-haus.de\/lp\/?s={search_term_string}\",\"query-input\":\"required name=search_term_string\"}],\"inLanguage\":\"de\"},{\"@type\":\"WebPage\",\"@id\":\"https:\/\/das-matratzen-haus.de\/lp\/wasserbetten-fuerstenfeldbruck\/#webpage\",\"url\":\"https:\/\/das-matratzen-haus.de\/lp\/wasserbetten-fuerstenfeldbruck\/\",\"name\":\"Wasserbetten F\\u00fcrstenfeldbruck - f\\u00fcr besseren und ges\\u00fcnderen Schlaf\",\"isPartOf\":{\"@id\":\"https:\/\/das-matratzen-haus.de\/lp\/#website\"},\"datePublished\":\"2017-07-21T04:50:53+00:00\",\"dateModified\":\"2017-08-14T09:05:16+00:00\",\"description\":\"Wasserbetten F\\u00fcrstenfeldbruck? Wasserbetten sind deshalb so gesund, weil das Medium Wasser immer dorthin flie\\u00dft, wo Ihr K\\u00f6rper Unterst\\u00fctzung braucht.\",\"breadcrumb\":{\"@id\":\"https:\/\/das-matratzen-haus.de\/lp\/wasserbetten-fuerstenfeldbruck\/#breadcrumb\"},\"inLanguage\":\"de\",\"potentialAction\":[{\"@type\":\"ReadAction\",\"target\":[\"https:\/\/das-matratzen-haus.de\/lp\/wasserbetten-fuerstenfeldbruck\/\"]}]},{\"@type\":\"BreadcrumbList\",\"@id\":\"https:\/\/das-matratzen-haus.de\/lp\/wasserbetten-fuerstenfeldbruck\/#breadcrumb\",\"itemListElement\":[{\"@type\":\"ListItem\",\"position\":1,\"item\":{\"@type\":\"WebPage\",\"@id\":\"https:\/\/das-matratzen-haus.de\/lp\/\",\"url\":\"https:\/\/das-matratzen-haus.de\/lp\/\",\"name\":\"Startseite\"}},{\"@type\":\"ListItem\",\"position\":2,\"item\":{\"@type\":\"WebPage\",\"@id\":\"https:\/\/das-matratzen-haus.de\/lp\/wasserbetten-fuerstenfeldbruck\/\",\"url\":\"https:\/\/das-matratzen-haus.de\/lp\/wasserbetten-fuerstenfeldbruck\/\",\"name\":\"Wasserbetten F\\u00fcrstenfeldbruck\"}}]}]}<\/script>\n<!-- \/ Yoast SEO plugin. -->","_links":{"self":[{"href":"https:\/\/das-matratzen-haus.de\/lp\/wp-json\/wp\/v2\/pages\/4389"}],"collection":[{"href":"https:\/\/das-matratzen-haus.de\/lp\/wp-json\/wp\/v2\/pages"}],"about":[{"href":"https:\/\/das-matratzen-haus.de\/lp\/wp-json\/wp\/v2\/types\/page"}],"author":[{"embeddable":true,"href":"https:\/\/das-matratzen-haus.de\/lp\/wp-json\/wp\/v2\/users\/15"}],"replies":[{"embeddable":true,"href":"https:\/\/das-matratzen-haus.de\/lp\/wp-json\/wp\/v2\/comments?post=4389"}],"version-history":[{"count":4,"href":"https:\/\/das-matratzen-haus.de\/lp\/wp-json\/wp\/v2\/pages\/4389\/revisions"}],"predecessor-version":[{"id":4415,"href":"https:\/\/das-matratzen-haus.de\/lp\/wp-json\/wp\/v2\/pages\/4389\/revisions\/4415"}],"wp:attachment":[{"href":"https:\/\/das-matratzen-haus.de\/lp\/wp-json\/wp\/v2\/media?parent=4389"}],"curies":[{"name":"wp","href":"https:\/\/api.w.org\/{rel}","templated":true}]}}