{"id":4537,"date":"2017-10-13T13:19:22","date_gmt":"2017-10-13T11:19:22","guid":{"rendered":"https:\/\/das-matratzen-haus.de\/lp\/?page_id=4537"},"modified":"2017-10-13T15:07:35","modified_gmt":"2017-10-13T13:07:35","slug":"matratzen-ottobrunn","status":"publish","type":"page","link":"https:\/\/das-matratzen-haus.de\/lp\/matratzen-ottobrunn\/","title":{"rendered":"Matratzen Ottobrunn"},"content":{"rendered":"<h1>Matratzen Ottobrunn<\/h1>\n<h2>Gesunde Matratzen f\u00fcr Ottobrunn und Umgebung<\/h2>\n<p>Sie m\u00f6chten in Zukunft gesund schlafen? Sie kommen aus Ottobrunn? Dann bestellen Sie doch gesunde Matratzen in Ihrem Matratzen- und Bettenhaus M\u00fcnchen! Hier finden Sie Produkte f\u00fcr einen gesunden Schlaf. Von Ottobrunn ist es nicht weit bis in unser Fachgesch\u00e4ft f\u00fcr Matratzen und Betten.<\/p>\n<h3>Wir beraten Sie aus Ottobrunn!<\/h3>\n<p>Wer gesund in Ottobrunn schlafen m\u00f6chte, sollte auf eine Schlafberatung setzen. Denn bei einer Schlafberatung erfahren alle Kunden aus Ottobrunn viel Wissenswertes \u00fcber ihren eigenen K\u00f6rper. Wissen Sie, welcher Schlaftyp Sie sind? Kein Mensch schl\u00e4ft wie der andere. Jeder hat seine Besonderheiten. Beim Kauf von Matratzen sind viele Eckpunkte zu beachten. Da w\u00e4ren erst einmal Ihre bevorzugte Einschlafhaltung. Dann kommen die Daten Ihres K\u00f6rpers dazu, wie zum Beispiel Gr\u00f6\u00dfe und Proportionen. Haben Sie schon klare Beschwerden durch Ihre alten Matratzen? Leiden Sie unter Kopfschmerzen oder R\u00fcckenschmerzen? Dann sollten Sie schnell den Weg zu Ihrem Schlafberater in der N\u00e4he von Ottobrunn suchen. Hier im Matratzen Haus <a href=\"https:\/\/das-matratzen-haus.de\/lp\/bett-muenchen\/\">M\u00fcnchen <\/a>beraten wir Sie umfassend.<\/p>\n<h3>Moderne Matratzen f\u00fcr Ottobrunn<\/h3>\n<p>Entscheiden Sie sich f\u00fcr einen Besuch in unserem Fachgesch\u00e4ft in der N\u00e4he von Ottobrunn. Wir geben unseren Kunden Tipps f\u00fcr ein besseres Schlafen. F\u00fcr welche Matratzen werden Sie sich entscheiden. Wir stehen Ihnen bei dieser Wahl mit Rat und Tat zur Seite. Mit unserer zertifizierten Beratung minimieren Sie das Risiko von Fehlk\u00e4ufen. Sich in 15 Minuten f\u00fcr ein neues Liegegef\u00fchl zu entscheiden, ist fast unm\u00f6glich. Wir m\u00f6chten, dass Ihre Entscheidung gut begr\u00fcndet ist. Darum spielen bei uns auch Fakten und Daten eine gro\u00dfe Rolle. Es kommt ganz auf Sie an. Unsere erfahrenen Berater empfehlen Ihnen aus Ottobrunn Ihre neue Traummatratze ganz unabh\u00e4ngig von der Marke und dem Preis.<\/p>\n<h3>Wir gehen auf Ihre Bed\u00fcrfnisse ein!<\/h3>\n<p>Unsere Kunden haben ihre ganz eigenen Schlafbed\u00fcrfnisse. Optimal auf diese Bed\u00fcrfnisse ist nur eine Matratze zugeschnitten, die individuell auf Sie angepasst wird. Auch solche Matratzen haben wir f\u00fcr Sie aus Ottobrunn in unserem Gesch\u00e4ft. Schauen Sie doch einmal bei uns vorbei. Es lohnt sich! Lassen Sie lieber die gro\u00dfen M\u00f6belh\u00e4user und Discounts links liegen und kommen Sie aus Ottobrunn zu uns. Denn so gut werden Sie in einem gro\u00dfen M\u00f6belhaus nicht beraten. Das ist der Vorteil eines kleinen Fachgesch\u00e4fts: Eine Beratung die auf Ihre Schlafbed\u00fcrfnisse eingeht. Am Ende einer Schlafanalyse empfehlen wir Ihnen aus der Vielfalt des Angebotes die optimale Schlafunterlage.<\/p>\n<h3>Starke Marken f\u00fcr Ottobrunn &#8211; jetzt beraten lassen!<\/h3>\n<p>Wir haben eine gro\u00dfe Vielfalt an modernen Matratzen in unserem Sortiment. Wir empfehlen Ihnen die Marken <a href=\"https:\/\/das-matratzen-haus.de\/lp\/pf\/lattoflex-matratzen\/\">Lattoflex<\/a>, Metzeler, Nobellomed, <a href=\"https:\/\/das-matratzen-haus.de\/lp\/pf\/rummel-matratzen\/\">Rummel<\/a>, Swissflex, Superba, <a href=\"https:\/\/das-matratzen-haus.de\/lp\/pf\/tempur-matratzen\/\">Tempur <\/a>und IPNOmed. Holen Sie sich jetzt Ihren Beratungstermin!<\/p>\n","protected":false},"excerpt":{"rendered":"<p>Matratzen Ottobrunn Gesunde Matratzen f\u00fcr Ottobrunn und Umgebung Sie m\u00f6chten in Zukunft gesund schlafen? Sie kommen aus Ottobrunn? Dann bestellen Sie doch gesunde Matratzen in&hellip;<\/p>\n","protected":false},"author":15,"featured_media":0,"parent":0,"menu_order":59,"comment_status":"closed","ping_status":"closed","template":"","meta":{"_links_to":"","_links_to_target":""},"yoast_head":"<!-- This site is optimized with the Yoast SEO plugin v16.0.2 - https:\/\/yoast.com\/wordpress\/plugins\/seo\/ -->\n<title>Matratzen Ottobrunn - MATRATZEN &amp; BETTENHAUS M\u00dcNCHEN<\/title>\n<meta name=\"description\" content=\"Matratzen f\u00fcr Ottobrunn und Umgebung vom Fachmann f\u00fcr Matratzen? Wer gesund in Ottobrunn schlafen m\u00f6chte, sollte auf eine Schlafberatung setzen.\" \/>\n<link rel=\"canonical\" href=\"https:\/\/das-matratzen-haus.de\/lp\/matratzen-ottobrunn\/\" \/>\n<meta property=\"og:locale\" content=\"de_DE\" \/>\n<meta property=\"og:type\" content=\"article\" \/>\n<meta property=\"og:title\" content=\"Matratzen Ottobrunn - MATRATZEN &amp; BETTENHAUS M\u00dcNCHEN\" \/>\n<meta property=\"og:description\" content=\"Matratzen f\u00fcr Ottobrunn und Umgebung vom Fachmann f\u00fcr Matratzen? Wer gesund in Ottobrunn schlafen m\u00f6chte, sollte auf eine Schlafberatung setzen.\" \/>\n<meta property=\"og:url\" content=\"https:\/\/das-matratzen-haus.de\/lp\/matratzen-ottobrunn\/\" \/>\n<meta property=\"og:site_name\" content=\"Matratzen- und Bettenhaus M\u00fcnchen\" \/>\n<meta property=\"article:publisher\" content=\"https:\/\/www.facebook.com\/dasmatratzenbettenhausmuenchen\/\" \/>\n<meta property=\"article:modified_time\" content=\"2017-10-13T13:07:35+00:00\" \/>\n<meta name=\"twitter:card\" content=\"summary\" \/>\n<meta name=\"twitter:label1\" content=\"Gesch\u00e4tzte Lesezeit\">\n\t<meta name=\"twitter:data1\" content=\"2\u00a0Minuten\">\n<script type=\"application\/ld+json\" class=\"yoast-schema-graph\">{\"@context\":\"https:\/\/schema.org\",\"@graph\":[{\"@type\":\"WebSite\",\"@id\":\"https:\/\/das-matratzen-haus.de\/lp\/#website\",\"url\":\"https:\/\/das-matratzen-haus.de\/lp\/\",\"name\":\"Matratzen- und Bettenhaus M\\u00fcnchen\",\"description\":\"\",\"potentialAction\":[{\"@type\":\"SearchAction\",\"target\":\"https:\/\/das-matratzen-haus.de\/lp\/?s={search_term_string}\",\"query-input\":\"required name=search_term_string\"}],\"inLanguage\":\"de\"},{\"@type\":\"WebPage\",\"@id\":\"https:\/\/das-matratzen-haus.de\/lp\/matratzen-ottobrunn\/#webpage\",\"url\":\"https:\/\/das-matratzen-haus.de\/lp\/matratzen-ottobrunn\/\",\"name\":\"Matratzen Ottobrunn - MATRATZEN & BETTENHAUS M\\u00dcNCHEN\",\"isPartOf\":{\"@id\":\"https:\/\/das-matratzen-haus.de\/lp\/#website\"},\"datePublished\":\"2017-10-13T11:19:22+00:00\",\"dateModified\":\"2017-10-13T13:07:35+00:00\",\"description\":\"Matratzen f\\u00fcr Ottobrunn und Umgebung vom Fachmann f\\u00fcr Matratzen? Wer gesund in Ottobrunn schlafen m\\u00f6chte, sollte auf eine Schlafberatung setzen.\",\"breadcrumb\":{\"@id\":\"https:\/\/das-matratzen-haus.de\/lp\/matratzen-ottobrunn\/#breadcrumb\"},\"inLanguage\":\"de\",\"potentialAction\":[{\"@type\":\"ReadAction\",\"target\":[\"https:\/\/das-matratzen-haus.de\/lp\/matratzen-ottobrunn\/\"]}]},{\"@type\":\"BreadcrumbList\",\"@id\":\"https:\/\/das-matratzen-haus.de\/lp\/matratzen-ottobrunn\/#breadcrumb\",\"itemListElement\":[{\"@type\":\"ListItem\",\"position\":1,\"item\":{\"@type\":\"WebPage\",\"@id\":\"https:\/\/das-matratzen-haus.de\/lp\/\",\"url\":\"https:\/\/das-matratzen-haus.de\/lp\/\",\"name\":\"Startseite\"}},{\"@type\":\"ListItem\",\"position\":2,\"item\":{\"@type\":\"WebPage\",\"@id\":\"https:\/\/das-matratzen-haus.de\/lp\/matratzen-ottobrunn\/\",\"url\":\"https:\/\/das-matratzen-haus.de\/lp\/matratzen-ottobrunn\/\",\"name\":\"Matratzen Ottobrunn\"}}]}]}<\/script>\n<!-- \/ Yoast SEO plugin. -->","_links":{"self":[{"href":"https:\/\/das-matratzen-haus.de\/lp\/wp-json\/wp\/v2\/pages\/4537"}],"collection":[{"href":"https:\/\/das-matratzen-haus.de\/lp\/wp-json\/wp\/v2\/pages"}],"about":[{"href":"https:\/\/das-matratzen-haus.de\/lp\/wp-json\/wp\/v2\/types\/page"}],"author":[{"embeddable":true,"href":"https:\/\/das-matratzen-haus.de\/lp\/wp-json\/wp\/v2\/users\/15"}],"replies":[{"embeddable":true,"href":"https:\/\/das-matratzen-haus.de\/lp\/wp-json\/wp\/v2\/comments?post=4537"}],"version-history":[{"count":2,"href":"https:\/\/das-matratzen-haus.de\/lp\/wp-json\/wp\/v2\/pages\/4537\/revisions"}],"predecessor-version":[{"id":4539,"href":"https:\/\/das-matratzen-haus.de\/lp\/wp-json\/wp\/v2\/pages\/4537\/revisions\/4539"}],"wp:attachment":[{"href":"https:\/\/das-matratzen-haus.de\/lp\/wp-json\/wp\/v2\/media?parent=4537"}],"curies":[{"name":"wp","href":"https:\/\/api.w.org\/{rel}","templated":true}]}}