{"id":4746,"date":"2018-02-26T18:50:05","date_gmt":"2018-02-26T16:50:05","guid":{"rendered":"https:\/\/das-matratzen-haus.de\/lp\/?page_id=4746"},"modified":"2018-02-26T18:50:05","modified_gmt":"2018-02-26T16:50:05","slug":"betten-holzkirchen","status":"publish","type":"page","link":"https:\/\/das-matratzen-haus.de\/lp\/betten-holzkirchen\/","title":{"rendered":"Betten Holzkirchen"},"content":{"rendered":"<h1>In der N\u00e4he von Holzkirchen: Beratung f\u00fcr hochwertige Betten<\/h1>\n<p>Falls sie eine richtig gute Fachberatung suchen: Besuchen Sie uns. Unser Bettenhaus setzt auf Qualit\u00e4t! Dazu erhalten sie eine pers\u00f6nliche Beratung. Seit fast 20 Jahren betreuen wir Kunden in M\u00fcnchen, Holzkirchen und Umgebung.<\/p>\n<h2>Jetzt auch in der N\u00e4he von Holzkirchen: Gesunde Betten lassen Sie besser schlafen<\/h2>\n<p>Tats\u00e4chlich kommen viele Kunden zu uns,  die \u00fcber eine unbequeme Lage im Bett klagen. Diese Kunden aus Holzkirchen und Umgebung suchen ein v\u00f6llig neues Liegeerlebnis. Bei uns sind Sie richtig. Denn wir beraten Sie zum Thema Schlafgesundheit. Schlafen Sie vielleicht schon ab morgen endlich entspannt. Wir laden Sie gern zu einer Schlafberatung in der N\u00e4he von Holzkirchen ein.<\/p>\n<h3>Ein optimales Schlafsystem f\u00fcr unsere Kunden aus Holzkirchen<\/h3>\n<p>Ob Sie Matratzen oder Lattenroste kaufen, ist nicht die Frage. Vielmehr geht es darum, dass Sie beide Komponenten optimal zusammenstellen lassen. Denn Lattenrost und Matratze bilden zusammen ein Schlafsystem. Jeder Mensch hat andere Anforderungen an dieses System.<\/p>\n<h3>Welcher Schlaftyp sind Sie in Holzkirchen?<\/h3>\n<p>Nicht nur K\u00f6rpergr\u00f6\u00dfe und Gewicht sind wichtig, sondern auch der Aufbau Ihres R\u00fcckens. Dann kommen noch Ihre Vorlieben ins Spiel. Manche Menschen schlafen gern auf dem R\u00fccken. Andere bevorzugen die Seitenlage. Vielleicht m\u00f6gen Sie auch die Lage auf dem Bauch? All diese Aspekte beachten unsere Schlafberater. Unser Tipp: Lassen Sie kein Details bei der Beratung aus. Nur so k\u00f6nnen wir am Ende Ihre optimalen Betten-Empfehlung geben.<\/p>\n<h3>Betten mit vollem Service und kompletten Zubeh\u00f6r<\/h3>\n<p>Welche Betten haben wir im Sortiment? Unser einziger Auswahlkriterium ist die Qualit\u00e4t von Betten. Wir beraten deshalb grunds\u00e4tzlich unabh\u00e4ngig von Hersteller und Marke. betsellen sie bei uns individuell ausgesuchte Wasserbetten sowie Boxspringbetten mit allem Service und Zubeh\u00f6r.<\/p>\n<h3>Qualit\u00e4t durch deutsche Hersteller in Ihrem Fachgesch\u00e4ft f\u00fcr Betten<\/h3>\n<p>Bald k\u00f6nnen Sie auch in Holzkirchen wieder entspannt ausschlafen! Schlafen Sie doch mal wieder so richtig gut durch! Ob Auflagen oder Bettwaren &#8211; wir empfehlen Ihnen Produkte mit einem optimalen Schlafklima. So passt die Matratze zur Bettdecke und zum ergonomischen Nackenst\u00fctzkissen. Kurzum: Bei uns erhalten Sie das Komplettpaket f\u00fcr Ihre Schlafgesundheit!<\/p>\n","protected":false},"excerpt":{"rendered":"<p>In der N\u00e4he von Holzkirchen: Beratung f\u00fcr hochwertige Betten Falls sie eine richtig gute Fachberatung suchen: Besuchen Sie uns. Unser Bettenhaus setzt auf Qualit\u00e4t! Dazu&hellip;<\/p>\n","protected":false},"author":15,"featured_media":0,"parent":0,"menu_order":21,"comment_status":"closed","ping_status":"closed","template":"","meta":{"_links_to":"","_links_to_target":""},"yoast_head":"<!-- This site is optimized with the Yoast SEO plugin v16.0.2 - https:\/\/yoast.com\/wordpress\/plugins\/seo\/ -->\n<title>Betten f\u00fcr Holzkirchen - Qualit\u00e4tsmarken aus Deutschland<\/title>\n<meta name=\"description\" content=\"Betten-Gesch\u00e4ft f\u00fcr Holzkirchen: Bei einer Schlafberatung lernen Sie Ihren K\u00f6rper ganz neu kennen. Danach empfehlen wir Ihnen Markenqualit\u00e4t!\" \/>\n<link rel=\"canonical\" href=\"https:\/\/das-matratzen-haus.de\/lp\/betten-holzkirchen\/\" \/>\n<meta property=\"og:locale\" content=\"de_DE\" \/>\n<meta property=\"og:type\" content=\"article\" \/>\n<meta property=\"og:title\" content=\"Betten f\u00fcr Holzkirchen - Qualit\u00e4tsmarken aus Deutschland\" \/>\n<meta property=\"og:description\" content=\"Betten-Gesch\u00e4ft f\u00fcr Holzkirchen: Bei einer Schlafberatung lernen Sie Ihren K\u00f6rper ganz neu kennen. Danach empfehlen wir Ihnen Markenqualit\u00e4t!\" \/>\n<meta property=\"og:url\" content=\"https:\/\/das-matratzen-haus.de\/lp\/betten-holzkirchen\/\" \/>\n<meta property=\"og:site_name\" content=\"Matratzen- und Bettenhaus M\u00fcnchen\" \/>\n<meta property=\"article:publisher\" content=\"https:\/\/www.facebook.com\/dasmatratzenbettenhausmuenchen\/\" \/>\n<meta name=\"twitter:card\" content=\"summary\" \/>\n<meta name=\"twitter:label1\" content=\"Gesch\u00e4tzte Lesezeit\">\n\t<meta name=\"twitter:data1\" content=\"2\u00a0Minuten\">\n<script type=\"application\/ld+json\" class=\"yoast-schema-graph\">{\"@context\":\"https:\/\/schema.org\",\"@graph\":[{\"@type\":\"WebSite\",\"@id\":\"https:\/\/das-matratzen-haus.de\/lp\/#website\",\"url\":\"https:\/\/das-matratzen-haus.de\/lp\/\",\"name\":\"Matratzen- und Bettenhaus M\\u00fcnchen\",\"description\":\"\",\"potentialAction\":[{\"@type\":\"SearchAction\",\"target\":\"https:\/\/das-matratzen-haus.de\/lp\/?s={search_term_string}\",\"query-input\":\"required name=search_term_string\"}],\"inLanguage\":\"de\"},{\"@type\":\"WebPage\",\"@id\":\"https:\/\/das-matratzen-haus.de\/lp\/betten-holzkirchen\/#webpage\",\"url\":\"https:\/\/das-matratzen-haus.de\/lp\/betten-holzkirchen\/\",\"name\":\"Betten f\\u00fcr Holzkirchen - Qualit\\u00e4tsmarken aus Deutschland\",\"isPartOf\":{\"@id\":\"https:\/\/das-matratzen-haus.de\/lp\/#website\"},\"datePublished\":\"2018-02-26T16:50:05+00:00\",\"dateModified\":\"2018-02-26T16:50:05+00:00\",\"description\":\"Betten-Gesch\\u00e4ft f\\u00fcr Holzkirchen: Bei einer Schlafberatung lernen Sie Ihren K\\u00f6rper ganz neu kennen. Danach empfehlen wir Ihnen Markenqualit\\u00e4t!\",\"breadcrumb\":{\"@id\":\"https:\/\/das-matratzen-haus.de\/lp\/betten-holzkirchen\/#breadcrumb\"},\"inLanguage\":\"de\",\"potentialAction\":[{\"@type\":\"ReadAction\",\"target\":[\"https:\/\/das-matratzen-haus.de\/lp\/betten-holzkirchen\/\"]}]},{\"@type\":\"BreadcrumbList\",\"@id\":\"https:\/\/das-matratzen-haus.de\/lp\/betten-holzkirchen\/#breadcrumb\",\"itemListElement\":[{\"@type\":\"ListItem\",\"position\":1,\"item\":{\"@type\":\"WebPage\",\"@id\":\"https:\/\/das-matratzen-haus.de\/lp\/\",\"url\":\"https:\/\/das-matratzen-haus.de\/lp\/\",\"name\":\"Startseite\"}},{\"@type\":\"ListItem\",\"position\":2,\"item\":{\"@type\":\"WebPage\",\"@id\":\"https:\/\/das-matratzen-haus.de\/lp\/betten-holzkirchen\/\",\"url\":\"https:\/\/das-matratzen-haus.de\/lp\/betten-holzkirchen\/\",\"name\":\"Betten Holzkirchen\"}}]}]}<\/script>\n<!-- \/ Yoast SEO plugin. -->","_links":{"self":[{"href":"https:\/\/das-matratzen-haus.de\/lp\/wp-json\/wp\/v2\/pages\/4746"}],"collection":[{"href":"https:\/\/das-matratzen-haus.de\/lp\/wp-json\/wp\/v2\/pages"}],"about":[{"href":"https:\/\/das-matratzen-haus.de\/lp\/wp-json\/wp\/v2\/types\/page"}],"author":[{"embeddable":true,"href":"https:\/\/das-matratzen-haus.de\/lp\/wp-json\/wp\/v2\/users\/15"}],"replies":[{"embeddable":true,"href":"https:\/\/das-matratzen-haus.de\/lp\/wp-json\/wp\/v2\/comments?post=4746"}],"version-history":[{"count":1,"href":"https:\/\/das-matratzen-haus.de\/lp\/wp-json\/wp\/v2\/pages\/4746\/revisions"}],"predecessor-version":[{"id":4747,"href":"https:\/\/das-matratzen-haus.de\/lp\/wp-json\/wp\/v2\/pages\/4746\/revisions\/4747"}],"wp:attachment":[{"href":"https:\/\/das-matratzen-haus.de\/lp\/wp-json\/wp\/v2\/media?parent=4746"}],"curies":[{"name":"wp","href":"https:\/\/api.w.org\/{rel}","templated":true}]}}