{"id":4778,"date":"2018-04-18T14:31:55","date_gmt":"2018-04-18T12:31:55","guid":{"rendered":"https:\/\/das-matratzen-haus.de\/lp\/?page_id=4778"},"modified":"2018-04-18T14:31:55","modified_gmt":"2018-04-18T12:31:55","slug":"betten-planegg","status":"publish","type":"page","link":"https:\/\/das-matratzen-haus.de\/lp\/betten-planegg\/","title":{"rendered":"Betten Planegg"},"content":{"rendered":"<h1>In der N\u00e4he von Planegg \u2013 Betten aus dem Fachhandel<\/h1>\n<p>Ob Matratzen, <a href=\"https:\/\/das-matratzen-haus.de\/lp\/lattenroste-muenchen\/\">Lattenroste<\/a>, <a href=\"https:\/\/das-matratzen-haus.de\/lp\/bett-muenchen\/\">Betten <\/a>oder Schlafsysteme \u2013 in der N\u00e4he von Planegg stehen wir vom <strong>Matratzen- und Bettenhaus f\u00fcr Sie bereit<\/strong>. Aus Planegg sind Sie in weniger als 30 Minuten bei uns in der Heinrich-Wieland-Stra\u00dfe 87 + 98. Sie finden ausreichend Kundenparkpl\u00e4tze direkt vor unserer T\u00fcr. Genie\u00dfen Sie den Service eines zertifizierten AGR-Unternehmens. AGR bedeutet \u201eAktion Gesunder R\u00fccken\u201c. Diese Zertifizierung sichert Ihnen ein besonderes Fachwissen und regelm\u00e4\u00dfige Weiterbildung in Sachen \u201eWie schlafe ich gesund\u201c. Denn unser Anspruch ist: Die Betten, die wir verkaufen, unterst\u00fctzen Ihre Schlafgesundheit.<\/p>\n<h2>Gut schlafen hei\u00dft mit der richtigen Unterlage schlafen \u2013 Informationen f\u00fcr Kunden aus Planegg<\/h2>\n<p>Nichts l\u00e4sst Sie schlechter schlafen als unpassende Betten. Besonders mit fortschreitendem Alter oder steigender Arbeitsbelastung wird eine gute Matratze immer wichtiger. Unsere Philosophie ist: <strong>Jeder Mensch braucht seine ganz individuelle Konfiguration von Lattenrost, Kopfkissen und Matratze<\/strong>. Deshalb empfehlen wir auch gern komplette Schlafsysteme. Die k\u00f6nnen wir genau auf Ihr Liegeprofil hin konfigurieren.<\/p>\n<h3>Vor dem Betten-Kauf: Liegenanalyse in der N\u00e4he von Planegg<\/h3>\n<p>Deshalb m\u00f6chten wir Sie aus Planegg zu einer Schlafberatung einladen. Denn vor jedem Kauf empfehlen wir eine gezielte Liegeanalyse. Wir nehmen uns Zeit f\u00fcr Sie. Im Gegenzug sollten Sie sich auch Zeit lassen. So <strong>minimieren Sie das Risiko von Fehlk\u00e4ufen<\/strong>. Nur auf Qualit\u00e4ts-Betten kann sich der K\u00f6rper ausreichend erholen. Denn alle Sehen und Muskeln sollen sich entspannen. Daf\u00fcr ist der richtige <strong>Mix aus Druckpunkt-Unterst\u00fctzung und Elastizit\u00e4t n\u00f6tig<\/strong>. Im Idealfall arbeiten Lattenrost und Matratze Hand in Hand, um Ihre Wirbels\u00e4ule richtig zu entlasten. Wir setzen moderne Analysetechnik ein, um Ihr pers\u00f6nliches Liegeprofil zu erstellen.<\/p>\n<h3>Ob Boxspring-Betten, Wasserbetten oder Schlafsysteme \u2013 genie\u00dfen Sie Markenqualit\u00e4t<\/h3>\n<p>Reservieren Sie jetzt einen Termin f\u00fcr Ihre Beratung. Danach w\u00e4hlen Sie aus einer breiten Vielfalt von Markenprodukten Ihr neues Lieblingsbett! Ihr R\u00fccken wird es Ihnen danken. \u00dcberdies empfehlen wir Ihnen gern die neuesten Produkte im Bereich <a href=\"https:\/\/das-matratzen-haus.de\/lp\/fachberatung\/boxspringbetten-muenchen\/\">Boxspringbetten <\/a>oder <a href=\"https:\/\/das-matratzen-haus.de\/lp\/produkte\/wasserbetten-muenchen\/\">Wasserbetten<\/a>. Ob Schlafsysteme, Schlafzimmerschr\u00e4nke oder auch richtig sch\u00f6ne Bettgestelle \u2013 hier kaufen Sie gut ein!<\/p>\n","protected":false},"excerpt":{"rendered":"<p>In der N\u00e4he von Planegg \u2013 Betten aus dem Fachhandel Ob Matratzen, Lattenroste, Betten oder Schlafsysteme \u2013 in der N\u00e4he von Planegg stehen wir vom&hellip;<\/p>\n","protected":false},"author":15,"featured_media":0,"parent":0,"menu_order":28,"comment_status":"closed","ping_status":"closed","template":"","meta":{"_links_to":"","_links_to_target":""},"yoast_head":"<!-- This site is optimized with the Yoast SEO plugin v16.0.2 - https:\/\/yoast.com\/wordpress\/plugins\/seo\/ -->\n<title>Gesundheit &amp; Betten \u2013 in der N\u00e4he von Planegg kaufen Sie bewusst ein<\/title>\n<meta name=\"description\" content=\"Gute Beratung \u2013 hochwertige Marken \u2013 so kaufen Sie Betten, Matratzen und Zubeh\u00f6r richtig. In der N\u00e4he von Planegg finden Sie Ihren Schlafberater!\" \/>\n<link rel=\"canonical\" href=\"https:\/\/das-matratzen-haus.de\/lp\/betten-planegg\/\" \/>\n<meta property=\"og:locale\" content=\"de_DE\" \/>\n<meta property=\"og:type\" content=\"article\" \/>\n<meta property=\"og:title\" content=\"Gesundheit &amp; Betten \u2013 in der N\u00e4he von Planegg kaufen Sie bewusst ein\" \/>\n<meta property=\"og:description\" content=\"Gute Beratung \u2013 hochwertige Marken \u2013 so kaufen Sie Betten, Matratzen und Zubeh\u00f6r richtig. In der N\u00e4he von Planegg finden Sie Ihren Schlafberater!\" \/>\n<meta property=\"og:url\" content=\"https:\/\/das-matratzen-haus.de\/lp\/betten-planegg\/\" \/>\n<meta property=\"og:site_name\" content=\"Matratzen- und Bettenhaus M\u00fcnchen\" \/>\n<meta property=\"article:publisher\" content=\"https:\/\/www.facebook.com\/dasmatratzenbettenhausmuenchen\/\" \/>\n<meta name=\"twitter:card\" content=\"summary\" \/>\n<meta name=\"twitter:label1\" content=\"Gesch\u00e4tzte Lesezeit\">\n\t<meta name=\"twitter:data1\" content=\"2\u00a0Minuten\">\n<script type=\"application\/ld+json\" class=\"yoast-schema-graph\">{\"@context\":\"https:\/\/schema.org\",\"@graph\":[{\"@type\":\"WebSite\",\"@id\":\"https:\/\/das-matratzen-haus.de\/lp\/#website\",\"url\":\"https:\/\/das-matratzen-haus.de\/lp\/\",\"name\":\"Matratzen- und Bettenhaus M\\u00fcnchen\",\"description\":\"\",\"potentialAction\":[{\"@type\":\"SearchAction\",\"target\":\"https:\/\/das-matratzen-haus.de\/lp\/?s={search_term_string}\",\"query-input\":\"required name=search_term_string\"}],\"inLanguage\":\"de\"},{\"@type\":\"WebPage\",\"@id\":\"https:\/\/das-matratzen-haus.de\/lp\/betten-planegg\/#webpage\",\"url\":\"https:\/\/das-matratzen-haus.de\/lp\/betten-planegg\/\",\"name\":\"Gesundheit & Betten \\u2013 in der N\\u00e4he von Planegg kaufen Sie bewusst ein\",\"isPartOf\":{\"@id\":\"https:\/\/das-matratzen-haus.de\/lp\/#website\"},\"datePublished\":\"2018-04-18T12:31:55+00:00\",\"dateModified\":\"2018-04-18T12:31:55+00:00\",\"description\":\"Gute Beratung \\u2013 hochwertige Marken \\u2013 so kaufen Sie Betten, Matratzen und Zubeh\\u00f6r richtig. In der N\\u00e4he von Planegg finden Sie Ihren Schlafberater!\",\"breadcrumb\":{\"@id\":\"https:\/\/das-matratzen-haus.de\/lp\/betten-planegg\/#breadcrumb\"},\"inLanguage\":\"de\",\"potentialAction\":[{\"@type\":\"ReadAction\",\"target\":[\"https:\/\/das-matratzen-haus.de\/lp\/betten-planegg\/\"]}]},{\"@type\":\"BreadcrumbList\",\"@id\":\"https:\/\/das-matratzen-haus.de\/lp\/betten-planegg\/#breadcrumb\",\"itemListElement\":[{\"@type\":\"ListItem\",\"position\":1,\"item\":{\"@type\":\"WebPage\",\"@id\":\"https:\/\/das-matratzen-haus.de\/lp\/\",\"url\":\"https:\/\/das-matratzen-haus.de\/lp\/\",\"name\":\"Startseite\"}},{\"@type\":\"ListItem\",\"position\":2,\"item\":{\"@type\":\"WebPage\",\"@id\":\"https:\/\/das-matratzen-haus.de\/lp\/betten-planegg\/\",\"url\":\"https:\/\/das-matratzen-haus.de\/lp\/betten-planegg\/\",\"name\":\"Betten Planegg\"}}]}]}<\/script>\n<!-- \/ Yoast SEO plugin. -->","_links":{"self":[{"href":"https:\/\/das-matratzen-haus.de\/lp\/wp-json\/wp\/v2\/pages\/4778"}],"collection":[{"href":"https:\/\/das-matratzen-haus.de\/lp\/wp-json\/wp\/v2\/pages"}],"about":[{"href":"https:\/\/das-matratzen-haus.de\/lp\/wp-json\/wp\/v2\/types\/page"}],"author":[{"embeddable":true,"href":"https:\/\/das-matratzen-haus.de\/lp\/wp-json\/wp\/v2\/users\/15"}],"replies":[{"embeddable":true,"href":"https:\/\/das-matratzen-haus.de\/lp\/wp-json\/wp\/v2\/comments?post=4778"}],"version-history":[{"count":2,"href":"https:\/\/das-matratzen-haus.de\/lp\/wp-json\/wp\/v2\/pages\/4778\/revisions"}],"predecessor-version":[{"id":4780,"href":"https:\/\/das-matratzen-haus.de\/lp\/wp-json\/wp\/v2\/pages\/4778\/revisions\/4780"}],"wp:attachment":[{"href":"https:\/\/das-matratzen-haus.de\/lp\/wp-json\/wp\/v2\/media?parent=4778"}],"curies":[{"name":"wp","href":"https:\/\/api.w.org\/{rel}","templated":true}]}}