{"id":4848,"date":"2018-08-09T09:04:37","date_gmt":"2018-08-09T07:04:37","guid":{"rendered":"https:\/\/das-matratzen-haus.de\/lp\/?page_id=4848"},"modified":"2018-08-09T09:04:37","modified_gmt":"2018-08-09T07:04:37","slug":"betten-vaterstetten","status":"publish","type":"page","link":"https:\/\/das-matratzen-haus.de\/lp\/betten-vaterstetten\/","title":{"rendered":"Betten Vaterstetten"},"content":{"rendered":"<h1>Betten f\u00fcr Vaterstetten<\/h1>\n<p>Sie wohnen in Vaterstetten und suchen eine exklusive Fachberatung zum Thema <a href=\"https:\/\/das-matratzen-haus.de\/lp\/bett-muenchen\/\">Betten<\/a>? Dann sind wir im Matratzenhaus <a href=\"https:\/\/das-matratzen-haus.de\/lp\/schlafberater-muenchen\/\">M\u00fcnchen <\/a>die richtigen Ansprechpartner f\u00fcr Sie. Denn gute Fachberatung lohnt sich auf jeden Fall. Lernen Sie Ihren K\u00f6rper ganz neu kennen! Schlie\u00dflich sollten Ihre neuen Betten genau zu Ihnen passen. Viele Menschen leiden unter einem schlechten Schlaf. Manche haben sich vielleicht in Vergangenheit f\u00fcr das falsche Bettsystem entschieden.Traumhaft schlafen in sch\u00f6nen Betten!<\/p>\n<h2>Einmal gut beraten sein &#8211; darauf kommt es an! Willkommen aus Vaterstetten!<\/h2>\n<p>Wir m\u00f6chten, dass Sie einmal <strong>unsere Fachberatung ausprobieren<\/strong>. Denn wir m\u00f6chten erreichen, dass Sie sich wieder rundum wohl im Bett f\u00fchlen. Stellen Sie sich vor, dass es eine Matratze gibt, die sie ohne R\u00fcckenprobleme schlafen l\u00e4sst. Auf jeden Fall! Falls Sie unter liegebedingten Schmerzen im R\u00fccken leiden, finden wir Ihre L\u00f6sung. Denn bei einem Liegetest stellen wir fest, was Ihr K\u00f6rper wirklich braucht. Meist kommt es dabei auf den richtigen Mix aus weichen und h\u00e4rteren Liegezonen an. Gern erkl\u00e4ren Ihnen unsere Schlafberater vor Ort, welche Betten f\u00fcr Sie in Frage kommen.<\/p>\n<h3>Auf die pers\u00f6nliche und fachliche Beratung kommt es an<\/h3>\n<p>Seit 20 Jahren betreuen wir erfolgreich unsere Kunden. Vielleicht m\u00f6chten Sie<strong> in Vaterstetten auch zu unseren gl\u00fccklichen Betten Testern<\/strong> geh\u00f6ren? Beim Thema Betten empfehlen wir Ihnen gern unsere Schlafsysteme. Diese bestehen aus einer genau zugeschnittenen Kombination von Lattenrosten und Matratzen. Ist beides zusammen hochwertig, verbessert sich auch die Qualit\u00e4t des Schlafes. Wir beraten Sie \u00fcbrigens auch gern mal bei Ihnen vor Ort in Vaterstetten. In diesem Fall k\u00f6nnen wir Ihre bisherigen Betten \u00fcberpr\u00fcfen und Alternativen empfehlen.<\/p>\n<h3>Betten individuell &#8211; perfekt f\u00fcr Ihren Schlaftyp<\/h3>\n<p>Freuen Sie sich auf ein neues Erlebnis Schlaf. F\u00fcr <strong>jeden Schlaftyp empfehlen wir die richtige Unterlage<\/strong>. Egal, ob Sie auf der Seite, auf dem R\u00fccken oder gern auf dem Bauch schlafen. Wir passen die Matratze und den Rost Ihrem Schlafbed\u00fcrfnis an.<\/p>\n<p>Erz\u00e4hlen Sie uns von Ihren Gewohnheiten beim Schlaf. Auch das hilft uns, die perfekte L\u00f6sung zu finden. Kommen Sie aus Vaterstetten? Holen Sie sich einen Termin f\u00fcr Ihre Schlafberatung!<\/p>\n<p>&nbsp;<\/p>\n","protected":false},"excerpt":{"rendered":"<p>Betten f\u00fcr Vaterstetten Sie wohnen in Vaterstetten und suchen eine exklusive Fachberatung zum Thema Betten? Dann sind wir im Matratzenhaus M\u00fcnchen die richtigen Ansprechpartner f\u00fcr&hellip;<\/p>\n","protected":false},"author":15,"featured_media":0,"parent":0,"menu_order":34,"comment_status":"closed","ping_status":"closed","template":"","meta":{"_links_to":"","_links_to_target":""},"yoast_head":"<!-- This site is optimized with the Yoast SEO plugin v16.0.2 - https:\/\/yoast.com\/wordpress\/plugins\/seo\/ -->\n<title>Betten f\u00fcr Vaterstetten - Schlafen mit echter Qualit\u00e4tsgarantie!<\/title>\n<meta name=\"description\" content=\"F\u00fcr Betten die richtige Beratung in M\u00fcnchen. Wir freuen uns auf neue Kunden aus Vaterstetten. Endlich gesund und herrlich gut schlafen!\" \/>\n<link rel=\"canonical\" href=\"https:\/\/das-matratzen-haus.de\/lp\/betten-vaterstetten\/\" \/>\n<meta property=\"og:locale\" content=\"de_DE\" \/>\n<meta property=\"og:type\" content=\"article\" \/>\n<meta property=\"og:title\" content=\"Betten f\u00fcr Vaterstetten - Schlafen mit echter Qualit\u00e4tsgarantie!\" \/>\n<meta property=\"og:description\" content=\"F\u00fcr Betten die richtige Beratung in M\u00fcnchen. Wir freuen uns auf neue Kunden aus Vaterstetten. Endlich gesund und herrlich gut schlafen!\" \/>\n<meta property=\"og:url\" content=\"https:\/\/das-matratzen-haus.de\/lp\/betten-vaterstetten\/\" \/>\n<meta property=\"og:site_name\" content=\"Matratzen- und Bettenhaus M\u00fcnchen\" \/>\n<meta property=\"article:publisher\" content=\"https:\/\/www.facebook.com\/dasmatratzenbettenhausmuenchen\/\" \/>\n<meta name=\"twitter:card\" content=\"summary\" \/>\n<meta name=\"twitter:label1\" content=\"Gesch\u00e4tzte Lesezeit\">\n\t<meta name=\"twitter:data1\" content=\"2\u00a0Minuten\">\n<script type=\"application\/ld+json\" class=\"yoast-schema-graph\">{\"@context\":\"https:\/\/schema.org\",\"@graph\":[{\"@type\":\"WebSite\",\"@id\":\"https:\/\/das-matratzen-haus.de\/lp\/#website\",\"url\":\"https:\/\/das-matratzen-haus.de\/lp\/\",\"name\":\"Matratzen- und Bettenhaus M\\u00fcnchen\",\"description\":\"\",\"potentialAction\":[{\"@type\":\"SearchAction\",\"target\":\"https:\/\/das-matratzen-haus.de\/lp\/?s={search_term_string}\",\"query-input\":\"required name=search_term_string\"}],\"inLanguage\":\"de\"},{\"@type\":\"WebPage\",\"@id\":\"https:\/\/das-matratzen-haus.de\/lp\/betten-vaterstetten\/#webpage\",\"url\":\"https:\/\/das-matratzen-haus.de\/lp\/betten-vaterstetten\/\",\"name\":\"Betten f\\u00fcr Vaterstetten - Schlafen mit echter Qualit\\u00e4tsgarantie!\",\"isPartOf\":{\"@id\":\"https:\/\/das-matratzen-haus.de\/lp\/#website\"},\"datePublished\":\"2018-08-09T07:04:37+00:00\",\"dateModified\":\"2018-08-09T07:04:37+00:00\",\"description\":\"F\\u00fcr Betten die richtige Beratung in M\\u00fcnchen. Wir freuen uns auf neue Kunden aus Vaterstetten. Endlich gesund und herrlich gut schlafen!\",\"breadcrumb\":{\"@id\":\"https:\/\/das-matratzen-haus.de\/lp\/betten-vaterstetten\/#breadcrumb\"},\"inLanguage\":\"de\",\"potentialAction\":[{\"@type\":\"ReadAction\",\"target\":[\"https:\/\/das-matratzen-haus.de\/lp\/betten-vaterstetten\/\"]}]},{\"@type\":\"BreadcrumbList\",\"@id\":\"https:\/\/das-matratzen-haus.de\/lp\/betten-vaterstetten\/#breadcrumb\",\"itemListElement\":[{\"@type\":\"ListItem\",\"position\":1,\"item\":{\"@type\":\"WebPage\",\"@id\":\"https:\/\/das-matratzen-haus.de\/lp\/\",\"url\":\"https:\/\/das-matratzen-haus.de\/lp\/\",\"name\":\"Startseite\"}},{\"@type\":\"ListItem\",\"position\":2,\"item\":{\"@type\":\"WebPage\",\"@id\":\"https:\/\/das-matratzen-haus.de\/lp\/betten-vaterstetten\/\",\"url\":\"https:\/\/das-matratzen-haus.de\/lp\/betten-vaterstetten\/\",\"name\":\"Betten Vaterstetten\"}}]}]}<\/script>\n<!-- \/ Yoast SEO plugin. -->","_links":{"self":[{"href":"https:\/\/das-matratzen-haus.de\/lp\/wp-json\/wp\/v2\/pages\/4848"}],"collection":[{"href":"https:\/\/das-matratzen-haus.de\/lp\/wp-json\/wp\/v2\/pages"}],"about":[{"href":"https:\/\/das-matratzen-haus.de\/lp\/wp-json\/wp\/v2\/types\/page"}],"author":[{"embeddable":true,"href":"https:\/\/das-matratzen-haus.de\/lp\/wp-json\/wp\/v2\/users\/15"}],"replies":[{"embeddable":true,"href":"https:\/\/das-matratzen-haus.de\/lp\/wp-json\/wp\/v2\/comments?post=4848"}],"version-history":[{"count":2,"href":"https:\/\/das-matratzen-haus.de\/lp\/wp-json\/wp\/v2\/pages\/4848\/revisions"}],"predecessor-version":[{"id":4850,"href":"https:\/\/das-matratzen-haus.de\/lp\/wp-json\/wp\/v2\/pages\/4848\/revisions\/4850"}],"wp:attachment":[{"href":"https:\/\/das-matratzen-haus.de\/lp\/wp-json\/wp\/v2\/media?parent=4848"}],"curies":[{"name":"wp","href":"https:\/\/api.w.org\/{rel}","templated":true}]}}