{"id":4909,"date":"2018-11-21T08:17:25","date_gmt":"2018-11-21T06:17:25","guid":{"rendered":"https:\/\/das-matratzen-haus.de\/lp\/?page_id=4909"},"modified":"2020-02-03T11:05:51","modified_gmt":"2020-02-03T09:05:51","slug":"betten-taufkirchen","status":"publish","type":"page","link":"https:\/\/das-matratzen-haus.de\/lp\/betten-taufkirchen\/","title":{"rendered":"Betten Taufkirchen"},"content":{"rendered":"<h1>Betten f\u00fcr Taufkirchen<\/h1>\n<p>Das Matratzenhaus in <a href=\"https:\/\/das-matratzen-haus.de\/lp\/betten-muenchen\/\">M\u00fcnchen<\/a> bietet allen Kunden aus Taufkirchen und Umgebung erstklassige Beratung rund um neue Betten. Sie suchen einen Fachh\u00e4ndler, der genau \u00fcber die Aspekte der Schlafgesundheit Bescheid wei\u00df? Dann sind Sie bei uns genau richtig.<\/p>\n<h2>Worauf kommt es bei Betten an?<\/h2>\n<p>Sie kommen aus Taufkirchen und m\u00f6chten neue <a href=\"https:\/\/das-matratzen-haus.de\/lp\/betten-holzkirchen\/\">Betten<\/a> ausprobieren? Kommen  Sie doch einfach vorbei. Wer jedoch gleich richtig beraten werden will, sollte sich vielleicht einen Termin reservieren. Unsere Berater nehmen sich in jedem Fall richtig Zeit f\u00fcr Sie. Schlie\u00dflich geht es nicht nur um das Probeliegen. Sie m\u00f6chten ja auch von Ihrem H\u00e4ndler eine echte Empfehlung. Da k\u00f6nnen Sie sich \u00fcbrigens auch gut darauf vorbereiten. Denn Sie k\u00f6nnen vorab einmal \u00fcberlegen, was Ihnen an Ihrem alten Bett nicht mehr gef\u00e4llt. Haben Sie au\u00dferdem lang gehegte W\u00fcnsche? Wollten Sie schon immer mal ein Wasserbett testen? Auch das k\u00f6nnen Sie mit uns im Vorfeld abkl\u00e4ren. So k\u00f6nnen wir uns optimal auf Sie vorbereiten.<\/p>\n<h3>Gesunde Betten gesucht? Melden Sie sich an zur Schlafberatung in der N\u00e4he von Taufkirchen!<\/h3>\n<p>Was ist eigentlich der Unterschied zwischen einem normalen Probeliegen und einer zertifizierten Schlafberatung? Wichtig sind einerseits hohe Standards in der Beratung. Diese haben wir gemeinsam mit der \u201eAktion gesunder R\u00fccken\u201c festgelegt. Deshalb bekommen unsere Produkte auch das AGR G\u00fctesiegel. Die AGR pr\u00fcft \u00fcbrigens ergonomisch sinnvolle Produkte \u2013 von Schreibtischen \u00fcber Kindersitzen bis hin zu neuen Betten.<\/p>\n<h3>Sie m\u00f6chten \u201egut\u201c schlafen? Was verstehen wir darunter?<\/h3>\n<p>Das Geheimnis hinter dem guten Schlaf machen sogenannte K\u00f6rpergerechte Betten aus. Diese Betten unterst\u00fctzen Ihren K\u00f6rper also genau da, wo die Schwachstellen liegen. Dazu geh\u00f6rt es eben, zu wissen, welche Matratzen f\u00fcr Ihren K\u00f6rper in Frage kommen. Das ist unsere Aufgabe als Schlafberater f\u00fcr Taufkirchen. Wir stimmen f\u00fcr Sie aus Taufkirchen Matratze und Unterfederung genau auf Sie ab. So w\u00e4hlen wir gemeinsam gesunde Betten f\u00fcr Sie aus. Egal, ob Boxspring- oder Wasserbetten, ob Matratzen aus Kaltschaum oder Naturlatex \u2013 wir m\u00f6chten, dass Sie zuk\u00fcnftig wieder gesund schlafen.<\/p>\n","protected":false},"excerpt":{"rendered":"<p>Betten f\u00fcr Taufkirchen Das Matratzenhaus in M\u00fcnchen bietet allen Kunden aus Taufkirchen und Umgebung erstklassige Beratung rund um neue Betten. Sie suchen einen Fachh\u00e4ndler, der&hellip;<\/p>\n","protected":false},"author":15,"featured_media":0,"parent":0,"menu_order":32,"comment_status":"closed","ping_status":"closed","template":"","meta":{"_links_to":"","_links_to_target":""},"yoast_head":"<!-- This site is optimized with the Yoast SEO plugin v16.0.2 - https:\/\/yoast.com\/wordpress\/plugins\/seo\/ -->\n<title>Betten Taufkirchen, Matratzen, Lattenroste, Schlafsysteme<\/title>\n<meta name=\"description\" content=\"Betten f\u00fcr Taufkirchen: Ob Boxspringbetten, Wasserbetten, Matratzen, Lattenroste, individuelle Schlafsysteme \u2013 jetzt beraten lassen!\" \/>\n<link rel=\"canonical\" href=\"https:\/\/das-matratzen-haus.de\/lp\/betten-taufkirchen\/\" \/>\n<meta property=\"og:locale\" content=\"de_DE\" \/>\n<meta property=\"og:type\" content=\"article\" \/>\n<meta property=\"og:title\" content=\"Betten Taufkirchen, Matratzen, Lattenroste, Schlafsysteme\" \/>\n<meta property=\"og:description\" content=\"Betten f\u00fcr Taufkirchen: Ob Boxspringbetten, Wasserbetten, Matratzen, Lattenroste, individuelle Schlafsysteme \u2013 jetzt beraten lassen!\" \/>\n<meta property=\"og:url\" content=\"https:\/\/das-matratzen-haus.de\/lp\/betten-taufkirchen\/\" \/>\n<meta property=\"og:site_name\" content=\"Matratzen- und Bettenhaus M\u00fcnchen\" \/>\n<meta property=\"article:publisher\" content=\"https:\/\/www.facebook.com\/dasmatratzenbettenhausmuenchen\/\" \/>\n<meta property=\"article:modified_time\" content=\"2020-02-03T09:05:51+00:00\" \/>\n<meta name=\"twitter:card\" content=\"summary\" \/>\n<meta name=\"twitter:label1\" content=\"Gesch\u00e4tzte Lesezeit\">\n\t<meta name=\"twitter:data1\" content=\"2\u00a0Minuten\">\n<script type=\"application\/ld+json\" class=\"yoast-schema-graph\">{\"@context\":\"https:\/\/schema.org\",\"@graph\":[{\"@type\":\"WebSite\",\"@id\":\"https:\/\/das-matratzen-haus.de\/lp\/#website\",\"url\":\"https:\/\/das-matratzen-haus.de\/lp\/\",\"name\":\"Matratzen- und Bettenhaus M\\u00fcnchen\",\"description\":\"\",\"potentialAction\":[{\"@type\":\"SearchAction\",\"target\":\"https:\/\/das-matratzen-haus.de\/lp\/?s={search_term_string}\",\"query-input\":\"required name=search_term_string\"}],\"inLanguage\":\"de\"},{\"@type\":\"WebPage\",\"@id\":\"https:\/\/das-matratzen-haus.de\/lp\/betten-taufkirchen\/#webpage\",\"url\":\"https:\/\/das-matratzen-haus.de\/lp\/betten-taufkirchen\/\",\"name\":\"Betten Taufkirchen, Matratzen, Lattenroste, Schlafsysteme\",\"isPartOf\":{\"@id\":\"https:\/\/das-matratzen-haus.de\/lp\/#website\"},\"datePublished\":\"2018-11-21T06:17:25+00:00\",\"dateModified\":\"2020-02-03T09:05:51+00:00\",\"description\":\"Betten f\\u00fcr Taufkirchen: Ob Boxspringbetten, Wasserbetten, Matratzen, Lattenroste, individuelle Schlafsysteme \\u2013 jetzt beraten lassen!\",\"breadcrumb\":{\"@id\":\"https:\/\/das-matratzen-haus.de\/lp\/betten-taufkirchen\/#breadcrumb\"},\"inLanguage\":\"de\",\"potentialAction\":[{\"@type\":\"ReadAction\",\"target\":[\"https:\/\/das-matratzen-haus.de\/lp\/betten-taufkirchen\/\"]}]},{\"@type\":\"BreadcrumbList\",\"@id\":\"https:\/\/das-matratzen-haus.de\/lp\/betten-taufkirchen\/#breadcrumb\",\"itemListElement\":[{\"@type\":\"ListItem\",\"position\":1,\"item\":{\"@type\":\"WebPage\",\"@id\":\"https:\/\/das-matratzen-haus.de\/lp\/\",\"url\":\"https:\/\/das-matratzen-haus.de\/lp\/\",\"name\":\"Startseite\"}},{\"@type\":\"ListItem\",\"position\":2,\"item\":{\"@type\":\"WebPage\",\"@id\":\"https:\/\/das-matratzen-haus.de\/lp\/betten-taufkirchen\/\",\"url\":\"https:\/\/das-matratzen-haus.de\/lp\/betten-taufkirchen\/\",\"name\":\"Betten Taufkirchen\"}}]}]}<\/script>\n<!-- \/ Yoast SEO plugin. -->","_links":{"self":[{"href":"https:\/\/das-matratzen-haus.de\/lp\/wp-json\/wp\/v2\/pages\/4909"}],"collection":[{"href":"https:\/\/das-matratzen-haus.de\/lp\/wp-json\/wp\/v2\/pages"}],"about":[{"href":"https:\/\/das-matratzen-haus.de\/lp\/wp-json\/wp\/v2\/types\/page"}],"author":[{"embeddable":true,"href":"https:\/\/das-matratzen-haus.de\/lp\/wp-json\/wp\/v2\/users\/15"}],"replies":[{"embeddable":true,"href":"https:\/\/das-matratzen-haus.de\/lp\/wp-json\/wp\/v2\/comments?post=4909"}],"version-history":[{"count":2,"href":"https:\/\/das-matratzen-haus.de\/lp\/wp-json\/wp\/v2\/pages\/4909\/revisions"}],"predecessor-version":[{"id":4911,"href":"https:\/\/das-matratzen-haus.de\/lp\/wp-json\/wp\/v2\/pages\/4909\/revisions\/4911"}],"wp:attachment":[{"href":"https:\/\/das-matratzen-haus.de\/lp\/wp-json\/wp\/v2\/media?parent=4909"}],"curies":[{"name":"wp","href":"https:\/\/api.w.org\/{rel}","templated":true}]}}