{"id":4966,"date":"2018-12-06T20:27:46","date_gmt":"2018-12-06T18:27:46","guid":{"rendered":"https:\/\/das-matratzen-haus.de\/lp\/?page_id=4966"},"modified":"2020-02-03T11:05:16","modified_gmt":"2020-02-03T09:05:16","slug":"boxspringbetten-muenchen","status":"publish","type":"page","link":"https:\/\/das-matratzen-haus.de\/lp\/boxspringbetten-muenchen\/","title":{"rendered":"Boxspringbetten M\u00fcnchen"},"content":{"rendered":"<h2>In M\u00fcnchen: Boxspringbetten f\u00fcr Ihren gesunden Schlaf<\/h2>\n<p><strong><img loading=\"lazy\" class=\"size-medium wp-image-3375 alignleft\" src=\"https:\/\/das-matratzen-haus.de\/lp\/wp-content\/uploads\/CD218-2561-300x224.jpg\" alt=\"Boxspringbetten M\u00fcnchen\" width=\"300\" height=\"224\" srcset=\"https:\/\/das-matratzen-haus.de\/lp\/wp-content\/uploads\/CD218-2561-300x225.jpg 300w, https:\/\/das-matratzen-haus.de\/lp\/wp-content\/uploads\/CD218-2561-600x450.jpg 600w, https:\/\/das-matratzen-haus.de\/lp\/wp-content\/uploads\/CD218-2561-1030x771.jpg 1030w, https:\/\/das-matratzen-haus.de\/lp\/wp-content\/uploads\/CD218-2561-1500x1124.jpg 1500w, https:\/\/das-matratzen-haus.de\/lp\/wp-content\/uploads\/CD218-2561-495x370.jpg 495w, https:\/\/das-matratzen-haus.de\/lp\/wp-content\/uploads\/CD218-2561-705x528.jpg 705w, https:\/\/das-matratzen-haus.de\/lp\/wp-content\/uploads\/CD218-2561-180x134.jpg 180w, https:\/\/das-matratzen-haus.de\/lp\/wp-content\/uploads\/CD218-2561.jpg 1600w\" sizes=\"(max-width: 300px) 100vw, 300px\" \/>Boxspringbetten M\u00fcnchen<\/strong>: aus dem <strong>Fachhandel<\/strong> \u2013 entdecken Sie jetzt in M\u00fcnchen ihr individuelles Schlaferlebnis. So entspannt haben sie noch nie gelegen: Boxspringbettengeben ein tolles Liegegef\u00fchl! Zudem sehen die <strong>Boxspringbetten<\/strong> auch richtig gut aus. Einfach sch\u00f6n f\u00fcr Ihr Schlafzimmer in <strong><a href=\"https:\/\/das-matratzen-haus.de\/lp\/startseite\/\">M\u00fcnchen<\/a><\/strong>!<\/p>\n<p>Wie liegen Sie optimal auf <strong>Boxspringbetten<\/strong>?<\/p>\n<p>Wichtig ist jedoch neben der Optik auch auf ein individuelles Liegeerlebnis acht zu geben. Unser Fachberater hilft Ihnen dabei. Denn mit einer Liegeanalyse lernen Sie die Anforderungen Ihres K\u00f6rpers beim Schlafen ganz neu kennen. Kennen Sie eigentlich Ihren Schlaftyp?<\/p>\n<p>Denn jeder Mensch hat seine ganz eigenen Anforderungen an <a href=\"https:\/\/das-matratzen-haus.de\/lp\/pf\/boxspringbetten\/\"><strong>Boxspringbetten<\/strong><\/a>. Viele Paare, die bei uns um Rat fragen, sind sich nicht bewusst, wie unterschiedlich Boxspringbetten ausgestattet sein k\u00f6nnen.<\/p>\n<p>Denn oft brauchen M\u00e4nner ganz andere Matratzen als Frauen. Wir stellen Ihnen Ihre optimale Unterlage zusammen. Denn unser Ziel ist Ihr gesunder Schlaf!<\/p>\n<h2>Wie sind Boxspringbetten aufgebaut?<\/h2>\n<p><strong>Boxspringbetten<\/strong> unterscheiden sich fundamental von normalen Betten. Denn bei ihnen fehlt der <strong>Lattenrost<\/strong>. Die Funktion der Unterfederung \u00fcbernimmt die sogenannte Box. Ausgestattet ist diese mit hochwertigen Federn, die die oben folgende Matratze abst\u00fctzen. Auch diese <a href=\"https:\/\/das-matratzen-haus.de\/lp\/pf\/lattoflex-matratzen\/\"><strong>Matratze<\/strong> <\/a>ist mit <strong>hochwertigen Federkernen<\/strong> ausgestattet. Ganz zuoberst folgt ein Topper, der meist aus Kaltschaum besteht.<\/p>\n<h2>F\u00fcr M\u00fcnchen nur die beste Beratung<\/h2>\n<p>Diese drei Elemente stellen wir individuell f\u00fcr Sie zusammen. Denn <strong>Gewicht<\/strong>, <strong>K\u00f6rpergr\u00f6\u00dfe<\/strong> und <strong>K\u00f6rperbau<\/strong> spielen eine entscheidende Rolle bei Ihrer Matratzen-Wahl! Wir achten darauf, dass Sie mit Ihrem sp\u00e4teren Kauf absolut zufrieden sind.<\/p>\n<p>Gesundes Schlafen braucht individuelle Beratung. Und die erhalten Sie nur in einem Fachgesch\u00e4ft mit zertifizierter <strong>Schlafberatung<\/strong> \u2013 willkommen im Matratzen- und Bettenhaus M\u00fcnchen.<\/p>\n<h2>Hochwertige Beratung f\u00fcr Kunden aus M\u00fcnchen und Umgebung<\/h2>\n<p><img loading=\"lazy\" class=\"wp-image-4812 alignright\" src=\"https:\/\/das-matratzen-haus.de\/lp\/wp-content\/uploads\/IMG_2881-e1529315135662-225x300.jpg\" alt=\"Boxspringbetten M\u00fcnchen\" width=\"169\" height=\"225\" srcset=\"https:\/\/das-matratzen-haus.de\/lp\/wp-content\/uploads\/IMG_2881-e1529315135662-225x300.jpg 225w, https:\/\/das-matratzen-haus.de\/lp\/wp-content\/uploads\/IMG_2881-e1529315135662-300x400.jpg 300w, https:\/\/das-matratzen-haus.de\/lp\/wp-content\/uploads\/IMG_2881-e1529315135662-600x800.jpg 600w, https:\/\/das-matratzen-haus.de\/lp\/wp-content\/uploads\/IMG_2881-e1529315135662-768x1024.jpg 768w, https:\/\/das-matratzen-haus.de\/lp\/wp-content\/uploads\/IMG_2881-e1529315135662-773x1030.jpg 773w, https:\/\/das-matratzen-haus.de\/lp\/wp-content\/uploads\/IMG_2881-e1529315135662-1125x1500.jpg 1125w, https:\/\/das-matratzen-haus.de\/lp\/wp-content\/uploads\/IMG_2881-e1529315135662-495x660.jpg 495w, https:\/\/das-matratzen-haus.de\/lp\/wp-content\/uploads\/IMG_2881-e1529315135662-529x705.jpg 529w, https:\/\/das-matratzen-haus.de\/lp\/wp-content\/uploads\/IMG_2881-e1529315135662-135x180.jpg 135w, https:\/\/das-matratzen-haus.de\/lp\/wp-content\/uploads\/IMG_2881-e1529315135662.jpg 1200w\" sizes=\"(max-width: 169px) 100vw, 169px\" \/><\/p>\n<p>Suchen Sie sich ein elegantes Model in unserem <strong>Fachgesch\u00e4ft<\/strong> aus. Entscheiden Sie sich f\u00fcr ein weiches <strong>Liegegef\u00fchl<\/strong>, welches trotzdem einen optimalen Gegendruck bietet. Der Fachmann nennt das Druckpunkt-Unterst\u00fctzung.<\/p>\n<p><strong>Besonders im Lendenbereich<\/strong> sollten Sie gest\u00fctzt werden. Dagegen d\u00fcrfen die Schultern etwas tiefer einsinken. Zudem empfehlen wir Ihnen passende Kissen f\u00fcr eine entspannte Muskulatur im Nacken! <a href=\"https:\/\/das-matratzen-haus.de\/lp\/kontakt\/\"><strong>Schlafen<\/strong> Sie gut in <strong>M\u00fcnchen<\/strong><\/a>!<\/p>\n<p>Nehmen Sie Kontakt mit uns auf &#8211; Tel.: <a href=\"tel:+49896732573\">+49 (0)89 \/ 673 25 73<\/a> und E-Mail: <a href=\"mailto:info@das-matratzen-haus.de\">info@das-matratzen-haus.de<\/a><\/p>\n<p>&nbsp;<\/p>\n","protected":false},"excerpt":{"rendered":"<p>In M\u00fcnchen: Boxspringbetten f\u00fcr Ihren gesunden Schlaf Boxspringbetten M\u00fcnchen: aus dem Fachhandel \u2013 entdecken Sie jetzt in M\u00fcnchen ihr individuelles Schlaferlebnis. So entspannt haben sie&hellip;<\/p>\n","protected":false},"author":15,"featured_media":0,"parent":0,"menu_order":38,"comment_status":"closed","ping_status":"closed","template":"","meta":{"_links_to":"","_links_to_target":""},"yoast_head":"<!-- This site is optimized with the Yoast SEO plugin v16.0.2 - https:\/\/yoast.com\/wordpress\/plugins\/seo\/ -->\n<title>Boxspringbetten M\u00fcnchen, Matratzen- und Bettenhaus M\u00fcnchen<\/title>\n<meta name=\"description\" content=\"Boxspringbetten M\u00fcnchen: Ihre Entscheidung f\u00fcr mehr Schlafkomfort. Wir beraten Sie im Matratzen- und Bettenhaus. Neue Modelle - jetzt testen!\" \/>\n<link rel=\"canonical\" href=\"https:\/\/das-matratzen-haus.de\/lp\/boxspringbetten-muenchen\/\" \/>\n<meta property=\"og:locale\" content=\"de_DE\" \/>\n<meta property=\"og:type\" content=\"article\" \/>\n<meta property=\"og:title\" content=\"Boxspringbetten M\u00fcnchen, Matratzen- und Bettenhaus M\u00fcnchen\" \/>\n<meta property=\"og:description\" content=\"Boxspringbetten M\u00fcnchen: Ihre Entscheidung f\u00fcr mehr Schlafkomfort. Wir beraten Sie im Matratzen- und Bettenhaus. Neue Modelle - jetzt testen!\" \/>\n<meta property=\"og:url\" content=\"https:\/\/das-matratzen-haus.de\/lp\/boxspringbetten-muenchen\/\" \/>\n<meta property=\"og:site_name\" content=\"Matratzen- und Bettenhaus M\u00fcnchen\" \/>\n<meta property=\"article:publisher\" content=\"https:\/\/www.facebook.com\/dasmatratzenbettenhausmuenchen\/\" \/>\n<meta property=\"article:modified_time\" content=\"2020-02-03T09:05:16+00:00\" \/>\n<meta property=\"og:image\" content=\"https:\/\/das-matratzen-haus.de\/lp\/wp-content\/uploads\/CD218-2561-300x224.jpg\" \/>\n<meta name=\"twitter:card\" content=\"summary\" \/>\n<meta name=\"twitter:label1\" content=\"Gesch\u00e4tzte Lesezeit\">\n\t<meta name=\"twitter:data1\" content=\"2\u00a0Minuten\">\n<script type=\"application\/ld+json\" class=\"yoast-schema-graph\">{\"@context\":\"https:\/\/schema.org\",\"@graph\":[{\"@type\":\"WebSite\",\"@id\":\"https:\/\/das-matratzen-haus.de\/lp\/#website\",\"url\":\"https:\/\/das-matratzen-haus.de\/lp\/\",\"name\":\"Matratzen- und Bettenhaus M\\u00fcnchen\",\"description\":\"\",\"potentialAction\":[{\"@type\":\"SearchAction\",\"target\":\"https:\/\/das-matratzen-haus.de\/lp\/?s={search_term_string}\",\"query-input\":\"required name=search_term_string\"}],\"inLanguage\":\"de\"},{\"@type\":\"ImageObject\",\"@id\":\"https:\/\/das-matratzen-haus.de\/lp\/boxspringbetten-muenchen\/#primaryimage\",\"inLanguage\":\"de\",\"url\":\"https:\/\/das-matratzen-haus.de\/lp\/wp-content\/uploads\/CD218-2561.jpg\",\"width\":1600,\"height\":1199,\"caption\":\"Boxspringbetten 100x200\"},{\"@type\":\"WebPage\",\"@id\":\"https:\/\/das-matratzen-haus.de\/lp\/boxspringbetten-muenchen\/#webpage\",\"url\":\"https:\/\/das-matratzen-haus.de\/lp\/boxspringbetten-muenchen\/\",\"name\":\"Boxspringbetten M\\u00fcnchen, Matratzen- und Bettenhaus M\\u00fcnchen\",\"isPartOf\":{\"@id\":\"https:\/\/das-matratzen-haus.de\/lp\/#website\"},\"primaryImageOfPage\":{\"@id\":\"https:\/\/das-matratzen-haus.de\/lp\/boxspringbetten-muenchen\/#primaryimage\"},\"datePublished\":\"2018-12-06T18:27:46+00:00\",\"dateModified\":\"2020-02-03T09:05:16+00:00\",\"description\":\"Boxspringbetten M\\u00fcnchen: Ihre Entscheidung f\\u00fcr mehr Schlafkomfort. Wir beraten Sie im Matratzen- und Bettenhaus. Neue Modelle - jetzt testen!\",\"breadcrumb\":{\"@id\":\"https:\/\/das-matratzen-haus.de\/lp\/boxspringbetten-muenchen\/#breadcrumb\"},\"inLanguage\":\"de\",\"potentialAction\":[{\"@type\":\"ReadAction\",\"target\":[\"https:\/\/das-matratzen-haus.de\/lp\/boxspringbetten-muenchen\/\"]}]},{\"@type\":\"BreadcrumbList\",\"@id\":\"https:\/\/das-matratzen-haus.de\/lp\/boxspringbetten-muenchen\/#breadcrumb\",\"itemListElement\":[{\"@type\":\"ListItem\",\"position\":1,\"item\":{\"@type\":\"WebPage\",\"@id\":\"https:\/\/das-matratzen-haus.de\/lp\/\",\"url\":\"https:\/\/das-matratzen-haus.de\/lp\/\",\"name\":\"Startseite\"}},{\"@type\":\"ListItem\",\"position\":2,\"item\":{\"@type\":\"WebPage\",\"@id\":\"https:\/\/das-matratzen-haus.de\/lp\/boxspringbetten-muenchen\/\",\"url\":\"https:\/\/das-matratzen-haus.de\/lp\/boxspringbetten-muenchen\/\",\"name\":\"Boxspringbetten M\\u00fcnchen\"}}]}]}<\/script>\n<!-- \/ Yoast SEO plugin. -->","_links":{"self":[{"href":"https:\/\/das-matratzen-haus.de\/lp\/wp-json\/wp\/v2\/pages\/4966"}],"collection":[{"href":"https:\/\/das-matratzen-haus.de\/lp\/wp-json\/wp\/v2\/pages"}],"about":[{"href":"https:\/\/das-matratzen-haus.de\/lp\/wp-json\/wp\/v2\/types\/page"}],"author":[{"embeddable":true,"href":"https:\/\/das-matratzen-haus.de\/lp\/wp-json\/wp\/v2\/users\/15"}],"replies":[{"embeddable":true,"href":"https:\/\/das-matratzen-haus.de\/lp\/wp-json\/wp\/v2\/comments?post=4966"}],"version-history":[{"count":12,"href":"https:\/\/das-matratzen-haus.de\/lp\/wp-json\/wp\/v2\/pages\/4966\/revisions"}],"predecessor-version":[{"id":5045,"href":"https:\/\/das-matratzen-haus.de\/lp\/wp-json\/wp\/v2\/pages\/4966\/revisions\/5045"}],"wp:attachment":[{"href":"https:\/\/das-matratzen-haus.de\/lp\/wp-json\/wp\/v2\/media?parent=4966"}],"curies":[{"name":"wp","href":"https:\/\/api.w.org\/{rel}","templated":true}]}}