{"id":5116,"date":"2019-02-25T11:06:31","date_gmt":"2019-02-25T09:06:31","guid":{"rendered":"https:\/\/das-matratzen-haus.de\/lp\/?page_id=5116"},"modified":"2020-02-03T10:47:38","modified_gmt":"2020-02-03T08:47:38","slug":"boxspringbetten-mit-bettkasten","status":"publish","type":"page","link":"https:\/\/das-matratzen-haus.de\/lp\/boxspringbetten-mit-bettkasten\/","title":{"rendered":"Das Matratzenhaus M\u00fcnchen"},"content":{"rendered":"<h2>Boxspringbetten mit Bettkasten \u2013 die Allesk\u00f6nner<\/h2>\n<p>Sie wollen Ihre <strong>Bettw\u00e4sche<\/strong> gut unterbringen? Haben aber keine Lust wertvollen Schrankplatz daf\u00fcr herzugeben? Dann sind Boxspringbetten mit Bettkasten die L\u00f6sung f\u00fcr Sie! Unglaublich viel Stauraum mit idealem Liegeerlebnis \u2013 was will man mehr?<\/p>\n<p>Ihr <strong>Schlafzimmer<\/strong> wird perfekt aufger\u00e4umt sein und dazu noch toll aussehen. Au\u00dferdem werden Sie ein v\u00f6llig neues Schlafgef\u00fchl haben. Und wer will nicht <strong>bequem schlafen<\/strong> und <strong>ausgeruht aufwachen<\/strong>?<\/p>\n<h3>Hohe Betten \u2013 ergonomisch gut<\/h3>\n<p>Der gro\u00dfe <strong>Vorteil von Boxspringbetten<\/strong> ist ihre ideale H\u00f6he. So k\u00f6nnen sie bequem ein- und aussteigen. Ihr R\u00fccken wird es Ihnen danken! Viele Hotels und G\u00e4steh\u00e4user haben Boxspringbetten, weil sie f\u00fcr jede Statur die <strong>ideale Liegefl\u00e4che<\/strong> bieten.<\/p>\n<p>Unsere <strong>Betten nutzen den Vorteil der H\u00f6he<\/strong> und haben einen Bettkasten integriert. So werden zwei Fliegen mit einer Klappe geschlagen: optimaler Liegekomfort und sinnvoller Stauraum. Ob Bettw\u00e4sche oder die saisonale Kleidung, wie Winterm\u00e4ntel, finden hier problemlos ihren Platz.<\/p>\n<h4>Top Design und ausgekl\u00fcgelte Funktionalit\u00e4t<\/h4>\n<p><strong>Was unterscheidet Boxspringbetten von anderen Betten<\/strong>? Es ist das System. Normale Betten sind eine Kombination aus Gestell, Lattenrost und Matratze. Bei Boxspringbetten dient eine Box mit Federkern als Unterfederung.<\/p>\n<p><strong>Dieses Art von Betten<\/strong> kommt aus dem amerikanischen Raum und h\u00e4lt immer mehr Einzug in unserem Raum. Einfach weil die Vorteile \u00fcberzeugen! Dieses ideale Liegesystem bietet die M\u00f6glichkeit eines weiteren Unterbaus \u2013 einen <a href=\"https:\/\/das-matratzen-haus.de\/lp\/betten-mit-komforthoehe\/\"><strong>Bettkasten<\/strong><\/a>. Folglich f\u00fcgt sich dieser in das System ein, ohne die Funktionalit\u00e4t einzuschr\u00e4nken.<\/p>\n<p>Daher ist dies die ideale <strong>L\u00f6sung f\u00fcr kleine Schlafzimmer<\/strong>.<\/p>\n<h3>Moderne Betten f\u00fcr Ihr Schlafzimmer<\/h3>\n<p><a href=\"https:\/\/das-matratzen-haus.de\/lp\/fachberatung\/\"><strong>In unserem Matratzenhaus<\/strong><\/a> finden Sie eine gro\u00dfe Auswahl an <a href=\"https:\/\/das-matratzen-haus.de\/lp\/boxspringbetten-muenchen\/\"><strong>Boxspringbetten mit Bettkasten<\/strong><\/a>. Wir f\u00fchren verschiedene Gr\u00f6\u00dfen und bieten Ihnen eine Vielzahl an unterschiedlichen Designs. Da ist f\u00fcr jeden Wohnstil das Richtige dabei!<\/p>\n<p>Ob romantisch verspielt oder schlicht modern, wir haben das passende design, das zu ihrem individuellen Wohnstil passt. Selbstverst\u00e4ndlich beraten wir sie fachm\u00e4nnisch und suchen gemeinsam mit Ihnen das ideale <strong>Bett f\u00fcr Ihr Schlafzimmer<\/strong> aus.<\/p>\n<p><a href=\"https:\/\/das-matratzen-haus.de\/lp\/anfahrt-2\/\"><strong>Kommen Sie noch heute vorbei und \u00fcberzeugen Sie sich von unserer Auswahl<\/strong><\/a>!<\/p>\n","protected":false},"excerpt":{"rendered":"<p>Boxspringbetten mit Bettkasten \u2013 die Allesk\u00f6nner Sie wollen Ihre Bettw\u00e4sche gut unterbringen? Haben aber keine Lust wertvollen Schrankplatz daf\u00fcr herzugeben? Dann sind Boxspringbetten mit Bettkasten&hellip;<\/p>\n","protected":false},"author":15,"featured_media":0,"parent":0,"menu_order":39,"comment_status":"closed","ping_status":"closed","template":"","meta":{"_links_to":"","_links_to_target":""},"yoast_head":"<!-- This site is optimized with the Yoast SEO plugin v16.0.2 - https:\/\/yoast.com\/wordpress\/plugins\/seo\/ -->\n<title>Boxspringbetten mit Bettkasten | ergonomisch liegen | Betten mit Stauraum<\/title>\n<meta name=\"description\" content=\"Boxspringbetten mit Bettkasten \u2713angenehmer Ein- und Ausstieg \u2713 amerikanische Betten \u2713 gesund Schlafen \u2713Funktion mit Komfort \u2713tolle Designs \u2713\" \/>\n<link rel=\"canonical\" href=\"https:\/\/das-matratzen-haus.de\/lp\/boxspringbetten-mit-bettkasten\/\" \/>\n<meta property=\"og:locale\" content=\"de_DE\" \/>\n<meta property=\"og:type\" content=\"article\" \/>\n<meta property=\"og:title\" content=\"Boxspringbetten mit Bettkasten | ergonomisch liegen | Betten mit Stauraum\" \/>\n<meta property=\"og:description\" content=\"Boxspringbetten mit Bettkasten \u2713angenehmer Ein- und Ausstieg \u2713 amerikanische Betten \u2713 gesund Schlafen \u2713Funktion mit Komfort \u2713tolle Designs \u2713\" \/>\n<meta property=\"og:url\" content=\"https:\/\/das-matratzen-haus.de\/lp\/boxspringbetten-mit-bettkasten\/\" \/>\n<meta property=\"og:site_name\" content=\"Matratzen- und Bettenhaus M\u00fcnchen\" \/>\n<meta property=\"article:publisher\" content=\"https:\/\/www.facebook.com\/dasmatratzenbettenhausmuenchen\/\" \/>\n<meta property=\"article:modified_time\" content=\"2020-02-03T08:47:38+00:00\" \/>\n<meta name=\"twitter:card\" content=\"summary\" \/>\n<meta name=\"twitter:label1\" content=\"Gesch\u00e4tzte Lesezeit\">\n\t<meta name=\"twitter:data1\" content=\"2\u00a0Minuten\">\n<script type=\"application\/ld+json\" class=\"yoast-schema-graph\">{\"@context\":\"https:\/\/schema.org\",\"@graph\":[{\"@type\":\"WebSite\",\"@id\":\"https:\/\/das-matratzen-haus.de\/lp\/#website\",\"url\":\"https:\/\/das-matratzen-haus.de\/lp\/\",\"name\":\"Matratzen- und Bettenhaus M\\u00fcnchen\",\"description\":\"\",\"potentialAction\":[{\"@type\":\"SearchAction\",\"target\":\"https:\/\/das-matratzen-haus.de\/lp\/?s={search_term_string}\",\"query-input\":\"required name=search_term_string\"}],\"inLanguage\":\"de\"},{\"@type\":\"WebPage\",\"@id\":\"https:\/\/das-matratzen-haus.de\/lp\/boxspringbetten-mit-bettkasten\/#webpage\",\"url\":\"https:\/\/das-matratzen-haus.de\/lp\/boxspringbetten-mit-bettkasten\/\",\"name\":\"Boxspringbetten mit Bettkasten | ergonomisch liegen | Betten mit Stauraum\",\"isPartOf\":{\"@id\":\"https:\/\/das-matratzen-haus.de\/lp\/#website\"},\"datePublished\":\"2019-02-25T09:06:31+00:00\",\"dateModified\":\"2020-02-03T08:47:38+00:00\",\"description\":\"Boxspringbetten mit Bettkasten \\u2713angenehmer Ein- und Ausstieg \\u2713 amerikanische Betten \\u2713 gesund Schlafen \\u2713Funktion mit Komfort \\u2713tolle Designs \\u2713\",\"breadcrumb\":{\"@id\":\"https:\/\/das-matratzen-haus.de\/lp\/boxspringbetten-mit-bettkasten\/#breadcrumb\"},\"inLanguage\":\"de\",\"potentialAction\":[{\"@type\":\"ReadAction\",\"target\":[\"https:\/\/das-matratzen-haus.de\/lp\/boxspringbetten-mit-bettkasten\/\"]}]},{\"@type\":\"BreadcrumbList\",\"@id\":\"https:\/\/das-matratzen-haus.de\/lp\/boxspringbetten-mit-bettkasten\/#breadcrumb\",\"itemListElement\":[{\"@type\":\"ListItem\",\"position\":1,\"item\":{\"@type\":\"WebPage\",\"@id\":\"https:\/\/das-matratzen-haus.de\/lp\/\",\"url\":\"https:\/\/das-matratzen-haus.de\/lp\/\",\"name\":\"Startseite\"}},{\"@type\":\"ListItem\",\"position\":2,\"item\":{\"@type\":\"WebPage\",\"@id\":\"https:\/\/das-matratzen-haus.de\/lp\/boxspringbetten-mit-bettkasten\/\",\"url\":\"https:\/\/das-matratzen-haus.de\/lp\/boxspringbetten-mit-bettkasten\/\",\"name\":\"Das Matratzenhaus M\\u00fcnchen\"}}]}]}<\/script>\n<!-- \/ Yoast SEO plugin. -->","_links":{"self":[{"href":"https:\/\/das-matratzen-haus.de\/lp\/wp-json\/wp\/v2\/pages\/5116"}],"collection":[{"href":"https:\/\/das-matratzen-haus.de\/lp\/wp-json\/wp\/v2\/pages"}],"about":[{"href":"https:\/\/das-matratzen-haus.de\/lp\/wp-json\/wp\/v2\/types\/page"}],"author":[{"embeddable":true,"href":"https:\/\/das-matratzen-haus.de\/lp\/wp-json\/wp\/v2\/users\/15"}],"replies":[{"embeddable":true,"href":"https:\/\/das-matratzen-haus.de\/lp\/wp-json\/wp\/v2\/comments?post=5116"}],"version-history":[{"count":2,"href":"https:\/\/das-matratzen-haus.de\/lp\/wp-json\/wp\/v2\/pages\/5116\/revisions"}],"predecessor-version":[{"id":5133,"href":"https:\/\/das-matratzen-haus.de\/lp\/wp-json\/wp\/v2\/pages\/5116\/revisions\/5133"}],"wp:attachment":[{"href":"https:\/\/das-matratzen-haus.de\/lp\/wp-json\/wp\/v2\/media?parent=5116"}],"curies":[{"name":"wp","href":"https:\/\/api.w.org\/{rel}","templated":true}]}}