{"id":5197,"date":"2019-07-05T12:26:18","date_gmt":"2019-07-05T10:26:18","guid":{"rendered":"https:\/\/das-matratzen-haus.de\/lp\/?page_id=5197"},"modified":"2019-07-05T12:26:18","modified_gmt":"2019-07-05T10:26:18","slug":"matratzen-160x200","status":"publish","type":"page","link":"https:\/\/das-matratzen-haus.de\/lp\/matratzen-160x200\/","title":{"rendered":"Matratzen 160&#215;200"},"content":{"rendered":"<h2>Matratzen 160&#215;200 kaufen \u2013 Das Matratzenhaus<\/h2>\n<p><a href=\"https:\/\/das-matratzen-haus.de\/lp\/pf\/ipnomed-matratzen\/innovation_210\/\" rel=\"attachment wp-att-3649\"><img loading=\"lazy\" class=\"alignright size-medium wp-image-3649\" src=\"https:\/\/das-matratzen-haus.de\/lp\/wp-content\/uploads\/INNOVATION_210-300x80.png\" alt=\"IPNOmed Matratzen 160x200\" width=\"300\" height=\"80\" srcset=\"https:\/\/das-matratzen-haus.de\/lp\/wp-content\/uploads\/INNOVATION_210-300x81.png 300w, https:\/\/das-matratzen-haus.de\/lp\/wp-content\/uploads\/INNOVATION_210-600x161.png 600w, https:\/\/das-matratzen-haus.de\/lp\/wp-content\/uploads\/INNOVATION_210-1030x277.png 1030w, https:\/\/das-matratzen-haus.de\/lp\/wp-content\/uploads\/INNOVATION_210-495x133.png 495w, https:\/\/das-matratzen-haus.de\/lp\/wp-content\/uploads\/INNOVATION_210-705x189.png 705w, https:\/\/das-matratzen-haus.de\/lp\/wp-content\/uploads\/INNOVATION_210-180x48.png 180w, https:\/\/das-matratzen-haus.de\/lp\/wp-content\/uploads\/INNOVATION_210.png 1148w\" sizes=\"(max-width: 300px) 100vw, 300px\" \/><\/a>Kaufen Sie <strong>Matratzen in der Gr\u00f6\u00dfe 160&#215;200 cm<\/strong> im <strong>Matratzenhaus<\/strong>. Hier haben Sie eine besonders gute Auswahl an hochwertigen Produkten. Bevor Sie sich immer wieder Matratzen von der Stange bestellen, sollten Sie einmal den <a title=\"Service von Das Matratzen Haus\" href=\"https:\/\/das-matratzen-haus.de\/lp\/service\/\"><strong>Service eines Fachgesch\u00e4fts<\/strong><\/a> probieren. <strong><a title=\"\u00dcber Das Matratzen Haus\" href=\"https:\/\/das-matratzen-haus.de\/lp\/ueber-uns\/\">Denn hier ganz individuell auf Ihre Bed\u00fcrfnisse eingegangen<\/a><\/strong>.<\/p>\n<h3>Matratzen 160&#215;200 ausw\u00e4hlen, testen und kaufen \u2013 auch in den Ma\u00dfen 160&#215;200<\/h3>\n<p><strong>Ein erholsamer Schlaf ist doch das, was Sie wollen<\/strong>! Daf\u00fcr ist eine individuelle und einf\u00fchlsame Beratung notwendig. Was ist eigentlich entscheidend beim Kauf einer Matratze? Sie werden staunen! Es ist nicht unbedingt der Preis, der eine Matratze in jedem Fall auszeichnet. Denn die Matratze sollte in erster Linie f\u00fcr Ihren K\u00f6rper und Ihre <strong>Schlafgewohnheiten<\/strong> geeignet sein. Da kommt der Preis oft nur an zweiter Stelle.<\/p>\n<h3>Auf die inneren Werte von Matratzen kommt es an<\/h3>\n<p>Worauf es wirklich ankommt, sind die inneren Werte einer Matratze. Hier geht es ums <strong>Material<\/strong> und den jeweiligen speziellen Aufbau im Innern der Matratze. Unsere Schlafberater verf\u00fcgen \u00fcber detaillierte Produktkenntnisse. Das unterscheidet uns von zum Beispiel von <strong>M\u00f6bel-Discountern<\/strong>. Profitieren Sie davon!<\/p>\n<h3>Matratzen 160&#215;200: Eine Matratze nach Ma\u00df \u2013 so schlafen Sie optimal!<\/h3>\n<p>Erkl\u00e4rtes Ziel des Matratzenhaus ist die <strong>\u201ema\u00dfgeschneiderte\u201c Matratze<\/strong>. Wann liegen Sie gut? Ganz einfach: Dann, wenn sich ihr K\u00f6rpergewicht optimal auf die Matratze verteilt. Daf\u00fcr setzten wir im <strong>Matratzenhaus neue Messsysteme<\/strong> ein. Diese machen es m\u00f6glich, in Echtzeit alle <strong>Schlafhaltungen und H\u00e4rtegrade<\/strong> zu simulieren. Auf diese Weise kommen Sie der perfekten Matratze ein St\u00fcck n\u00e4her.<\/p>\n<h3>Mehr Service in Ihrem Fachgesch\u00e4ft!<\/h3>\n<p><strong>Welchen Service bietet Ihnen das Matratzenhaus noch<\/strong>? Da w\u00e4ren beispielsweise die <strong>Ausmessung und Montage<\/strong> bei <strong>Ihnen Zuhause<\/strong> zu nennen. Denn so passen wir das <a title=\"Betten im Matratzen Haus M\u00fcnchen\" href=\"https:\/\/das-matratzen-haus.de\/lp\"><strong>Bett<\/strong><\/a> optimal in Ihr Schlafzimmer ein.<\/p>\n<p>W\u00e4hlen Sie die optimale <strong>Matratzen-Gr\u00f6\u00dfe<\/strong> f\u00fcr Ihr Bett: beispielsweise <strong>160&#215;200<\/strong> oder <a title=\"Matratzen 90x200\" href=\"https:\/\/das-matratzen-haus.de\/lp\/matratzen-90x200\/\"><strong>90&#215;200<\/strong><\/a>. Wir bestellen ihnen auch \u00dcbergr\u00f6\u00dfen oder Sondergr\u00f6\u00dfen. Fragen Sie einfach bei uns im Matratzen- und Bettenhaus M\u00fcnchen nach. <strong><a title=\"Kontakt zu Das Matratzen Haus\" href=\"https:\/\/das-matratzen-haus.de\/lp\/kontakt\/\">Wir freuen uns auf Ihr Interesse<\/a><\/strong>. Und gern nehmen wir uns Zeit f\u00fcr einen ausf\u00fchrlichen Beratungstermin!<\/p>\n","protected":false},"excerpt":{"rendered":"<p>Matratzen 160&#215;200 kaufen \u2013 Das Matratzenhaus Kaufen Sie Matratzen in der Gr\u00f6\u00dfe 160&#215;200 cm im Matratzenhaus. Hier haben Sie eine besonders gute Auswahl an hochwertigen&hellip;<\/p>\n","protected":false},"author":15,"featured_media":0,"parent":0,"menu_order":4,"comment_status":"closed","ping_status":"closed","template":"","meta":{"_links_to":"","_links_to_target":""},"yoast_head":"<!-- This site is optimized with the Yoast SEO plugin v16.0.2 - https:\/\/yoast.com\/wordpress\/plugins\/seo\/ -->\n<title>Matratzen 160x200 | Das-Matratzen-Haus.de | Fachberatung M\u00fcnchen<\/title>\n<meta name=\"description\" content=\"Matratzen 160x200 - Fachberatung &amp; Liegeanalyse | Marken Matratzen von Lattoflex \u2705 Metzeler \u2705 Nobellomed \u2705 Rummel \u2705 Swissflex \u2705 Superba \u2705 Tempur &amp; Ipnomed \u2705\" \/>\n<link rel=\"canonical\" href=\"https:\/\/das-matratzen-haus.de\/lp\/matratzen-160x200\/\" \/>\n<meta property=\"og:locale\" content=\"de_DE\" \/>\n<meta property=\"og:type\" content=\"article\" \/>\n<meta property=\"og:title\" content=\"Matratzen 160x200 | Das-Matratzen-Haus.de | Fachberatung M\u00fcnchen\" \/>\n<meta property=\"og:description\" content=\"Matratzen 160x200 - Fachberatung &amp; Liegeanalyse | Marken Matratzen von Lattoflex \u2705 Metzeler \u2705 Nobellomed \u2705 Rummel \u2705 Swissflex \u2705 Superba \u2705 Tempur &amp; Ipnomed \u2705\" \/>\n<meta property=\"og:url\" content=\"https:\/\/das-matratzen-haus.de\/lp\/matratzen-160x200\/\" \/>\n<meta property=\"og:site_name\" content=\"Matratzen- und Bettenhaus M\u00fcnchen\" \/>\n<meta property=\"article:publisher\" content=\"https:\/\/www.facebook.com\/dasmatratzenbettenhausmuenchen\/\" \/>\n<meta property=\"og:image\" content=\"https:\/\/das-matratzen-haus.de\/lp\/wp-content\/uploads\/INNOVATION_210-300x80.png\" \/>\n<meta name=\"twitter:card\" content=\"summary\" \/>\n<meta name=\"twitter:label1\" content=\"Gesch\u00e4tzte Lesezeit\">\n\t<meta name=\"twitter:data1\" content=\"2\u00a0Minuten\">\n<script type=\"application\/ld+json\" class=\"yoast-schema-graph\">{\"@context\":\"https:\/\/schema.org\",\"@graph\":[{\"@type\":\"WebSite\",\"@id\":\"https:\/\/das-matratzen-haus.de\/lp\/#website\",\"url\":\"https:\/\/das-matratzen-haus.de\/lp\/\",\"name\":\"Matratzen- und Bettenhaus M\\u00fcnchen\",\"description\":\"\",\"potentialAction\":[{\"@type\":\"SearchAction\",\"target\":\"https:\/\/das-matratzen-haus.de\/lp\/?s={search_term_string}\",\"query-input\":\"required name=search_term_string\"}],\"inLanguage\":\"de\"},{\"@type\":\"ImageObject\",\"@id\":\"https:\/\/das-matratzen-haus.de\/lp\/matratzen-160x200\/#primaryimage\",\"inLanguage\":\"de\",\"url\":\"https:\/\/das-matratzen-haus.de\/lp\/wp-content\/uploads\/INNOVATION_210.png\",\"width\":1148,\"height\":309,\"caption\":\"IPNOmed Matratzen\"},{\"@type\":\"WebPage\",\"@id\":\"https:\/\/das-matratzen-haus.de\/lp\/matratzen-160x200\/#webpage\",\"url\":\"https:\/\/das-matratzen-haus.de\/lp\/matratzen-160x200\/\",\"name\":\"Matratzen 160x200 | Das-Matratzen-Haus.de | Fachberatung M\\u00fcnchen\",\"isPartOf\":{\"@id\":\"https:\/\/das-matratzen-haus.de\/lp\/#website\"},\"primaryImageOfPage\":{\"@id\":\"https:\/\/das-matratzen-haus.de\/lp\/matratzen-160x200\/#primaryimage\"},\"datePublished\":\"2019-07-05T10:26:18+00:00\",\"dateModified\":\"2019-07-05T10:26:18+00:00\",\"description\":\"Matratzen 160x200 - Fachberatung & Liegeanalyse | Marken Matratzen von Lattoflex \\u2705 Metzeler \\u2705 Nobellomed \\u2705 Rummel \\u2705 Swissflex \\u2705 Superba \\u2705 Tempur & Ipnomed \\u2705\",\"breadcrumb\":{\"@id\":\"https:\/\/das-matratzen-haus.de\/lp\/matratzen-160x200\/#breadcrumb\"},\"inLanguage\":\"de\",\"potentialAction\":[{\"@type\":\"ReadAction\",\"target\":[\"https:\/\/das-matratzen-haus.de\/lp\/matratzen-160x200\/\"]}]},{\"@type\":\"BreadcrumbList\",\"@id\":\"https:\/\/das-matratzen-haus.de\/lp\/matratzen-160x200\/#breadcrumb\",\"itemListElement\":[{\"@type\":\"ListItem\",\"position\":1,\"item\":{\"@type\":\"WebPage\",\"@id\":\"https:\/\/das-matratzen-haus.de\/lp\/\",\"url\":\"https:\/\/das-matratzen-haus.de\/lp\/\",\"name\":\"Startseite\"}},{\"@type\":\"ListItem\",\"position\":2,\"item\":{\"@type\":\"WebPage\",\"@id\":\"https:\/\/das-matratzen-haus.de\/lp\/matratzen-160x200\/\",\"url\":\"https:\/\/das-matratzen-haus.de\/lp\/matratzen-160x200\/\",\"name\":\"Matratzen 160&#215;200\"}}]}]}<\/script>\n<!-- \/ Yoast SEO plugin. -->","_links":{"self":[{"href":"https:\/\/das-matratzen-haus.de\/lp\/wp-json\/wp\/v2\/pages\/5197"}],"collection":[{"href":"https:\/\/das-matratzen-haus.de\/lp\/wp-json\/wp\/v2\/pages"}],"about":[{"href":"https:\/\/das-matratzen-haus.de\/lp\/wp-json\/wp\/v2\/types\/page"}],"author":[{"embeddable":true,"href":"https:\/\/das-matratzen-haus.de\/lp\/wp-json\/wp\/v2\/users\/15"}],"replies":[{"embeddable":true,"href":"https:\/\/das-matratzen-haus.de\/lp\/wp-json\/wp\/v2\/comments?post=5197"}],"version-history":[{"count":0,"href":"https:\/\/das-matratzen-haus.de\/lp\/wp-json\/wp\/v2\/pages\/5197\/revisions"}],"wp:attachment":[{"href":"https:\/\/das-matratzen-haus.de\/lp\/wp-json\/wp\/v2\/media?parent=5197"}],"curies":[{"name":"wp","href":"https:\/\/api.w.org\/{rel}","templated":true}]}}