{"id":5790,"date":"2019-07-05T11:57:52","date_gmt":"2019-07-05T09:57:52","guid":{"rendered":"https:\/\/das-matratzen-haus.de\/lp\/?page_id=5191"},"modified":"2019-07-05T11:57:52","modified_gmt":"2019-07-05T09:57:52","slug":"matratzen-80x200","status":"publish","type":"page","link":"https:\/\/das-matratzen-haus.de\/lp\/matratzen-80x200\/","title":{"rendered":"Matratzen 80&#215;200"},"content":{"rendered":"<h2>Matratzen 80&#215;200 \u2013 optimal f\u00fcr relativ schmale Betten<\/h2>\n<p><a href=\"https:\/\/das-matratzen-haus.de\/lp\/pf\/rummel-matratzen\/l-emmur-400-bis-600\/\" rel=\"attachment wp-att-3650\"><img loading=\"lazy\" class=\"alignright size-medium wp-image-3650\" src=\"https:\/\/das-matratzen-haus.de\/lp\/wp-content\/uploads\/l-emmur-400-bis-600-300x224.jpg\" alt=\"Rummel Matratzen 80x200\" width=\"300\" height=\"224\" srcset=\"https:\/\/das-matratzen-haus.de\/lp\/wp-content\/uploads\/l-emmur-400-bis-600-300x225.jpg 300w, https:\/\/das-matratzen-haus.de\/lp\/wp-content\/uploads\/l-emmur-400-bis-600-600x449.jpg 600w, https:\/\/das-matratzen-haus.de\/lp\/wp-content\/uploads\/l-emmur-400-bis-600-1030x771.jpg 1030w, https:\/\/das-matratzen-haus.de\/lp\/wp-content\/uploads\/l-emmur-400-bis-600-1500x1123.jpg 1500w, https:\/\/das-matratzen-haus.de\/lp\/wp-content\/uploads\/l-emmur-400-bis-600-495x370.jpg 495w, https:\/\/das-matratzen-haus.de\/lp\/wp-content\/uploads\/l-emmur-400-bis-600-705x527.jpg 705w, https:\/\/das-matratzen-haus.de\/lp\/wp-content\/uploads\/l-emmur-400-bis-600-180x134.jpg 180w, https:\/\/das-matratzen-haus.de\/lp\/wp-content\/uploads\/l-emmur-400-bis-600.jpg 1600w\" sizes=\"(max-width: 300px) 100vw, 300px\" \/><\/a>Sie suchen <strong>Matratzen 80&#215;200 cm<\/strong> gro\u00df? Beim <a title=\"\u00dcBER UNS\" href=\"https:\/\/das-matratzen-haus.de\/lp\/ueber-uns\/\"><strong>Matratzen- und <\/strong><strong>Bettenhaus M\u00fcnchen<\/strong><\/a> erwartet Sie breite Auswahl. Es kommt beim Matratzenkauf schon darauf an, dass eine qualitativ hochwertige Auswahl im Fachgesch\u00e4ft zur Verf\u00fcgung steht. <strong>Da macht das Ausprobieren und Entscheiden Spa\u00df<\/strong>. Nutzen Sie dazu die Fachberatung der Profis unseres Matratzen- und Bettenhauses. Denn Ihre optimal ergonomische Matratze w\u00e4hlen Sie am besten fachlich fundiert nach einer Liegeanalyse aus.<\/p>\n<h3>Sie m\u00f6gen es etwas kuschliger im Doppelbett \u2013 entscheiden Sie sich f\u00fcr Matratzen 80&#215;200<\/h3>\n<p>Auch <strong>Matratzen 80&#215;200<\/strong> sind optimal f\u00fcr Ihren erholsamen Schlaf geeignet, wenn Sie Ihren Anforderungen nach Platz und vielleicht auch der gew\u00fcnschten N\u00e4he zum Partner entspricht. Denn jede Matratze sollte genau auf Ihre Bed\u00fcrfnisse abgestimmt werden. <strong>Matratzen 80 x 200<\/strong> empfehlen wir besonders den Personen, die es im Doppelbett etwas kuschliger m\u00f6gen.<\/p>\n<p>Bei einer <strong>Gesamtbreite von 160 cm<\/strong> ist man auch nachts auf Tuchf\u00fchlung, ohne dass das Bett zu eng ist. Wer hingegen mehr Platz beansprucht, ist bei einem Doppelbett besser mit einer Breite von <strong>90 cm pro Matratze<\/strong> oder sogar mit einem Meter Breite pro Matratze besser beraten. \u00dcbrigens: Auch f\u00fcr die Ausstattung im Kinderzimmer sind <strong>Matratzen 80&#215;200<\/strong> zu empfehlen.<\/p>\n<h3>Beratung f\u00fcr Partner \u2013 jeder sollte seine individuelle Matratze erhalten<\/h3>\n<p>Wenn Partner gemeinsam <strong>Matratzen kaufen<\/strong>, sollte jeder Interessent darauf achten, dass seine individuellen Bed\u00fcrfnisse genau erf\u00fcllt werden. Unterschiedliche Gr\u00f6\u00dfe und unterschiedliches Gewicht sind schon ein erstes Indiz daf\u00fcr, dass man zu <strong>unterschiedlichen Materialien oder H\u00e4rtegraden<\/strong> greifen sollte. Unsere Fachberater stehen dabei immer an Ihrer Seite. Denn unser Ziel ist die ma\u00dfgeschneiderte Matratze f\u00fcr jeden!<\/p>\n<h3>Matratzen 80&#215;200 \u2013 willkommen zu einer Beratung im Matratzenhaus f\u00fcr M\u00fcnchen und die Region<\/h3>\n<p><strong>Sie sind interessiert an einer Analyse Ihrer Liegegewohnheiten<\/strong>? <a title=\"Kontakt\" href=\"https:\/\/das-matratzen-haus.de\/lp\/kontakt\/\"><strong>Dann besuchen Sie uns<\/strong><\/a>. Hier beraten Sie Schlafberater und Physiotherapeuten. W\u00e4hlen Sie Ihre Matratze aus einer hochwertigen Anzahl von Markenmatratzen aus. Jede dieser Produkte verf\u00fcgen \u00fcber spezifische Eigenschaften, die unsere Berater in allen Einzelheiten kennen. Ob u.a. <a title=\"Lattoflex Matratzen\" href=\"https:\/\/das-matratzen-haus.de\/lp\/pf\/lattoflex-matratzen\/\"><strong>Lattoflex<\/strong><\/a>, <strong>Metzeler<\/strong> oder <a title=\"Rummel Matratzen\" href=\"https:\/\/das-matratzen-haus.de\/lp\/pf\/rummel-matratzen\/\"><strong>Rummel Matratzen<\/strong><\/a> \u2013 setzen Sie in jedem Fall auf <strong>Qualit\u00e4t und Schlafgesundheit<\/strong>!<\/p>\n","protected":false},"excerpt":{"rendered":"<p>Matratzen 80&#215;200 \u2013 optimal f\u00fcr relativ schmale Betten Sie suchen Matratzen 80&#215;200 cm gro\u00df? Beim Matratzen- und Bettenhaus M\u00fcnchen erwartet Sie breite Auswahl. Es kommt&hellip;<\/p>\n","protected":false},"author":15,"featured_media":0,"parent":0,"menu_order":7,"comment_status":"closed","ping_status":"closed","template":"","meta":{"_links_to":"","_links_to_target":""},"yoast_head":"<!-- This site is optimized with the Yoast SEO plugin v16.0.2 - https:\/\/yoast.com\/wordpress\/plugins\/seo\/ -->\n<title>Matratzen 80x200 | das-matratzen-haus.de | Matratzenhaus M\u00fcnchen<\/title>\n<meta name=\"description\" content=\"Entdecken Sie unsere qualitativ hochwertige Auswahl an Matratzen 80x200 - Lattoflex \u2705 Metzeler \u2705 Nobellomed \u2705 Rummel \u2705 Swissflex \u2705 Suberba \u2705 u.v.a.\" \/>\n<link rel=\"canonical\" href=\"https:\/\/das-matratzen-haus.de\/lp\/matratzen-80x200\/\" \/>\n<meta property=\"og:locale\" content=\"de_DE\" \/>\n<meta property=\"og:type\" content=\"article\" \/>\n<meta property=\"og:title\" content=\"Matratzen 80x200 | das-matratzen-haus.de | Matratzenhaus M\u00fcnchen\" \/>\n<meta property=\"og:description\" content=\"Entdecken Sie unsere qualitativ hochwertige Auswahl an Matratzen 80x200 - Lattoflex \u2705 Metzeler \u2705 Nobellomed \u2705 Rummel \u2705 Swissflex \u2705 Suberba \u2705 u.v.a.\" \/>\n<meta property=\"og:url\" content=\"https:\/\/das-matratzen-haus.de\/lp\/matratzen-80x200\/\" \/>\n<meta property=\"og:site_name\" content=\"Matratzen- und Bettenhaus M\u00fcnchen\" \/>\n<meta property=\"article:publisher\" content=\"https:\/\/www.facebook.com\/dasmatratzenbettenhausmuenchen\/\" \/>\n<meta property=\"og:image\" content=\"https:\/\/das-matratzen-haus.de\/lp\/wp-content\/uploads\/l-emmur-400-bis-600-300x224.jpg\" \/>\n<meta name=\"twitter:card\" content=\"summary\" \/>\n<meta name=\"twitter:label1\" content=\"Gesch\u00e4tzte Lesezeit\">\n\t<meta name=\"twitter:data1\" content=\"2\u00a0Minuten\">\n<script type=\"application\/ld+json\" class=\"yoast-schema-graph\">{\"@context\":\"https:\/\/schema.org\",\"@graph\":[{\"@type\":\"WebSite\",\"@id\":\"https:\/\/das-matratzen-haus.de\/lp\/#website\",\"url\":\"https:\/\/das-matratzen-haus.de\/lp\/\",\"name\":\"Matratzen- und Bettenhaus M\\u00fcnchen\",\"description\":\"\",\"potentialAction\":[{\"@type\":\"SearchAction\",\"target\":\"https:\/\/das-matratzen-haus.de\/lp\/?s={search_term_string}\",\"query-input\":\"required name=search_term_string\"}],\"inLanguage\":\"de\"},{\"@type\":\"ImageObject\",\"@id\":\"https:\/\/das-matratzen-haus.de\/lp\/matratzen-80x200\/#primaryimage\",\"inLanguage\":\"de\",\"url\":\"https:\/\/das-matratzen-haus.de\/lp\/wp-content\/uploads\/l-emmur-400-bis-600.jpg\",\"width\":1600,\"height\":1198,\"caption\":\"Rummel Matratzen\"},{\"@type\":\"WebPage\",\"@id\":\"https:\/\/das-matratzen-haus.de\/lp\/matratzen-80x200\/#webpage\",\"url\":\"https:\/\/das-matratzen-haus.de\/lp\/matratzen-80x200\/\",\"name\":\"Matratzen 80x200 | das-matratzen-haus.de | Matratzenhaus M\\u00fcnchen\",\"isPartOf\":{\"@id\":\"https:\/\/das-matratzen-haus.de\/lp\/#website\"},\"primaryImageOfPage\":{\"@id\":\"https:\/\/das-matratzen-haus.de\/lp\/matratzen-80x200\/#primaryimage\"},\"datePublished\":\"2019-07-05T09:57:52+00:00\",\"dateModified\":\"2019-07-05T09:57:52+00:00\",\"description\":\"Entdecken Sie unsere qualitativ hochwertige Auswahl an Matratzen 80x200 - Lattoflex \\u2705 Metzeler \\u2705 Nobellomed \\u2705 Rummel \\u2705 Swissflex \\u2705 Suberba \\u2705 u.v.a.\",\"breadcrumb\":{\"@id\":\"https:\/\/das-matratzen-haus.de\/lp\/matratzen-80x200\/#breadcrumb\"},\"inLanguage\":\"de\",\"potentialAction\":[{\"@type\":\"ReadAction\",\"target\":[\"https:\/\/das-matratzen-haus.de\/lp\/matratzen-80x200\/\"]}]},{\"@type\":\"BreadcrumbList\",\"@id\":\"https:\/\/das-matratzen-haus.de\/lp\/matratzen-80x200\/#breadcrumb\",\"itemListElement\":[{\"@type\":\"ListItem\",\"position\":1,\"item\":{\"@type\":\"WebPage\",\"@id\":\"https:\/\/das-matratzen-haus.de\/lp\/\",\"url\":\"https:\/\/das-matratzen-haus.de\/lp\/\",\"name\":\"Startseite\"}},{\"@type\":\"ListItem\",\"position\":2,\"item\":{\"@type\":\"WebPage\",\"@id\":\"https:\/\/das-matratzen-haus.de\/lp\/matratzen-80x200\/\",\"url\":\"https:\/\/das-matratzen-haus.de\/lp\/matratzen-80x200\/\",\"name\":\"Matratzen 80&#215;200\"}}]}]}<\/script>\n<!-- \/ Yoast SEO plugin. -->","_links":{"self":[{"href":"https:\/\/das-matratzen-haus.de\/lp\/wp-json\/wp\/v2\/pages\/5790"}],"collection":[{"href":"https:\/\/das-matratzen-haus.de\/lp\/wp-json\/wp\/v2\/pages"}],"about":[{"href":"https:\/\/das-matratzen-haus.de\/lp\/wp-json\/wp\/v2\/types\/page"}],"author":[{"embeddable":true,"href":"https:\/\/das-matratzen-haus.de\/lp\/wp-json\/wp\/v2\/users\/15"}],"replies":[{"embeddable":true,"href":"https:\/\/das-matratzen-haus.de\/lp\/wp-json\/wp\/v2\/comments?post=5790"}],"version-history":[{"count":0,"href":"https:\/\/das-matratzen-haus.de\/lp\/wp-json\/wp\/v2\/pages\/5790\/revisions"}],"wp:attachment":[{"href":"https:\/\/das-matratzen-haus.de\/lp\/wp-json\/wp\/v2\/media?parent=5790"}],"curies":[{"name":"wp","href":"https:\/\/api.w.org\/{rel}","templated":true}]}}