{"id":6160,"date":"2020-05-25T12:49:04","date_gmt":"2020-05-25T10:49:04","guid":{"rendered":"https:\/\/das-matratzen-haus.de\/lp\/?page_id=6160"},"modified":"2020-05-25T12:50:40","modified_gmt":"2020-05-25T10:50:40","slug":"matratzen-90x220","status":"publish","type":"page","link":"https:\/\/das-matratzen-haus.de\/lp\/matratzen-90x220\/","title":{"rendered":"Matratzen 90&#215;220"},"content":{"rendered":"<h2>Mit unseren Matratzen 90&#215;220 schlafen Sie zuk\u00fcnftig erholsamer<\/h2>\n<div id=\"attachment_5736\" style=\"width: 310px\" class=\"wp-caption alignright\"><img aria-describedby=\"caption-attachment-5736\" loading=\"lazy\" class=\"size-medium wp-image-5736\" src=\"https:\/\/das-matratzen-haus.de\/lp\/wp-content\/uploads\/Ergomed-Natur-L-700-300x183.jpg\" alt=\"Matratzen 90x220 \" width=\"300\" height=\"183\" srcset=\"https:\/\/das-matratzen-haus.de\/lp\/wp-content\/uploads\/Ergomed-Natur-L-700-300x183.jpg 300w, https:\/\/das-matratzen-haus.de\/lp\/wp-content\/uploads\/Ergomed-Natur-L-700-600x365.jpg 600w, https:\/\/das-matratzen-haus.de\/lp\/wp-content\/uploads\/Ergomed-Natur-L-700-768x468.jpg 768w, https:\/\/das-matratzen-haus.de\/lp\/wp-content\/uploads\/Ergomed-Natur-L-700-1030x627.jpg 1030w, https:\/\/das-matratzen-haus.de\/lp\/wp-content\/uploads\/Ergomed-Natur-L-700-1500x913.jpg 1500w, https:\/\/das-matratzen-haus.de\/lp\/wp-content\/uploads\/Ergomed-Natur-L-700-495x301.jpg 495w, https:\/\/das-matratzen-haus.de\/lp\/wp-content\/uploads\/Ergomed-Natur-L-700-705x429.jpg 705w, https:\/\/das-matratzen-haus.de\/lp\/wp-content\/uploads\/Ergomed-Natur-L-700-180x110.jpg 180w, https:\/\/das-matratzen-haus.de\/lp\/wp-content\/uploads\/Ergomed-Natur-L-700.jpg 1772w\" sizes=\"(max-width: 300px) 100vw, 300px\" \/><p id=\"caption-attachment-5736\" class=\"wp-caption-text\"><strong>Matratzen 90&#215;220<\/strong><\/p><\/div>\n<p>Wir sind seit vielen Jahren im M\u00fcnchener Raum Ihr Ansprechpartner f\u00fcr erholsamen Schlaf. Durch unsere zertifizierte ganzheitliche Schlafberatung wird Ihnen von uns ein ganz spezieller Service angeboten. Leiden Sie unter Schlafprobleme, welche etwa aufgrund einer unbequemen Lage im Bett ausgel\u00f6st werden? Mithilfe unserer umfassenden und fachlich kompetenten Beratung k\u00f6nnen Sie k\u00fcnftig ges\u00fcnder schlafen. Dazu z\u00e4hlt au\u00dferdem, dass wir Ihnen prinzipiell unabh\u00e4ngig von s\u00e4mtlichen Marken aus unserer breiten Produktpalette <a title=\"Matratzen 90x220\" href=\"https:\/\/das-matratzen-haus.de\/lp\/pf\/matratzen\/\"><strong>Matratzen 90&#215;220 und weitere Produkte<\/strong><\/a> f\u00fcr einen erholsamen Schlaf empfehlen.<\/p>\n<h3>Mit einer pr\u00e4zisen Liegeanalyse und professionellen Fachberatung zur ergonomischen Matratze<\/h3>\n<p>Lediglich eine Schlafunterlage wie eine Matratze, welche optimal auf die physischen Bed\u00fcrfnisse abgestimmt ist, garantiert den gesunden Schlaf, den man braucht. Insbesondere die\u00a0<strong>Eigenschaften der Matratzen 90&#215;220<\/strong> sind bei der Auswahl sehr wichtig. Au\u00dferdem spielen ebenso das richtige Kopfkissen und eine abgestimmte Bettdecke eine entscheidende Rolle, um unter anderem Kopf- und Schulterschmerzen zu verhindern.<\/p>\n<h3>Eine ma\u00dfgeschneide Matratze erhalten, welche zu Ihrem pers\u00f6nlichen Liegeverhalten passt<\/h3>\n<p>Es ist wichtig, dass Ihre optimale Matratze sich perfekt Ihrer Ergonomie und dem daraus ergebenden Liegeverhalten passt. Des Weiteren ist es besonders wichtig, dass sich auf der Matratze Ihr K\u00f6rpergewicht vollst\u00e4ndig verteilen sollte. Wichtige Faktoren w\u00e4ren der passende H\u00e4rtegrad und die ideale Luftzirkulation, die einen sehr wichtigen Platz bei Ihrer Matratze einnehmen. <a title=\"Fachberatung zum Thema Matratzen\" href=\"https:\/\/das-matratzen-haus.de\/lp\/fachberatung\/\"><strong>Lassen Sie sich dazu bei uns in aller Ruhe beraten<\/strong><\/a>.<\/p>\n<p><em>Vor allem vor dem Erwerb der Matratze ist es ganz entscheidend, durch Fachberatung und fachm\u00e4nnische Analyse exakt zu erkennen, was f\u00fcr eine Art und H\u00e4rte zu Ihrem K\u00f6rper und seinen Bed\u00fcrfnissen passt.<\/em><\/p>\n<p>Anhand dieser Vorgehensweise haben unsere Schlafberater die M\u00f6glichkeit zu erkennen, nicht nur welche Form, sondern auch welche Art der Matratze f\u00fcr einen besseren Schlaf und Ihre physische Erholung der perfekte Ma\u00dfstab ist. \u00dcberdies k\u00f6nnen Sie sich ebenfalls ganz sicher sein, dass der eigene K\u00f6rper die Entspannung erh\u00e4lt, welche er f\u00fcr seinen Schlaf braucht.<\/p>\n<h3>Matratzen 90&#215;220 gesucht? Lassen Sie sich von uns beraten!<\/h3>\n<p>Interessieren Sie sich f\u00fcr moderne Betten, wie beispielsweise\u00a0<strong>Boxspringbetten<\/strong> oder <strong> Zirbenholzbetten<\/strong>? M\u00f6chten mehr \u00fcber Matratzen 90&#215;220, Matratzenauflagen, <strong>Lattenroste<\/strong>, besondere Kopfkissen, Bettw\u00e4sche, Spannbettlagen oder auch unseren Wasserbettenservice in Erfahrung bringen? Dann freuen wir uns darauf, wenn Sie uns besuchen. Haben Sie vor, f\u00fcr Ihr Schlafzimmer ein sehr hochwertiges Produkt zu bestellen? Dann schauen Sie in unser M\u00fcnchener Fachgesch\u00e4ft einfach vorbei. Unser geschultes und erfahrenes Team nimmt sich Zeit, damit Sie eine umfassende Beratung zu Matratzen 90&#215;220 und anderen Artikeln erhalten.<\/p>\n","protected":false},"excerpt":{"rendered":"<p>Mit unseren Matratzen 90&#215;220 schlafen Sie zuk\u00fcnftig erholsamer Wir sind seit vielen Jahren im M\u00fcnchener Raum Ihr Ansprechpartner f\u00fcr erholsamen Schlaf. Durch unsere zertifizierte ganzheitliche&hellip;<\/p>\n","protected":false},"author":15,"featured_media":0,"parent":0,"menu_order":0,"comment_status":"closed","ping_status":"closed","template":"","meta":{"_links_to":"","_links_to_target":""},"yoast_head":"<!-- This site is optimized with the Yoast SEO plugin v16.0.2 - https:\/\/yoast.com\/wordpress\/plugins\/seo\/ -->\n<title>Matratzen 90x220 | Ihr Matratzen- und Bettenhaus f\u00fcr M\u00fcnchen<\/title>\n<meta name=\"description\" content=\"Suchen Sie sich aus unserer Produktpalette rund um Matratzen 90x220 das passende Modell heraus. \u2705 Besuchen Sie uns aus dem Raum M\u00fcnchen! \u2705\" \/>\n<link rel=\"canonical\" href=\"https:\/\/das-matratzen-haus.de\/lp\/matratzen-90x220\/\" \/>\n<meta property=\"og:locale\" content=\"de_DE\" \/>\n<meta property=\"og:type\" content=\"article\" \/>\n<meta property=\"og:title\" content=\"Matratzen 90x220 | Ihr Matratzen- und Bettenhaus f\u00fcr M\u00fcnchen\" \/>\n<meta property=\"og:description\" content=\"Suchen Sie sich aus unserer Produktpalette rund um Matratzen 90x220 das passende Modell heraus. \u2705 Besuchen Sie uns aus dem Raum M\u00fcnchen! \u2705\" \/>\n<meta property=\"og:url\" content=\"https:\/\/das-matratzen-haus.de\/lp\/matratzen-90x220\/\" \/>\n<meta property=\"og:site_name\" content=\"Matratzen- und Bettenhaus M\u00fcnchen\" \/>\n<meta property=\"article:publisher\" content=\"https:\/\/www.facebook.com\/dasmatratzenbettenhausmuenchen\/\" \/>\n<meta property=\"article:modified_time\" content=\"2020-05-25T10:50:40+00:00\" \/>\n<meta property=\"og:image\" content=\"https:\/\/das-matratzen-haus.de\/lp\/wp-content\/uploads\/Ergomed-Natur-L-700-300x183.jpg\" \/>\n<meta name=\"twitter:card\" content=\"summary\" \/>\n<meta name=\"twitter:label1\" content=\"Gesch\u00e4tzte Lesezeit\">\n\t<meta name=\"twitter:data1\" content=\"2\u00a0Minuten\">\n<script type=\"application\/ld+json\" class=\"yoast-schema-graph\">{\"@context\":\"https:\/\/schema.org\",\"@graph\":[{\"@type\":\"WebSite\",\"@id\":\"https:\/\/das-matratzen-haus.de\/lp\/#website\",\"url\":\"https:\/\/das-matratzen-haus.de\/lp\/\",\"name\":\"Matratzen- und Bettenhaus M\\u00fcnchen\",\"description\":\"\",\"potentialAction\":[{\"@type\":\"SearchAction\",\"target\":\"https:\/\/das-matratzen-haus.de\/lp\/?s={search_term_string}\",\"query-input\":\"required name=search_term_string\"}],\"inLanguage\":\"de\"},{\"@type\":\"ImageObject\",\"@id\":\"https:\/\/das-matratzen-haus.de\/lp\/matratzen-90x220\/#primaryimage\",\"inLanguage\":\"de\",\"url\":\"https:\/\/das-matratzen-haus.de\/lp\/wp-content\/uploads\/Ergomed-Natur-L-700.jpg\",\"width\":1772,\"height\":1079,\"caption\":\"Matratzen 90x220\"},{\"@type\":\"WebPage\",\"@id\":\"https:\/\/das-matratzen-haus.de\/lp\/matratzen-90x220\/#webpage\",\"url\":\"https:\/\/das-matratzen-haus.de\/lp\/matratzen-90x220\/\",\"name\":\"Matratzen 90x220 | Ihr Matratzen- und Bettenhaus f\\u00fcr M\\u00fcnchen\",\"isPartOf\":{\"@id\":\"https:\/\/das-matratzen-haus.de\/lp\/#website\"},\"primaryImageOfPage\":{\"@id\":\"https:\/\/das-matratzen-haus.de\/lp\/matratzen-90x220\/#primaryimage\"},\"datePublished\":\"2020-05-25T10:49:04+00:00\",\"dateModified\":\"2020-05-25T10:50:40+00:00\",\"description\":\"Suchen Sie sich aus unserer Produktpalette rund um Matratzen 90x220 das passende Modell heraus. \\u2705 Besuchen Sie uns aus dem Raum M\\u00fcnchen! \\u2705\",\"breadcrumb\":{\"@id\":\"https:\/\/das-matratzen-haus.de\/lp\/matratzen-90x220\/#breadcrumb\"},\"inLanguage\":\"de\",\"potentialAction\":[{\"@type\":\"ReadAction\",\"target\":[\"https:\/\/das-matratzen-haus.de\/lp\/matratzen-90x220\/\"]}]},{\"@type\":\"BreadcrumbList\",\"@id\":\"https:\/\/das-matratzen-haus.de\/lp\/matratzen-90x220\/#breadcrumb\",\"itemListElement\":[{\"@type\":\"ListItem\",\"position\":1,\"item\":{\"@type\":\"WebPage\",\"@id\":\"https:\/\/das-matratzen-haus.de\/lp\/\",\"url\":\"https:\/\/das-matratzen-haus.de\/lp\/\",\"name\":\"Startseite\"}},{\"@type\":\"ListItem\",\"position\":2,\"item\":{\"@type\":\"WebPage\",\"@id\":\"https:\/\/das-matratzen-haus.de\/lp\/matratzen-90x220\/\",\"url\":\"https:\/\/das-matratzen-haus.de\/lp\/matratzen-90x220\/\",\"name\":\"Matratzen 90&#215;220\"}}]}]}<\/script>\n<!-- \/ Yoast SEO plugin. -->","_links":{"self":[{"href":"https:\/\/das-matratzen-haus.de\/lp\/wp-json\/wp\/v2\/pages\/6160"}],"collection":[{"href":"https:\/\/das-matratzen-haus.de\/lp\/wp-json\/wp\/v2\/pages"}],"about":[{"href":"https:\/\/das-matratzen-haus.de\/lp\/wp-json\/wp\/v2\/types\/page"}],"author":[{"embeddable":true,"href":"https:\/\/das-matratzen-haus.de\/lp\/wp-json\/wp\/v2\/users\/15"}],"replies":[{"embeddable":true,"href":"https:\/\/das-matratzen-haus.de\/lp\/wp-json\/wp\/v2\/comments?post=6160"}],"version-history":[{"count":2,"href":"https:\/\/das-matratzen-haus.de\/lp\/wp-json\/wp\/v2\/pages\/6160\/revisions"}],"predecessor-version":[{"id":6162,"href":"https:\/\/das-matratzen-haus.de\/lp\/wp-json\/wp\/v2\/pages\/6160\/revisions\/6162"}],"wp:attachment":[{"href":"https:\/\/das-matratzen-haus.de\/lp\/wp-json\/wp\/v2\/media?parent=6160"}],"curies":[{"name":"wp","href":"https:\/\/api.w.org\/{rel}","templated":true}]}}