{"id":6190,"date":"2020-06-29T13:52:17","date_gmt":"2020-06-29T11:52:17","guid":{"rendered":"https:\/\/das-matratzen-haus.de\/lp\/?page_id=6190"},"modified":"2020-06-29T14:01:03","modified_gmt":"2020-06-29T12:01:03","slug":"betten-120x200","status":"publish","type":"page","link":"https:\/\/das-matratzen-haus.de\/lp\/betten-120x200\/","title":{"rendered":"Betten 120&#215;200"},"content":{"rendered":"<h2>Ergonomische Betten 120&#215;200 in traumhaften Ausf\u00fchrungen<\/h2>\n<div id=\"attachment_4875\" style=\"width: 310px\" class=\"wp-caption alignright\"><img aria-describedby=\"caption-attachment-4875\" loading=\"lazy\" class=\"size-medium wp-image-4875\" src=\"https:\/\/das-matratzen-haus.de\/lp\/wp-content\/uploads\/Schlafkultur-Heppner-Naturholzbetten-S7-Detail-Nr1-300x200.jpg\" alt=\"Betten 120x200, Bett 120 x 200\" width=\"300\" height=\"200\" srcset=\"https:\/\/das-matratzen-haus.de\/lp\/wp-content\/uploads\/Schlafkultur-Heppner-Naturholzbetten-S7-Detail-Nr1-300x200.jpg 300w, https:\/\/das-matratzen-haus.de\/lp\/wp-content\/uploads\/Schlafkultur-Heppner-Naturholzbetten-S7-Detail-Nr1-600x400.jpg 600w, https:\/\/das-matratzen-haus.de\/lp\/wp-content\/uploads\/Schlafkultur-Heppner-Naturholzbetten-S7-Detail-Nr1-768x512.jpg 768w, https:\/\/das-matratzen-haus.de\/lp\/wp-content\/uploads\/Schlafkultur-Heppner-Naturholzbetten-S7-Detail-Nr1-1030x686.jpg 1030w, https:\/\/das-matratzen-haus.de\/lp\/wp-content\/uploads\/Schlafkultur-Heppner-Naturholzbetten-S7-Detail-Nr1-1500x999.jpg 1500w, https:\/\/das-matratzen-haus.de\/lp\/wp-content\/uploads\/Schlafkultur-Heppner-Naturholzbetten-S7-Detail-Nr1-495x330.jpg 495w, https:\/\/das-matratzen-haus.de\/lp\/wp-content\/uploads\/Schlafkultur-Heppner-Naturholzbetten-S7-Detail-Nr1-705x470.jpg 705w, https:\/\/das-matratzen-haus.de\/lp\/wp-content\/uploads\/Schlafkultur-Heppner-Naturholzbetten-S7-Detail-Nr1-180x120.jpg 180w, https:\/\/das-matratzen-haus.de\/lp\/wp-content\/uploads\/Schlafkultur-Heppner-Naturholzbetten-S7-Detail-Nr1.jpg 1600w\" sizes=\"(max-width: 300px) 100vw, 300px\" \/><p id=\"caption-attachment-4875\" class=\"wp-caption-text\"><strong>Betten 120&#215;200<\/strong><\/p><\/div>\n<p>F\u00fcr einen gesunden Schlaf sind verschiedene Faktoren bedeutsam. Dieses sollte man beim Kauf von Betten 120&#215;200 beachten. Wie sind Ihre k\u00f6rperlichen Voraussetzungen? Was w\u00fcnschen Sie sich f\u00fcr Ihr Schlafzimmer?<\/p>\n<p>Um das perfekte Bett zu finden, spielt die <strong>Ergonomie<\/strong> eine Rolle, aber auch das Aussehen ist nicht zu untersch\u00e4tzen. Denn Sie m\u00f6chten sich in Ihrem Bett wohlf\u00fchlen.<\/p>\n<p>Deshalb sind wir bei uns im <a title=\"Betten 120 x 200\" href=\"https:\/\/das-matratzen-haus.de\/lp\/pf\/boxspringbetten\/\"><strong>Matratzen und Betten Haus<\/strong><\/a> in M\u00fcnchen auf alle Fragen rund um Schlaf und Betten spezialisiert. Schauen Sie vorbei und lassen Sie sich von unseren kompetenten Mitarbeitern beraten und inspirieren.<\/p>\n<h3>Klassisch modern oder ganz nat\u00fcrlich \u2013 wir beraten Sie f\u00fcr Ihren individuellen Anspruch<\/h3>\n<p>Jeder Mensch ist anders und so bevorzugen die einen ein extravagantes Design und die anderen eher den naturnahen Stil. Das ist f\u00fcr uns selbstverst\u00e4ndlich. Deshalb bieten wir Ihnen eine so vielf\u00e4ltige Auswahl an Betten 120 x 200.<\/p>\n<p>Wir pr\u00e4sentieren Ihnen <a title=\"Massivholzbetten 120 x 200\" href=\"https:\/\/das-matratzen-haus.de\/lp\/pf\/massivholzbetten\/\"><strong>Massivholzbetten<\/strong><\/a> aus verschiedenen Holzarten so wie auch Designbetten von feinster Qualit\u00e4t. Sie suchen lieber was klassisch elegantes? Auch dann sind Sie bei uns richtig.<\/p>\n<p>Neben den optischen Aspekten spielen selbstverst\u00e4ndlich auch die individuellen Anspr\u00fcche und der Komfort eine Rolle. Daher bieten wir Ihnen ein breites Spektrum an Komfortbetten, Boxspringbetten, <strong>Polsterbetten<\/strong> und auch Pflegebetten.<\/p>\n<h3>Unsere hohe Schlafkompetenz f\u00fcr die richtige Auswahl an Betten 120&#215;200<\/h3>\n<p>In unserem Matratzenhaus stehen 25 Jahre Berufserfahrung und gro\u00dfe Leidenschaft f\u00fcr unsere hohe Profession. Lassen Sie sich daher zu <strong>Betten 120&#215;200<\/strong> ausf\u00fchrlich von uns beraten.<\/p>\n<p>Wir verf\u00fcgen \u00fcber Analysetechnik und k\u00f6nnen so Ihr Liegeverhalten ermitteln. Das ist eine wichtige Voraussetzung, um das genau passende Bett zu finden. Denn die Einzelteile eines Bettes lassen sich je nach Bedarf unterschiedlich zusammenstellen. Hierbei helfen wir Ihnen gern.<\/p>\n<p>Wir sind mit <strong>Beratung<\/strong>, Zeit und umfangreichem Service f\u00fcr Sie da und tun alles f\u00fcr Ihren wohlverdienten Schlaf. Besuchen Sie uns im Matratzenhaus in M\u00fcnchen.<\/p>\n","protected":false},"excerpt":{"rendered":"<p>Ergonomische Betten 120&#215;200 in traumhaften Ausf\u00fchrungen F\u00fcr einen gesunden Schlaf sind verschiedene Faktoren bedeutsam. Dieses sollte man beim Kauf von Betten 120&#215;200 beachten. Wie sind&hellip;<\/p>\n","protected":false},"author":15,"featured_media":0,"parent":0,"menu_order":0,"comment_status":"closed","ping_status":"closed","template":"","meta":{"_links_to":"","_links_to_target":""},"yoast_head":"<!-- This site is optimized with the Yoast SEO plugin v16.0.2 - https:\/\/yoast.com\/wordpress\/plugins\/seo\/ -->\n<title>Betten 120x200 | Traumhafte Ausf\u00fchrungen | das-matratzen-haus.de<\/title>\n<meta name=\"description\" content=\"Unsere Betten 120x200 erf\u00fcllen Ihre Anspr\u00fcche an Komfort und Design. Ausf\u00fchrliche und professionelle Schlafberatung im Matratzen und Betten Haus M\u00fcnchen.\" \/>\n<link rel=\"canonical\" href=\"https:\/\/das-matratzen-haus.de\/lp\/betten-120x200\/\" \/>\n<meta property=\"og:locale\" content=\"de_DE\" \/>\n<meta property=\"og:type\" content=\"article\" \/>\n<meta property=\"og:title\" content=\"Betten 120x200 | Traumhafte Ausf\u00fchrungen | das-matratzen-haus.de\" \/>\n<meta property=\"og:description\" content=\"Unsere Betten 120x200 erf\u00fcllen Ihre Anspr\u00fcche an Komfort und Design. Ausf\u00fchrliche und professionelle Schlafberatung im Matratzen und Betten Haus M\u00fcnchen.\" \/>\n<meta property=\"og:url\" content=\"https:\/\/das-matratzen-haus.de\/lp\/betten-120x200\/\" \/>\n<meta property=\"og:site_name\" content=\"Matratzen- und Bettenhaus M\u00fcnchen\" \/>\n<meta property=\"article:publisher\" content=\"https:\/\/www.facebook.com\/dasmatratzenbettenhausmuenchen\/\" \/>\n<meta property=\"article:modified_time\" content=\"2020-06-29T12:01:03+00:00\" \/>\n<meta property=\"og:image\" content=\"https:\/\/das-matratzen-haus.de\/lp\/wp-content\/uploads\/Schlafkultur-Heppner-Naturholzbetten-S7-Detail-Nr1-300x200.jpg\" \/>\n<meta name=\"twitter:card\" content=\"summary\" \/>\n<meta name=\"twitter:label1\" content=\"Gesch\u00e4tzte Lesezeit\">\n\t<meta name=\"twitter:data1\" content=\"2\u00a0Minuten\">\n<script type=\"application\/ld+json\" class=\"yoast-schema-graph\">{\"@context\":\"https:\/\/schema.org\",\"@graph\":[{\"@type\":\"WebSite\",\"@id\":\"https:\/\/das-matratzen-haus.de\/lp\/#website\",\"url\":\"https:\/\/das-matratzen-haus.de\/lp\/\",\"name\":\"Matratzen- und Bettenhaus M\\u00fcnchen\",\"description\":\"\",\"potentialAction\":[{\"@type\":\"SearchAction\",\"target\":\"https:\/\/das-matratzen-haus.de\/lp\/?s={search_term_string}\",\"query-input\":\"required name=search_term_string\"}],\"inLanguage\":\"de\"},{\"@type\":\"ImageObject\",\"@id\":\"https:\/\/das-matratzen-haus.de\/lp\/betten-120x200\/#primaryimage\",\"inLanguage\":\"de\",\"url\":\"https:\/\/das-matratzen-haus.de\/lp\/wp-content\/uploads\/Schlafkultur-Heppner-Naturholzbetten-S7-Detail-Nr1.jpg\",\"width\":1600,\"height\":1066,\"caption\":\"Betten 120x200, Bett 120 x 200.\"},{\"@type\":\"WebPage\",\"@id\":\"https:\/\/das-matratzen-haus.de\/lp\/betten-120x200\/#webpage\",\"url\":\"https:\/\/das-matratzen-haus.de\/lp\/betten-120x200\/\",\"name\":\"Betten 120x200 | Traumhafte Ausf\\u00fchrungen | das-matratzen-haus.de\",\"isPartOf\":{\"@id\":\"https:\/\/das-matratzen-haus.de\/lp\/#website\"},\"primaryImageOfPage\":{\"@id\":\"https:\/\/das-matratzen-haus.de\/lp\/betten-120x200\/#primaryimage\"},\"datePublished\":\"2020-06-29T11:52:17+00:00\",\"dateModified\":\"2020-06-29T12:01:03+00:00\",\"description\":\"Unsere Betten 120x200 erf\\u00fcllen Ihre Anspr\\u00fcche an Komfort und Design. Ausf\\u00fchrliche und professionelle Schlafberatung im Matratzen und Betten Haus M\\u00fcnchen.\",\"breadcrumb\":{\"@id\":\"https:\/\/das-matratzen-haus.de\/lp\/betten-120x200\/#breadcrumb\"},\"inLanguage\":\"de\",\"potentialAction\":[{\"@type\":\"ReadAction\",\"target\":[\"https:\/\/das-matratzen-haus.de\/lp\/betten-120x200\/\"]}]},{\"@type\":\"BreadcrumbList\",\"@id\":\"https:\/\/das-matratzen-haus.de\/lp\/betten-120x200\/#breadcrumb\",\"itemListElement\":[{\"@type\":\"ListItem\",\"position\":1,\"item\":{\"@type\":\"WebPage\",\"@id\":\"https:\/\/das-matratzen-haus.de\/lp\/\",\"url\":\"https:\/\/das-matratzen-haus.de\/lp\/\",\"name\":\"Startseite\"}},{\"@type\":\"ListItem\",\"position\":2,\"item\":{\"@type\":\"WebPage\",\"@id\":\"https:\/\/das-matratzen-haus.de\/lp\/betten-120x200\/\",\"url\":\"https:\/\/das-matratzen-haus.de\/lp\/betten-120x200\/\",\"name\":\"Betten 120&#215;200\"}}]}]}<\/script>\n<!-- \/ Yoast SEO plugin. -->","_links":{"self":[{"href":"https:\/\/das-matratzen-haus.de\/lp\/wp-json\/wp\/v2\/pages\/6190"}],"collection":[{"href":"https:\/\/das-matratzen-haus.de\/lp\/wp-json\/wp\/v2\/pages"}],"about":[{"href":"https:\/\/das-matratzen-haus.de\/lp\/wp-json\/wp\/v2\/types\/page"}],"author":[{"embeddable":true,"href":"https:\/\/das-matratzen-haus.de\/lp\/wp-json\/wp\/v2\/users\/15"}],"replies":[{"embeddable":true,"href":"https:\/\/das-matratzen-haus.de\/lp\/wp-json\/wp\/v2\/comments?post=6190"}],"version-history":[{"count":2,"href":"https:\/\/das-matratzen-haus.de\/lp\/wp-json\/wp\/v2\/pages\/6190\/revisions"}],"predecessor-version":[{"id":6196,"href":"https:\/\/das-matratzen-haus.de\/lp\/wp-json\/wp\/v2\/pages\/6190\/revisions\/6196"}],"wp:attachment":[{"href":"https:\/\/das-matratzen-haus.de\/lp\/wp-json\/wp\/v2\/media?parent=6190"}],"curies":[{"name":"wp","href":"https:\/\/api.w.org\/{rel}","templated":true}]}}