{"id":6193,"date":"2020-06-29T13:59:59","date_gmt":"2020-06-29T11:59:59","guid":{"rendered":"https:\/\/das-matratzen-haus.de\/lp\/?page_id=6193"},"modified":"2020-06-29T13:59:59","modified_gmt":"2020-06-29T11:59:59","slug":"betten-100x200","status":"publish","type":"page","link":"https:\/\/das-matratzen-haus.de\/lp\/betten-100x200\/","title":{"rendered":"Betten 100&#215;200"},"content":{"rendered":"<h2>Traumhafte Vielfalt an Betten 100&#215;200 f\u00fcr erholsamen Schlaf<\/h2>\n<div id=\"attachment_5715\" style=\"width: 310px\" class=\"wp-caption alignright\"><img aria-describedby=\"caption-attachment-5715\" loading=\"lazy\" class=\"size-medium wp-image-5715\" src=\"https:\/\/das-matratzen-haus.de\/lp\/wp-content\/uploads\/Alcamo-Wildeiche-KT-Wildeiche-FT-niedrig-mit-Cavo-CMYK-300x185.jpg\" alt=\"Betten 100x200, Alcamo, Wildeiche\" width=\"300\" height=\"185\" srcset=\"https:\/\/das-matratzen-haus.de\/lp\/wp-content\/uploads\/Alcamo-Wildeiche-KT-Wildeiche-FT-niedrig-mit-Cavo-CMYK-300x185.jpg 300w, https:\/\/das-matratzen-haus.de\/lp\/wp-content\/uploads\/Alcamo-Wildeiche-KT-Wildeiche-FT-niedrig-mit-Cavo-CMYK-600x370.jpg 600w, https:\/\/das-matratzen-haus.de\/lp\/wp-content\/uploads\/Alcamo-Wildeiche-KT-Wildeiche-FT-niedrig-mit-Cavo-CMYK-768x473.jpg 768w, https:\/\/das-matratzen-haus.de\/lp\/wp-content\/uploads\/Alcamo-Wildeiche-KT-Wildeiche-FT-niedrig-mit-Cavo-CMYK-1030x635.jpg 1030w, https:\/\/das-matratzen-haus.de\/lp\/wp-content\/uploads\/Alcamo-Wildeiche-KT-Wildeiche-FT-niedrig-mit-Cavo-CMYK-1500x925.jpg 1500w, https:\/\/das-matratzen-haus.de\/lp\/wp-content\/uploads\/Alcamo-Wildeiche-KT-Wildeiche-FT-niedrig-mit-Cavo-CMYK-495x305.jpg 495w, https:\/\/das-matratzen-haus.de\/lp\/wp-content\/uploads\/Alcamo-Wildeiche-KT-Wildeiche-FT-niedrig-mit-Cavo-CMYK-705x435.jpg 705w, https:\/\/das-matratzen-haus.de\/lp\/wp-content\/uploads\/Alcamo-Wildeiche-KT-Wildeiche-FT-niedrig-mit-Cavo-CMYK-180x111.jpg 180w, https:\/\/das-matratzen-haus.de\/lp\/wp-content\/uploads\/Alcamo-Wildeiche-KT-Wildeiche-FT-niedrig-mit-Cavo-CMYK.jpg 1661w\" sizes=\"(max-width: 300px) 100vw, 300px\" \/><p id=\"caption-attachment-5715\" class=\"wp-caption-text\"><strong>Betten 100&#215;200<\/strong><\/p><\/div>\n<p>Wenn Sie sich f\u00fcr <strong>Betten der Gr\u00f6\u00dfe 100&#215;200<\/strong> interessieren, haben wir genau das Richtige f\u00fcr Sie. Denn in unserem Matratzen- und Betten Haus in M\u00fcnchen bieten wir Ihnen ein breites Sortiment an Betten in vielf\u00e4ltigen Ausf\u00fchrungen. Ob Designfragen oder der Grad des Komforts, es ist f\u00fcr jeden Bedarf und jeden Wunsch etwas dabei.<\/p>\n<p>Nehmen Sie unsere <a title=\"Beratung Betten 100x200\" href=\" https:\/\/das-matratzen-haus.de\/lp\/fachberatung\/\"><strong>professionelle Schlafberatung<\/strong><\/a> in Anspruch und finden Sie die perfekte Betten-Variante f\u00fcr sich.<\/p>\n<h3>Von robust bis modern \u2013 nur die besten Betten 100&#215;200 f\u00fcr Ihren traumhaften Schlaf<\/h3>\n<p>Welche Stimmung w\u00fcnschen Sie sich f\u00fcr Ihr Schlafzimmer? In unserer umfangreichen Auswahl an\u00a0<strong>Betten 100&#215;200<\/strong> k\u00f6nnen Sie sich in Ruhe umschauen und ausprobieren. Lassen Sie sich von den vielf\u00e4ltigen Materialien und Optiken der verschiedenen Ausf\u00fchrungen inspirieren.<\/p>\n<p>Wenn sie sich eine nat\u00fcrliche Atmosph\u00e4re in Ihrem Schlafzimmer w\u00fcnschen, empfehlen wir Ihnen Massivholzbetten. Sie bringen Ruhe in den Raum und bieten allein durch Wahl der Holzart interessante Unterschiede. Gern stellen wir Ihnen zum Beispiel Betten aus Zirbelholz oder aus einheimischen Holzarten vor.<\/p>\n<p>Oder Sie haben Lust auf etwas Besonderes? Dann beachten Sie unsere qualitativen <a title=\"Betten 100x200 in jedem Design\" href=\"https:\/\/das-matratzen-haus.de\/lp\/pf\/designbetten\/\"><strong>Designbetten<\/strong><\/a>. Bei uns finden Sie Komfortbetten aller Art. Sie m\u00f6gen keine harten Bettkanten? Dann testen Sie gern unsere Polsterbetten.<\/p>\n<h3>Kompetenter Service und langj\u00e4hrige Erfahrung stehen f\u00fcr hohe Schlafkompetenz<\/h3>\n<p>Auf unsere Profession und unsere Leidenschaft f\u00fcr das Thema Schlaf k\u00f6nnen Sie sich verlassen. Welche Art von <strong>100&#215;200 Betten<\/strong> Sie auch bevorzugen, wir tun alles, um Ihren Wunsch zu erf\u00fcllen.<\/p>\n<p>Denn wie sieht es neben der pers\u00f6nlichen Vorliebe mit Ihrem Bedarf aus? Ein Bett sollte an alle Bed\u00fcrfnisse angepasst sein, besonders aber auf die <strong>optimale Ergonomie<\/strong>. Hierf\u00fcr sind wir bestens ausgestattet. Mit unserer Analysetechnik k\u00f6nnen wir Ihr Liegeverhalten bestimmen und daraufhin Ihr Bett optimal zusammenstellen.<\/p>\n<p>Dar\u00fcber hinaus erhalten Sie bei uns alles an <strong>Zubeh\u00f6r wie Bettwaren oder Nackenkissen<\/strong>. Sichern Sie sich Ihren erholsamen Schlaf. Wir freuen uns auf Ihren Besuch.<\/p>\n","protected":false},"excerpt":{"rendered":"<p>Traumhafte Vielfalt an Betten 100&#215;200 f\u00fcr erholsamen Schlaf Wenn Sie sich f\u00fcr Betten der Gr\u00f6\u00dfe 100&#215;200 interessieren, haben wir genau das Richtige f\u00fcr Sie. Denn&hellip;<\/p>\n","protected":false},"author":15,"featured_media":0,"parent":0,"menu_order":0,"comment_status":"closed","ping_status":"closed","template":"","meta":{"_links_to":"","_links_to_target":""},"yoast_head":"<!-- This site is optimized with the Yoast SEO plugin v16.0.2 - https:\/\/yoast.com\/wordpress\/plugins\/seo\/ -->\n<title>Betten 100x200 | Traumhafte Qualit\u00e4t | das-matratzen-haus.de<\/title>\n<meta name=\"description\" content=\"Betten 100x200 f\u00fcr gesunden Schlaf. Kompetente Schlafberatung zu Ergonomie, Komfort, Design. Komplett-Service in Ihrem Matratzen- und Betten Haus M\u00fcnchen.\" \/>\n<link rel=\"canonical\" href=\"https:\/\/das-matratzen-haus.de\/lp\/betten-100x200\/\" \/>\n<meta property=\"og:locale\" content=\"de_DE\" \/>\n<meta property=\"og:type\" content=\"article\" \/>\n<meta property=\"og:title\" content=\"Betten 100x200 | Traumhafte Qualit\u00e4t | das-matratzen-haus.de\" \/>\n<meta property=\"og:description\" content=\"Betten 100x200 f\u00fcr gesunden Schlaf. Kompetente Schlafberatung zu Ergonomie, Komfort, Design. Komplett-Service in Ihrem Matratzen- und Betten Haus M\u00fcnchen.\" \/>\n<meta property=\"og:url\" content=\"https:\/\/das-matratzen-haus.de\/lp\/betten-100x200\/\" \/>\n<meta property=\"og:site_name\" content=\"Matratzen- und Bettenhaus M\u00fcnchen\" \/>\n<meta property=\"article:publisher\" content=\"https:\/\/www.facebook.com\/dasmatratzenbettenhausmuenchen\/\" \/>\n<meta property=\"og:image\" content=\"https:\/\/das-matratzen-haus.de\/lp\/wp-content\/uploads\/Alcamo-Wildeiche-KT-Wildeiche-FT-niedrig-mit-Cavo-CMYK-300x185.jpg\" \/>\n<meta name=\"twitter:card\" content=\"summary\" \/>\n<meta name=\"twitter:label1\" content=\"Gesch\u00e4tzte Lesezeit\">\n\t<meta name=\"twitter:data1\" content=\"2\u00a0Minuten\">\n<script type=\"application\/ld+json\" class=\"yoast-schema-graph\">{\"@context\":\"https:\/\/schema.org\",\"@graph\":[{\"@type\":\"WebSite\",\"@id\":\"https:\/\/das-matratzen-haus.de\/lp\/#website\",\"url\":\"https:\/\/das-matratzen-haus.de\/lp\/\",\"name\":\"Matratzen- und Bettenhaus M\\u00fcnchen\",\"description\":\"\",\"potentialAction\":[{\"@type\":\"SearchAction\",\"target\":\"https:\/\/das-matratzen-haus.de\/lp\/?s={search_term_string}\",\"query-input\":\"required name=search_term_string\"}],\"inLanguage\":\"de\"},{\"@type\":\"ImageObject\",\"@id\":\"https:\/\/das-matratzen-haus.de\/lp\/betten-100x200\/#primaryimage\",\"inLanguage\":\"de\",\"url\":\"https:\/\/das-matratzen-haus.de\/lp\/wp-content\/uploads\/Alcamo-Wildeiche-KT-Wildeiche-FT-niedrig-mit-Cavo-CMYK.jpg\",\"width\":1661,\"height\":1024,\"caption\":\"Betten 100x200\"},{\"@type\":\"WebPage\",\"@id\":\"https:\/\/das-matratzen-haus.de\/lp\/betten-100x200\/#webpage\",\"url\":\"https:\/\/das-matratzen-haus.de\/lp\/betten-100x200\/\",\"name\":\"Betten 100x200 | Traumhafte Qualit\\u00e4t | das-matratzen-haus.de\",\"isPartOf\":{\"@id\":\"https:\/\/das-matratzen-haus.de\/lp\/#website\"},\"primaryImageOfPage\":{\"@id\":\"https:\/\/das-matratzen-haus.de\/lp\/betten-100x200\/#primaryimage\"},\"datePublished\":\"2020-06-29T11:59:59+00:00\",\"dateModified\":\"2020-06-29T11:59:59+00:00\",\"description\":\"Betten 100x200 f\\u00fcr gesunden Schlaf. Kompetente Schlafberatung zu Ergonomie, Komfort, Design. Komplett-Service in Ihrem Matratzen- und Betten Haus M\\u00fcnchen.\",\"breadcrumb\":{\"@id\":\"https:\/\/das-matratzen-haus.de\/lp\/betten-100x200\/#breadcrumb\"},\"inLanguage\":\"de\",\"potentialAction\":[{\"@type\":\"ReadAction\",\"target\":[\"https:\/\/das-matratzen-haus.de\/lp\/betten-100x200\/\"]}]},{\"@type\":\"BreadcrumbList\",\"@id\":\"https:\/\/das-matratzen-haus.de\/lp\/betten-100x200\/#breadcrumb\",\"itemListElement\":[{\"@type\":\"ListItem\",\"position\":1,\"item\":{\"@type\":\"WebPage\",\"@id\":\"https:\/\/das-matratzen-haus.de\/lp\/\",\"url\":\"https:\/\/das-matratzen-haus.de\/lp\/\",\"name\":\"Startseite\"}},{\"@type\":\"ListItem\",\"position\":2,\"item\":{\"@type\":\"WebPage\",\"@id\":\"https:\/\/das-matratzen-haus.de\/lp\/betten-100x200\/\",\"url\":\"https:\/\/das-matratzen-haus.de\/lp\/betten-100x200\/\",\"name\":\"Betten 100&#215;200\"}}]}]}<\/script>\n<!-- \/ Yoast SEO plugin. -->","_links":{"self":[{"href":"https:\/\/das-matratzen-haus.de\/lp\/wp-json\/wp\/v2\/pages\/6193"}],"collection":[{"href":"https:\/\/das-matratzen-haus.de\/lp\/wp-json\/wp\/v2\/pages"}],"about":[{"href":"https:\/\/das-matratzen-haus.de\/lp\/wp-json\/wp\/v2\/types\/page"}],"author":[{"embeddable":true,"href":"https:\/\/das-matratzen-haus.de\/lp\/wp-json\/wp\/v2\/users\/15"}],"replies":[{"embeddable":true,"href":"https:\/\/das-matratzen-haus.de\/lp\/wp-json\/wp\/v2\/comments?post=6193"}],"version-history":[{"count":2,"href":"https:\/\/das-matratzen-haus.de\/lp\/wp-json\/wp\/v2\/pages\/6193\/revisions"}],"predecessor-version":[{"id":6195,"href":"https:\/\/das-matratzen-haus.de\/lp\/wp-json\/wp\/v2\/pages\/6193\/revisions\/6195"}],"wp:attachment":[{"href":"https:\/\/das-matratzen-haus.de\/lp\/wp-json\/wp\/v2\/media?parent=6193"}],"curies":[{"name":"wp","href":"https:\/\/api.w.org\/{rel}","templated":true}]}}