{"id":6299,"date":"2020-12-22T13:24:55","date_gmt":"2020-12-22T11:24:55","guid":{"rendered":"https:\/\/das-matratzen-haus.de\/lp\/?page_id=6299"},"modified":"2020-12-22T18:58:32","modified_gmt":"2020-12-22T16:58:32","slug":"betten-200x200","status":"publish","type":"page","link":"https:\/\/das-matratzen-haus.de\/lp\/betten-200x200\/","title":{"rendered":"Betten 200&#215;200"},"content":{"rendered":"<h2>Mit unseren Betten 200&#215;200 bequem und erholsam schlafen<\/h2>\n<p>Gerade f\u00fcr junge Familien sind <strong>Betten 200&#215;200<\/strong> ein wahrer Traum. Aber auch f\u00fcr Paare, die ein solches Platzangebot wahrnehmen k\u00f6nnen oder auch m\u00f6chten, empfinden ein <a title=\"Betten 200x200\" href=\"https:\/\/das-matratzen-haus.de\/lp\/produkte\/\"><strong>gro\u00dfes Ehebett<\/strong><\/a> als sehr entspannend. Denn diese lassen sich nicht nur w\u00e4hrend des Schlafens nutzen! Auch im wachen Zustand sollte ein Bett f\u00fcr verschiedene Aktivit\u00e4ten geeignet sein. Ob Lesen, Fernsehen, Musik h\u00f6ren oder Fr\u00fchst\u00fccken \u2013 unsere Betten bieten Ihnen Entspannung! Fragen Sie uns nach einer <a title=\"Betten 200x200 h\u00f6henverstellbar\" href=\"https:\/\/das-matratzen-haus.de\/lp\/pf\/lattenroste\/\"><strong>elektrischen H\u00f6henverstellung<\/strong><\/a>!<\/p>\n<div id=\"attachment_5873\" style=\"width: 1610px\" class=\"wp-caption aligncenter\"><img aria-describedby=\"caption-attachment-5873\" loading=\"lazy\" class=\"size-full wp-image-5873\" src=\"https:\/\/das-matratzen-haus.de\/lp\/wp-content\/uploads\/header-neu01-1.jpg\" alt=\"Betten 180x200, Betten 200x200,\" width=\"1600\" height=\"417\" \/><p id=\"caption-attachment-5873\" class=\"wp-caption-text\"><strong>Betten 200&#215;200<\/strong><\/p><\/div>\n<h3>Ein gro\u00dfz\u00fcgiges Doppelbett f\u00fcr die gesamte Familie<\/h3>\n<p>Diese gro\u00dfz\u00fcgige Schlafgelegenheit kann vor allem von Eltern genutzt werden, die mit ihrem Baby zusammen schlafen und nachts nicht aufstehen m\u00f6chten, wenn man es stillen oder mit einem Fl\u00e4schchen f\u00fcttern m\u00f6chte. Aber auch kleine Kinder, die sonst in ihrem eigenen Bett n\u00e4chtigen, habend die M\u00f6glichkeit und den Platz, in der Nacht ihre Eltern im Ehebett aufzusuchen und mit ihnen gemeinsam erholsamen Schlaf zu finden.<\/p>\n<h3>Betten 200&#215;200 in verschiedenen Stilen erh\u00e4ltlich<\/h3>\n<p>Selbstverst\u00e4ndlich ist es m\u00f6glich, in unserem Einrichtungshaus das passende Doppelbett zu finden. Genauso, wie es verschiedene Gr\u00f6\u00dfen bei den Betten gibt, kann man auch hier beim Stil zwischen romantisch, futuristisch, klassisch und modern entscheiden. Zum Schaffen einer Familienatmosph\u00e4re empfiehlt sich jedoch ein gro\u00dfes Bett im Landhausstil oder \u00c4hnliches. Wei\u00dfe Farbakzente, kombiniert mit hellem, naturbelassenem oder gestrichenem Holz, sorgen automatisch f\u00fcr eine <strong>harmonische Umgebung<\/strong> und laden unmittelbar zum Wohlf\u00fchlen ein.<\/p>\n<h3>Ein weiterer Vorteil beim Doppelbett<\/h3>\n<p>Je gr\u00f6\u00dfer das Ehebett ist, desto mehr <a title=\"Betten 200x200 \u2013 Ihre Vorteile\" href=\"https:\/\/das-matratzen-haus.de\/lp\/fachberatung\/\"><strong>Platz f\u00fcr Bettk\u00e4sten oder anderweitigen Stauraum<\/strong><\/a> hat man zur Verf\u00fcgung. Da er direkt unter dem Bett ist, nimmt er auch keineswegs mehr Platz im Raum weg. Somit muss man Bettw\u00e4sche, Handt\u00fccher und weitere Wohntextilien nicht in einem Schrank aufbewahren, sondern hat die M\u00f6glichkeit, sie einfach in dem Stauraum der Schlafgelegenheit problemlos unterzubringen. Das ist vor allem sehr sinnvoll, wenn in den vorhandenen Kleiderschr\u00e4nken wenig Platz ist.<\/p>\n<h3>Die passende Matratze w\u00e4hlen<\/h3>\n<p>Zu dem neuen\u00a0<strong>Bett 200 x 200<\/strong>geh\u00f6rt nat\u00fcrlich auch die richtige Matratze. Bei uns haben Sie die Auswahl zwischen Latex-, Kaltschaum-, Viscoschaum-, Gel- und <strong>Federkernmatratzen<\/strong>. F\u00fcr Allergiker haben wir auch Naturmatratzen im Angebot. Schauen Sie sich doch einfach in Ruhe in unserem Bettenhaus um.<\/p>\n","protected":false},"excerpt":{"rendered":"<p>Mit unseren Betten 200&#215;200 bequem und erholsam schlafen Gerade f\u00fcr junge Familien sind Betten 200&#215;200 ein wahrer Traum. Aber auch f\u00fcr Paare, die ein solches&hellip;<\/p>\n","protected":false},"author":15,"featured_media":0,"parent":0,"menu_order":0,"comment_status":"closed","ping_status":"closed","template":"","meta":{"_links_to":"","_links_to_target":""},"yoast_head":"<!-- This site is optimized with the Yoast SEO plugin v16.0.2 - https:\/\/yoast.com\/wordpress\/plugins\/seo\/ -->\n<title>Betten 200x200 | XXL Betten | Individuelle Betten<\/title>\n<meta name=\"description\" content=\"Schlafkompetenz f\u00fcr M\u00fcnchen und Umgebung. In unserem Matratzen- und Bettenhaus finden Sie Betten 200x200 plus individuelle Beratung.\" \/>\n<link rel=\"canonical\" href=\"https:\/\/das-matratzen-haus.de\/lp\/betten-200x200\/\" \/>\n<meta property=\"og:locale\" content=\"de_DE\" \/>\n<meta property=\"og:type\" content=\"article\" \/>\n<meta property=\"og:title\" content=\"Betten 200x200 | XXL Betten | Individuelle Betten\" \/>\n<meta property=\"og:description\" content=\"Schlafkompetenz f\u00fcr M\u00fcnchen und Umgebung. In unserem Matratzen- und Bettenhaus finden Sie Betten 200x200 plus individuelle Beratung.\" \/>\n<meta property=\"og:url\" content=\"https:\/\/das-matratzen-haus.de\/lp\/betten-200x200\/\" \/>\n<meta property=\"og:site_name\" content=\"Matratzen- und Bettenhaus M\u00fcnchen\" \/>\n<meta property=\"article:publisher\" content=\"https:\/\/www.facebook.com\/dasmatratzenbettenhausmuenchen\/\" \/>\n<meta property=\"article:modified_time\" content=\"2020-12-22T16:58:32+00:00\" \/>\n<meta property=\"og:image\" content=\"https:\/\/das-matratzen-haus.de\/lp\/wp-content\/uploads\/header-neu01-1.jpg\" \/>\n<meta name=\"twitter:card\" content=\"summary\" \/>\n<meta name=\"twitter:label1\" content=\"Gesch\u00e4tzte Lesezeit\">\n\t<meta name=\"twitter:data1\" content=\"2\u00a0Minuten\">\n<script type=\"application\/ld+json\" class=\"yoast-schema-graph\">{\"@context\":\"https:\/\/schema.org\",\"@graph\":[{\"@type\":\"WebSite\",\"@id\":\"https:\/\/das-matratzen-haus.de\/lp\/#website\",\"url\":\"https:\/\/das-matratzen-haus.de\/lp\/\",\"name\":\"Matratzen- und Bettenhaus M\\u00fcnchen\",\"description\":\"\",\"potentialAction\":[{\"@type\":\"SearchAction\",\"target\":\"https:\/\/das-matratzen-haus.de\/lp\/?s={search_term_string}\",\"query-input\":\"required name=search_term_string\"}],\"inLanguage\":\"de\"},{\"@type\":\"ImageObject\",\"@id\":\"https:\/\/das-matratzen-haus.de\/lp\/betten-200x200\/#primaryimage\",\"inLanguage\":\"de\",\"url\":\"https:\/\/das-matratzen-haus.de\/lp\/wp-content\/uploads\/header-neu01-1.jpg\"},{\"@type\":\"WebPage\",\"@id\":\"https:\/\/das-matratzen-haus.de\/lp\/betten-200x200\/#webpage\",\"url\":\"https:\/\/das-matratzen-haus.de\/lp\/betten-200x200\/\",\"name\":\"Betten 200x200 | XXL Betten | Individuelle Betten\",\"isPartOf\":{\"@id\":\"https:\/\/das-matratzen-haus.de\/lp\/#website\"},\"primaryImageOfPage\":{\"@id\":\"https:\/\/das-matratzen-haus.de\/lp\/betten-200x200\/#primaryimage\"},\"datePublished\":\"2020-12-22T11:24:55+00:00\",\"dateModified\":\"2020-12-22T16:58:32+00:00\",\"description\":\"Schlafkompetenz f\\u00fcr M\\u00fcnchen und Umgebung. In unserem Matratzen- und Bettenhaus finden Sie Betten 200x200 plus individuelle Beratung.\",\"breadcrumb\":{\"@id\":\"https:\/\/das-matratzen-haus.de\/lp\/betten-200x200\/#breadcrumb\"},\"inLanguage\":\"de\",\"potentialAction\":[{\"@type\":\"ReadAction\",\"target\":[\"https:\/\/das-matratzen-haus.de\/lp\/betten-200x200\/\"]}]},{\"@type\":\"BreadcrumbList\",\"@id\":\"https:\/\/das-matratzen-haus.de\/lp\/betten-200x200\/#breadcrumb\",\"itemListElement\":[{\"@type\":\"ListItem\",\"position\":1,\"item\":{\"@type\":\"WebPage\",\"@id\":\"https:\/\/das-matratzen-haus.de\/lp\/\",\"url\":\"https:\/\/das-matratzen-haus.de\/lp\/\",\"name\":\"Startseite\"}},{\"@type\":\"ListItem\",\"position\":2,\"item\":{\"@type\":\"WebPage\",\"@id\":\"https:\/\/das-matratzen-haus.de\/lp\/betten-200x200\/\",\"url\":\"https:\/\/das-matratzen-haus.de\/lp\/betten-200x200\/\",\"name\":\"Betten 200&#215;200\"}}]}]}<\/script>\n<!-- \/ Yoast SEO plugin. -->","_links":{"self":[{"href":"https:\/\/das-matratzen-haus.de\/lp\/wp-json\/wp\/v2\/pages\/6299"}],"collection":[{"href":"https:\/\/das-matratzen-haus.de\/lp\/wp-json\/wp\/v2\/pages"}],"about":[{"href":"https:\/\/das-matratzen-haus.de\/lp\/wp-json\/wp\/v2\/types\/page"}],"author":[{"embeddable":true,"href":"https:\/\/das-matratzen-haus.de\/lp\/wp-json\/wp\/v2\/users\/15"}],"replies":[{"embeddable":true,"href":"https:\/\/das-matratzen-haus.de\/lp\/wp-json\/wp\/v2\/comments?post=6299"}],"version-history":[{"count":4,"href":"https:\/\/das-matratzen-haus.de\/lp\/wp-json\/wp\/v2\/pages\/6299\/revisions"}],"predecessor-version":[{"id":6305,"href":"https:\/\/das-matratzen-haus.de\/lp\/wp-json\/wp\/v2\/pages\/6299\/revisions\/6305"}],"wp:attachment":[{"href":"https:\/\/das-matratzen-haus.de\/lp\/wp-json\/wp\/v2\/media?parent=6299"}],"curies":[{"name":"wp","href":"https:\/\/api.w.org\/{rel}","templated":true}]}}